{"id":1087,"date":"2018-10-25T09:04:09","date_gmt":"2018-10-25T07:04:09","guid":{"rendered":"http:\/\/sp91krakow.pl\/sp91\/?page_id=1087"},"modified":"2022-12-07T09:14:53","modified_gmt":"2022-12-07T08:14:53","slug":"wolontariat","status":"publish","type":"page","link":"http:\/\/sp91krakow.pl\/sp91\/dla-uczniow\/wolontariat\/","title":{"rendered":"Wolontariat"},"content":{"rendered":"<p><span style=\"color: #000000; font-size: 24px;\"><strong>Regulamin wolontariatu: <\/strong><\/span><a href=\"http:\/\/sp91krakow.pl\/sp91\/wp-content\/uploads\/2022\/11\/Regulamin-SKW-Pomocny-Dyzio.docx.docx.pdf\"><span style=\"color: #339966; font-size: 24px;\"><strong>Regulamin SKW Pomocny Dyzio<\/strong><\/span><\/a><\/p>\n<p>&nbsp;<\/p>\n<p style=\"text-align: center;\"><span style=\"font-size: 28px;\"><strong>AKTUALNO\u015aCI DZIA\u0141A\u0143 WOLONTARYSTYCZNYCH:<\/strong><\/span><\/p>\n<p style=\"text-align: center;\"><a href=\"http:\/\/sp91krakow.pl\/sp91\/category\/wolontariat\/\"><span style=\"font-size: 28px;\"><strong>kliknij tutaj<\/strong><\/span><\/a><\/p>\n<p style=\"text-align: center;\">lub naci\u015bnij obrazek<\/p>\n<p style=\"text-align: center;\"><a href=\"http:\/\/sp91krakow.pl\/sp91\/wp-content\/uploads\/2022\/10\/SERCE.jpeg\"><\/a><a href=\"http:\/\/sp91krakow.pl\/sp91\/category\/wolontariat\/\"><img fetchpriority=\"high\" decoding=\"async\" class=\"aligncenter wp-image-7146 size-full\" src=\"http:\/\/sp91krakow.pl\/sp91\/wp-content\/uploads\/2022\/10\/SERCE.jpeg\" width=\"716\" height=\"495\" srcset=\"http:\/\/sp91krakow.pl\/sp91\/wp-content\/uploads\/2022\/10\/SERCE.jpeg 716w, http:\/\/sp91krakow.pl\/sp91\/wp-content\/uploads\/2022\/10\/SERCE-300x207.jpeg 300w\" sizes=\"(max-width: 716px) 100vw, 716px\" \/><\/a><\/p>\n<p><strong>Opiekunk\u0105 szkolnego wolontariatu jest p. Urszula Drajewicz<\/strong><\/p>\n","protected":false},"excerpt":{"rendered":"<p>Regulamin wolontariatu: Regulamin SKW Pomocny Dyzio &nbsp; AKTUALNO\u015aCI DZIA\u0141A\u0143 WOLONTARYSTYCZNYCH: kliknij tutaj lub naci\u015bnij obrazek Opiekunk\u0105 szkolnego wolontariatu jest p. Urszula Drajewicz<\/p>\n","protected":false},"author":1,"featured_media":0,"parent":115,"menu_order":0,"comment_status":"closed","ping_status":"closed","template":"","meta":{"rop_custom_images_group":[],"rop_custom_messages_group":[],"rop_publish_now":"initial","rop_publish_now_accounts":[],"rop_publish_now_history":[],"rop_publish_now_status":"pending","footnotes":""},"class_list":["post-1087","page","type-page","status-publish","hentry"],"_links":{"self":[{"href":"http:\/\/sp91krakow.pl\/sp91\/wp-json\/wp\/v2\/pages\/1087","targetHints":{"allow":["GET"]}}],"collection":[{"href":"http:\/\/sp91krakow.pl\/sp91\/wp-json\/wp\/v2\/pages"}],"about":[{"href":"http:\/\/sp91krakow.pl\/sp91\/wp-json\/wp\/v2\/types\/page"}],"author":[{"embeddable":true,"href":"http:\/\/sp91krakow.pl\/sp91\/wp-json\/wp\/v2\/users\/1"}],"replies":[{"embeddable":true,"href":"http:\/\/sp91krakow.pl\/sp91\/wp-json\/wp\/v2\/comments?post=1087"}],"version-history":[{"count":12,"href":"http:\/\/sp91krakow.pl\/sp91\/wp-json\/wp\/v2\/pages\/1087\/revisions"}],"predecessor-version":[{"id":7699,"href":"http:\/\/sp91krakow.pl\/sp91\/wp-json\/wp\/v2\/pages\/1087\/revisions\/7699"}],"up":[{"embeddable":true,"href":"http:\/\/sp91krakow.pl\/sp91\/wp-json\/wp\/v2\/pages\/115"}],"wp:attachment":[{"href":"http:\/\/sp91krakow.pl\/sp91\/wp-json\/wp\/v2\/media?parent=1087"}],"curies":[{"name":"wp","href":"https:\/\/api.w.org\/{rel}","templated":true}]}}