{"id":11323,"date":"2024-08-21T12:21:27","date_gmt":"2024-08-21T10:21:27","guid":{"rendered":"http:\/\/sp91krakow.pl\/sp91\/?page_id=11323"},"modified":"2024-10-16T15:07:15","modified_gmt":"2024-10-16T13:07:15","slug":"standardy-ochrony-maloletnich","status":"publish","type":"page","link":"http:\/\/sp91krakow.pl\/sp91\/dokumenty\/standardy-ochrony-maloletnich\/","title":{"rendered":"Standardy Ochrony Ma\u0142oletnich"},"content":{"rendered":"<p style=\"text-align: justify;\"><span style=\"font-size: 18px; color: #000000;\">Standardy ochrony ma\u0142oletnich to zbi\u00f3r zasad, kt\u00f3re stawiaj\u0105 ochron\u0119 dziecka w centrum dzia\u0142a\u0144 i warto\u015bci szko\u0142y i tym samym pomagaj\u0105 tworzy\u0107 bezpieczne, wolne od przemocy i przyjazne \u015brodowisko we wszystkich podmiotach dzia\u0142aj\u0105cych na rzecz dzieci.<\/span><\/p>\n<p style=\"text-align: justify;\"><span style=\"color: #ff0000;\"><strong>Poni\u017cej, zamieszczone s\u0105 pliki do pobrania w dw\u00f3ch wersjach: pe\u0142nej i skr\u00f3conej &#8211; dla uczni\u00f3w.<\/strong><\/span><\/p>\n<p style=\"text-align: justify;\"><span style=\"color: #000000; font-size: 18px;\">Szko\u0142a Podstawowa nr 91 im. Janusza Kusoci\u0144skiego w Krakowie realizuje standardy ochrony ma\u0142oletnich poprzez staranne przestrzeganie kilku kluczowych zasad. Przede wszystkim, nie zatrudnia os\u00f3b, kt\u00f3re mog\u0142yby stanowi\u0107 zagro\u017cenie dla bezpiecze\u0144stwa dzieci. Ka\u017cdy pracownik posiada wiedz\u0119 na temat rozpoznawania symptom\u00f3w krzywdzenia oraz potrafi podj\u0105\u0107 odpowiednie dzia\u0142ania w przypadku podejrzenia, \u017ce dziecko jest ofiar\u0105 przemocy, zar\u00f3wno w szkole, jak i w rodzinie.<\/span><\/p>\n<p style=\"text-align: justify;\"><span style=\"color: #000000; font-size: 18px;\">Dzieci s\u0105 systematycznie edukowane, jak unika\u0107 zagro\u017ce\u0144 w kontaktach z doros\u0142ymi i r\u00f3wie\u015bnikami, zar\u00f3wno w codziennym \u017cyciu, jak i w Internecie. Szko\u0142a zapewnia r\u00f3wnie\u017c sta\u0142y dost\u0119p do informacji, gdzie uczniowie mog\u0105 szuka\u0107 pomocy w trudnych sytuacjach \u017cyciowych. Dodatkowo, rodzice i opiekunowie s\u0105 wspierani w rozwijaniu umiej\u0119tno\u015bci wychowywania dzieci bez u\u017cycia przemocy oraz w nauczaniu ich zasad bezpiecze\u0144stwa.<\/span><\/p>\n<p>&nbsp;<\/p>\n<p><span style=\"font-size: 22px; color: #339966;\"><strong>Pliki do pobrania:<\/strong><\/span><\/p>\n<ul>\n<li><a href=\"http:\/\/sp91krakow.pl\/sp91\/wp-content\/uploads\/2024\/08\/Standarty-wersja-DLUGA.pdf\" rel=\"noopener\">Standardy<\/a><\/li>\n<li><a href=\"http:\/\/sp91krakow.pl\/sp91\/wp-content\/uploads\/2024\/08\/Standarty-wersia-KROTKA-1.pdf\">Standardy &#8211; dla ucznia<\/a><\/li>\n<\/ul>\n<p><span style=\"font-size: 22px; color: #993366;\"><strong>Formularze:<\/strong><\/span><\/p>\n<ul>\n<li><a href=\"http:\/\/sp91krakow.pl\/sp91\/wp-content\/uploads\/2024\/10\/Karta-interwencji-standardy-ochrony.docx\">Karta interwencji &#8211; standardy ochrony (wersja edytowalna)<\/a><\/li>\n<li><a href=\"http:\/\/sp91krakow.pl\/sp91\/wp-content\/uploads\/2024\/10\/Karta-interwencji-standardy-ochrony.pdf\">Karta interwencji &#8211; standardy ochrony (wersja do druku)<\/a><\/li>\n<li><a href=\"http:\/\/sp91krakow.pl\/sp91\/wp-content\/uploads\/2024\/10\/NOTATKA-SLUZBOWA.docx\">NOTATKA S\u0141U\u017bBOWA (wersja edytowalna)<\/a><\/li>\n<li><a href=\"http:\/\/sp91krakow.pl\/sp91\/wp-content\/uploads\/2024\/10\/NOTATKA-SLUZBOWA.pdf\">NOTATKA S\u0141U\u017bBOWA (wersja do druku)<\/a><\/li>\n<\/ul>\n","protected":false},"excerpt":{"rendered":"<p>Standardy ochrony ma\u0142oletnich to zbi\u00f3r zasad, kt\u00f3re stawiaj\u0105 ochron\u0119 dziecka w centrum dzia\u0142a\u0144 i warto\u015bci szko\u0142y i tym samym pomagaj\u0105 tworzy\u0107 bezpieczne, wolne od przemocy i przyjazne \u015brodowisko we wszystkich podmiotach dzia\u0142aj\u0105cych na rzecz dzieci. Poni\u017cej, zamieszczone s\u0105 pliki do pobrania w dw\u00f3ch wersjach: pe\u0142nej i skr\u00f3conej &#8211; dla uczni\u00f3w. Szko\u0142a Podstawowa nr 91 im.&hellip; <br \/> <a class=\"read-more\" href=\"http:\/\/sp91krakow.pl\/sp91\/dokumenty\/standardy-ochrony-maloletnich\/\">Dowiedz si\u0119 wi\u0119cej<\/a><\/p>\n","protected":false},"author":1,"featured_media":0,"parent":137,"menu_order":0,"comment_status":"closed","ping_status":"closed","template":"page-templates\/page-with-right-sidebar.php","meta":{"rop_custom_images_group":[],"rop_custom_messages_group":[],"rop_publish_now":"initial","rop_publish_now_accounts":[],"rop_publish_now_history":[],"rop_publish_now_status":"pending","footnotes":""},"class_list":["post-11323","page","type-page","status-publish","hentry"],"_links":{"self":[{"href":"http:\/\/sp91krakow.pl\/sp91\/wp-json\/wp\/v2\/pages\/11323","targetHints":{"allow":["GET"]}}],"collection":[{"href":"http:\/\/sp91krakow.pl\/sp91\/wp-json\/wp\/v2\/pages"}],"about":[{"href":"http:\/\/sp91krakow.pl\/sp91\/wp-json\/wp\/v2\/types\/page"}],"author":[{"embeddable":true,"href":"http:\/\/sp91krakow.pl\/sp91\/wp-json\/wp\/v2\/users\/1"}],"replies":[{"embeddable":true,"href":"http:\/\/sp91krakow.pl\/sp91\/wp-json\/wp\/v2\/comments?post=11323"}],"version-history":[{"count":29,"href":"http:\/\/sp91krakow.pl\/sp91\/wp-json\/wp\/v2\/pages\/11323\/revisions"}],"predecessor-version":[{"id":13044,"href":"http:\/\/sp91krakow.pl\/sp91\/wp-json\/wp\/v2\/pages\/11323\/revisions\/13044"}],"up":[{"embeddable":true,"href":"http:\/\/sp91krakow.pl\/sp91\/wp-json\/wp\/v2\/pages\/137"}],"wp:attachment":[{"href":"http:\/\/sp91krakow.pl\/sp91\/wp-json\/wp\/v2\/media?parent=11323"}],"curies":[{"name":"wp","href":"https:\/\/api.w.org\/{rel}","templated":true}]}}