{"id":12290,"date":"2024-09-09T18:39:00","date_gmt":"2024-09-09T16:39:00","guid":{"rendered":"http:\/\/sp91krakow.pl\/sp91\/?page_id=12290"},"modified":"2024-09-09T18:39:00","modified_gmt":"2024-09-09T16:39:00","slug":"e-legitymacja","status":"publish","type":"page","link":"http:\/\/sp91krakow.pl\/sp91\/dokumenty\/e-legitymacja\/","title":{"rendered":"E-legitymacja"},"content":{"rendered":"<p style=\"text-align: justify;\"><span style=\"color: #000000; font-size: 18px;\">Szanowni Pa\u0144stwo,<\/span><\/p>\n<p style=\"text-align: justify;\"><span style=\"color: #000000; font-size: 18px;\">Zgodnie z Rozporz\u0105dzeniem Ministra Edukacji\u00a0 w tym roku szkolnym zosta\u0142y wprowadzone\u00a0 e-legitymacje w formie plastikowych kart z hologramem.<\/span><\/p>\n<p style=\"text-align: justify;\"><span style=\"color: #000000; font-size: 18px;\">W zwi\u0105zku z tym przesy\u0142am wymagania dotycz\u0105ce zdj\u0119\u0107, kt\u00f3re b\u0119d\u0105 wykorzystane do wydrukowania legitymacji (dla nowych uczni\u00f3w) lub jej duplikatu (oczywi\u015bcie po dokonanej wp\u0142acie i wype\u0142nieniu formularza).<\/span><\/p>\n<p style=\"text-align: justify;\"><span style=\"font-size: 18px;\"><span style=\"color: #000000;\">Zdj\u0119cia w formie <strong>TYLKO<\/strong>! elektronicznej prosz\u0119 przesy\u0142a\u0107 na adres mailowy:<\/span> <a href=\"mailto:sekretariat@zsos1.pl\">sekretariat@zsos1.pl<\/a> <span style=\"color: #000000;\">wpisuj\u0105c imi\u0119 i nazwisko dziecka oraz koniecznie klas\u0119, do kt\u00f3rej dziecko ucz\u0119szcza.<\/span><\/span><\/p>\n<p style=\"text-align: justify;\"><span style=\"color: #000000; font-size: 18px;\">W przypadku dostarczenia zdj\u0119cia niezgodnego z wymaganiami legitymacje nie b\u0119d\u0105 wystawiane<\/span><\/p>\n<p style=\"text-align: justify;\">\u00a0<\/p>\n<p style=\"text-align: justify;\"><span style=\"color: #000000; font-size: 18px;\">\u00a0 <strong>WYMAGANIA DOTYCZ\u0104CE ZDJ\u0118CIA DO eLEGITYMACJI<\/strong><\/span><\/p>\n<p style=\"text-align: justify;\"><span style=\"color: #ff0000; font-size: 18px;\"><strong>Zdj\u0119cie w postaci cyfrowej musi posiada\u0107 rozszerzenie jpg, nie wi\u0119ksze ni\u017c 5MB, MINIMALN\u0104 ROZDZIELCZO\u015a\u0106 300DPI ORAZ WYMIARY 496px WYSOKO\u015a\u0106 X 354px SZEROKO\u015a\u0106.<\/strong> <\/span><\/p>\n<p style=\"text-align: justify;\"><span style=\"color: #000000; font-size: 18px;\"><strong>Pozosta\u0142e wymagania\u00a0 dotycz\u0105ce wizerunku pozostaj\u0105 bez zmian.<\/strong><\/span><\/p>\n<p>&nbsp;<\/p>\n<p><span style=\"color: #008000; font-size: 18px;\"><strong>Pliki do pobrania:<\/strong><\/span><\/p>\n<ul>\n<li><span style=\"font-size: 18px;\"><a href=\"http:\/\/sp91krakow.pl\/sp91\/wp-content\/uploads\/2024\/09\/duplikat-elegitymacja.docx\">Formularz<\/a><\/span><\/li>\n<\/ul>\n<p style=\"text-align: justify;\">\u00a0<\/p>\n<p style=\"text-align: justify;\">\u00a0<\/p>\n","protected":false},"excerpt":{"rendered":"<p>Szanowni Pa\u0144stwo, Zgodnie z Rozporz\u0105dzeniem Ministra Edukacji\u00a0 w tym roku szkolnym zosta\u0142y wprowadzone\u00a0 e-legitymacje w formie plastikowych kart z hologramem. W zwi\u0105zku z tym przesy\u0142am wymagania dotycz\u0105ce zdj\u0119\u0107, kt\u00f3re b\u0119d\u0105 wykorzystane do wydrukowania legitymacji (dla nowych uczni\u00f3w) lub jej duplikatu (oczywi\u015bcie po dokonanej wp\u0142acie i wype\u0142nieniu formularza). Zdj\u0119cia w formie TYLKO! elektronicznej prosz\u0119 przesy\u0142a\u0107 na&hellip; <br \/> <a class=\"read-more\" href=\"http:\/\/sp91krakow.pl\/sp91\/dokumenty\/e-legitymacja\/\">Dowiedz si\u0119 wi\u0119cej<\/a><\/p>\n","protected":false},"author":1,"featured_media":0,"parent":137,"menu_order":0,"comment_status":"closed","ping_status":"closed","template":"page-templates\/page-with-right-sidebar.php","meta":{"rop_custom_images_group":[],"rop_custom_messages_group":[],"rop_publish_now":"initial","rop_publish_now_accounts":[],"rop_publish_now_history":[],"rop_publish_now_status":"pending","footnotes":""},"class_list":["post-12290","page","type-page","status-publish","hentry"],"_links":{"self":[{"href":"http:\/\/sp91krakow.pl\/sp91\/wp-json\/wp\/v2\/pages\/12290","targetHints":{"allow":["GET"]}}],"collection":[{"href":"http:\/\/sp91krakow.pl\/sp91\/wp-json\/wp\/v2\/pages"}],"about":[{"href":"http:\/\/sp91krakow.pl\/sp91\/wp-json\/wp\/v2\/types\/page"}],"author":[{"embeddable":true,"href":"http:\/\/sp91krakow.pl\/sp91\/wp-json\/wp\/v2\/users\/1"}],"replies":[{"embeddable":true,"href":"http:\/\/sp91krakow.pl\/sp91\/wp-json\/wp\/v2\/comments?post=12290"}],"version-history":[{"count":9,"href":"http:\/\/sp91krakow.pl\/sp91\/wp-json\/wp\/v2\/pages\/12290\/revisions"}],"predecessor-version":[{"id":12301,"href":"http:\/\/sp91krakow.pl\/sp91\/wp-json\/wp\/v2\/pages\/12290\/revisions\/12301"}],"up":[{"embeddable":true,"href":"http:\/\/sp91krakow.pl\/sp91\/wp-json\/wp\/v2\/pages\/137"}],"wp:attachment":[{"href":"http:\/\/sp91krakow.pl\/sp91\/wp-json\/wp\/v2\/media?parent=12290"}],"curies":[{"name":"wp","href":"https:\/\/api.w.org\/{rel}","templated":true}]}}