{"id":13278,"date":"2024-10-22T15:16:45","date_gmt":"2024-10-22T13:16:45","guid":{"rendered":"http:\/\/sp91krakow.pl\/sp91\/?page_id=13278"},"modified":"2026-02-02T14:50:15","modified_gmt":"2026-02-02T13:50:15","slug":"rozpocznij-nauke-z-matematyki","status":"publish","type":"page","link":"http:\/\/sp91krakow.pl\/sp91\/rozpocznij-nauke-z-matematyki\/","title":{"rendered":"Rozpocznij nauk\u0119 z matematyki"},"content":{"rendered":"\t\t<div data-elementor-type=\"wp-page\" data-elementor-id=\"13278\" class=\"elementor elementor-13278\">\n\t\t\t\t<div class=\"elementor-element elementor-element-2ee226b e-flex e-con-boxed e-con e-parent\" data-id=\"2ee226b\" data-element_type=\"container\" data-e-type=\"container\">\n\t\t\t\t\t<div class=\"e-con-inner\">\n\t\t\t\t<div class=\"elementor-element elementor-element-dbf7211 elementor-widget elementor-widget-html\" data-id=\"dbf7211\" data-element_type=\"widget\" data-e-type=\"widget\" data-widget_type=\"html.default\">\n\t\t\t\t<div class=\"elementor-widget-container\">\n\t\t\t\t\t<div style=\"border: 2px solid #e6e6e6; border-radius: 10px; padding: 20px; max-width: 600px; background-color: #ffffff; font-family: Arial, sans-serif;\">\r\n  \r\n  <h3 style=\"margin-top: 0; color: #2b2b2b;\">\r\n    \ud83d\udcd8 Bezp\u0142atne powt\u00f3rki do egzaminu \u00f3smoklasisty z matematyki\r\n  <\/h3>\r\n\r\n  <p style=\"color: #333333; line-height: 1.5;\">\r\n    Polecamy <strong>bezp\u0142atny kurs e-mail \u201ePrzygotuj si\u0119 do egzaminu z Pi-stacj\u0105\u201d.<\/strong>\r\n  <\/p>\r\n\r\n  <ul style=\"color: #333333; line-height: 1.5; padding-left: 20px;\">\r\n    <li>11 tygodni systematycznych powt\u00f3rek<\/li>\r\n    <li>2 wiadomo\u015bci e-mail tygodniowo (\u0142\u0105cznie 22)<\/li>\r\n    <li>mini-testy, \u0107wiczenia i listy kluczowych umiej\u0119tno\u015bci<\/li>\r\n    <li>linki do film\u00f3w edukacyjnych Pi-stacji<\/li>\r\n    <li>przygotowanie do pr\u00f3bnego egzaminu \u00f3smoklasisty 2026<\/li>\r\n  <\/ul>\r\n\r\n  <p style=\"color: #333333; line-height: 1.5;\">\r\n    \ud83d\udcc5 Zalecany zapis <strong>przed pocz\u0105tkiem marca 2026<\/strong> \u2013 po tym terminie kurs dost\u0119pny\r\n    b\u0119dzie w formule \u201elast minute\u201d.\r\n  <\/p>\r\n\r\n \r\n  <a href=\"https:\/\/pistacja.tv\/kurs-osmoklasisty\" target=\"_blank\"\r\n     style=\"display: inline-block; margin-top: 10px; padding: 10px 16px;\r\n            background-color: #4CAF50; color: #ffffff; text-decoration: none;\r\n            border-radius: 6px; font-weight: bold;\">\r\n    Sprawd\u017a szczeg\u00f3\u0142y i zapisz si\u0119\r\n  <\/a>\r\n\r\n<\/div>\r\n\t\t\t\t<\/div>\n\t\t\t\t<\/div>\n\t\t\t\t\t<\/div>\n\t\t\t\t<\/div>\n\t\t<div class=\"elementor-element elementor-element-5fb5c43 e-flex e-con-boxed e-con e-parent\" data-id=\"5fb5c43\" data-element_type=\"container\" data-e-type=\"container\">\n\t\t\t\t\t<div class=\"e-con-inner\">\n\t\t\t\t<div class=\"elementor-element elementor-element-15683a7 elementor-widget elementor-widget-html\" data-id=\"15683a7\" data-element_type=\"widget\" data-e-type=\"widget\" data-widget_type=\"html.default\">\n\t\t\t\t<div class=\"elementor-widget-container\">\n\t\t\t\t\t<!DOCTYPE html>\r\n<html lang=\"pl\">\r\n<head>\r\n    <meta charset=\"UTF-8\">\r\n    <meta name=\"viewport\" content=\"width=device-width, initial-scale=1.0\">\r\n    <title>WEBINARY Z POWT\u00d3RKAMI - Pi-stacja<\/title>\r\n    <style>\r\n        body {\r\n            font-family: Arial, sans-serif;\r\n            margin: 0;\r\n            padding: 0;\r\n            background-color: #f4f4f4;\r\n        }\r\n\r\n        .container {\r\n            width: 80%;\r\n            margin: 0 auto;\r\n            padding: 20px;\r\n        }\r\n\r\n        .title {\r\n            color: #125658;\r\n            font-size: 2em;\r\n            margin-bottom: 20px;\r\n        }\r\n\r\n        .menu {\r\n            display: flex;\r\n            flex-wrap: wrap;\r\n            justify-content: space-between;\r\n        }\r\n\r\n        .menu button {\r\n            width: 48%;\r\n            padding: 10px;\r\n            margin: 10px 0;\r\n            background-color: #125658;\r\n            color: white;\r\n            border: none;\r\n            border-radius: 5px;\r\n            cursor: pointer;\r\n            font-size: 1em;\r\n            transition: background-color 0.3s;\r\n        }\r\n\r\n        .menu button:hover {\r\n            background-color: #0f3b42;\r\n        }\r\n    <\/style>\r\n<\/head>\r\n<body>\r\n\r\n    <div class=\"container\">\r\n        <div class=\"title\">WEBINARY Z POWT\u00d3RKAMI ---> Pi-stacja<\/div>\r\n\r\n        <div class=\"menu\">\r\n            <button onclick=\"window.open('https:\/\/pistacja.tv\/webinar\/egzmat2022web-01-liczby-naturalne-calkowite-ulamki', '_blank')\">Liczby naturalne, ca\u0142kowite, u\u0142amki<\/button>\r\n            <button onclick=\"window.open('https:\/\/pistacja.tv\/webinar\/egzmat2022web-02-potegi-i-pierwiastki', '_blank')\">Pot\u0119gi i pierwiastki<\/button>\r\n\r\n            <button onclick=\"window.open('https:\/\/pistacja.tv\/webinar\/egzmat2022web-03-wyrazenia-algebraiczne', '_blank')\">Wyra\u017cenia algebraiczne<\/button>\r\n            <button onclick=\"window.open('https:\/\/pistacja.tv\/webinar\/egzmat2022web-04-rownania-z-jedna-niewiadoma-proporcjonalnosc-prosta', '_blank')\">R\u00f3wnania z jedn\u0105 niewiadom\u0105, proporcjonalno\u015b\u0107 prosta<\/button>\r\n\r\n            <button onclick=\"window.open('https:\/\/pistacja.tv\/webinar\/egzmat2022web-05-obliczenia-praktyczne-wprowadzenie-do-statystyki-kombinatoryki-i-prawdopodobienstwa', '_blank')\">Obliczenia praktyczne, wprowadzenie do statystyki, kombinatoryki i prawdopodobie\u0144stwa<\/button>\r\n            <button onclick=\"window.open('https:\/\/pistacja.tv\/webinar\/egzmat2022web-06-obliczenia-procentowe', '_blank')\">Obliczenia procentowe<\/button>\r\n\r\n            <button onclick=\"window.open('https:\/\/pistacja.tv\/webinar\/egzmat2022web-07-figury-na-plaszczyznie', '_blank')\">Figury na p\u0142aszczy\u017anie<\/button>\r\n            <button onclick=\"window.open('https:\/\/pistacja.tv\/webinar\/egzmat2022web-08-bryly', '_blank')\">Bry\u0142y<\/button>\r\n        <\/div>\r\n    <\/div>\r\n\r\n<\/body>\r\n<\/html>\r\n\t\t\t\t<\/div>\n\t\t\t\t<\/div>\n\t\t\t\t<div class=\"elementor-element elementor-element-813deda elementor-widget-divider--separator-type-pattern elementor-widget-divider--no-spacing elementor-widget-divider--view-line elementor-widget elementor-widget-divider\" data-id=\"813deda\" data-element_type=\"widget\" data-e-type=\"widget\" data-widget_type=\"divider.default\">\n\t\t\t\t<div class=\"elementor-widget-container\">\n\t\t\t\t\t\t\t<div class=\"elementor-divider\" style=\"--divider-pattern-url: url(&quot;data:image\/svg+xml,%3Csvg xmlns=&#039;http:\/\/www.w3.org\/2000\/svg&#039; preserveAspectRatio=&#039;xMidYMid meet&#039; overflow=&#039;visible&#039; height=&#039;100%&#039; viewBox=&#039;0 0 121 26&#039; fill=&#039;black&#039; stroke=&#039;none&#039;%3E%3Cpath d=&#039;M29.6,10.3l2.1,2.2l-3.6,3.3h7v2.9h-7l3.6,3.5l-2.1,1.7l-5.2-5.2h-5.8v-2.9h5.8L29.6,10.3z M70.9,9.6l2.1,1.7l-3.6,3.5h7v2.9h-7l3.6,3.3l-2.1,2.2l-5.2-5.5h-5.8v-2.9h5.8L70.9,9.6z M111.5,9.6l2.1,1.7l-3.6,3.5h7v2.9h-7l3.6,3.3l-2.1,2.2l-5.2-5.5h-5.8v-2.9h5.8L111.5,9.6z M50.2,2.7l2.1,1.7l-3.6,3.5h7v2.9h-7l3.6,3.3l-2.1,2.2L45,10.7h-5.8V7.9H45L50.2,2.7z M11,2l2.1,1.7L9.6,7.2h7V10h-7l3.6,3.3L11,15.5L5.8,10H0V7.2h5.8L11,2z M91.5,2l2.1,2.2l-3.6,3.3h7v2.9h-7l3.6,3.5l-2.1,1.7l-5.2-5.2h-5.8V7.5h5.8L91.5,2z&#039;\/%3E%3C\/svg%3E&quot;);\">\n\t\t\t<span class=\"elementor-divider-separator\">\n\t\t\t\t\t\t<\/span>\n\t\t<\/div>\n\t\t\t\t\t\t<\/div>\n\t\t\t\t<\/div>\n\t\t\t\t\t<\/div>\n\t\t\t\t<\/div>\n\t\t<div class=\"elementor-element elementor-element-deab218 e-flex e-con-boxed e-con e-parent\" data-id=\"deab218\" data-element_type=\"container\" data-e-type=\"container\">\n\t\t\t\t\t<div class=\"e-con-inner\">\n\t\t\t\t<div class=\"elementor-element elementor-element-14fee25 elementor-view-default elementor-position-block-start elementor-mobile-position-block-start elementor-widget elementor-widget-icon-box\" data-id=\"14fee25\" data-element_type=\"widget\" data-e-type=\"widget\" data-widget_type=\"icon-box.default\">\n\t\t\t\t<div class=\"elementor-widget-container\">\n\t\t\t\t\t\t\t<div class=\"elementor-icon-box-wrapper\">\n\n\t\t\t\t\t\t<div class=\"elementor-icon-box-icon\">\n\t\t\t\t<span  class=\"elementor-icon\">\n\t\t\t\t<svg aria-hidden=\"true\" class=\"e-font-icon-svg e-far-file-alt\" viewBox=\"0 0 384 512\" xmlns=\"http:\/\/www.w3.org\/2000\/svg\"><path d=\"M288 248v28c0 6.6-5.4 12-12 12H108c-6.6 0-12-5.4-12-12v-28c0-6.6 5.4-12 12-12h168c6.6 0 12 5.4 12 12zm-12 72H108c-6.6 0-12 5.4-12 12v28c0 6.6 5.4 12 12 12h168c6.6 0 12-5.4 12-12v-28c0-6.6-5.4-12-12-12zm108-188.1V464c0 26.5-21.5 48-48 48H48c-26.5 0-48-21.5-48-48V48C0 21.5 21.5 0 48 0h204.1C264.8 0 277 5.1 286 14.1L369.9 98c9 8.9 14.1 21.2 14.1 33.9zm-128-80V128h76.1L256 51.9zM336 464V176H232c-13.3 0-24-10.7-24-24V48H48v416h288z\"><\/path><\/svg>\t\t\t\t<\/span>\n\t\t\t<\/div>\n\t\t\t\n\t\t\t\t\t\t<div class=\"elementor-icon-box-content\">\n\n\t\t\t\t\t\t\t\t\t<h3 class=\"elementor-icon-box-title\">\n\t\t\t\t\t\t<span  >\n\t\t\t\t\t\t\tArkusze egzamin\u00f3w z matematyki\t\t\t\t\t\t<\/span>\n\t\t\t\t\t<\/h3>\n\t\t\t\t\n\t\t\t\t\n\t\t\t<\/div>\n\t\t\t\n\t\t<\/div>\n\t\t\t\t\t\t<\/div>\n\t\t\t\t<\/div>\n\t\t\t\t<div class=\"elementor-element elementor-element-fbd076e elementor-widget elementor-widget-html\" data-id=\"fbd076e\" data-element_type=\"widget\" data-e-type=\"widget\" data-widget_type=\"html.default\">\n\t\t\t\t<div class=\"elementor-widget-container\">\n\t\t\t\t\t<!DOCTYPE html>\r\n<html lang=\"pl-PL\">\r\n<head>\r\n    <meta charset=\"UTF-8\">\r\n    <meta name=\"viewport\" content=\"width=device-width, initial-scale=1.0\">\r\n    <style>\r\n        body {\r\n            font-family: 'Arial', sans-serif;\r\n            background-color: #f4f7fc;\r\n            margin: 0;\r\n            padding: 0;\r\n        }\r\n        header {\r\n            background-color: #e7dae7;\r\n            color: white;\r\n            text-align: center;\r\n            padding: 20px;\r\n        }\r\n        header h1 {\r\n            margin: 0;\r\n            font-size: 2.5em;\r\n        }\r\n        .container {\r\n            width: 80%;\r\n            margin: 20px auto;\r\n        }\r\n        .card {\r\n            background-color: white;\r\n            box-shadow: 0 2px 6px rgba(0, 0, 0, 0.1);\r\n            margin-bottom: 20px;\r\n            border-radius: 8px;\r\n            overflow: hidden;\r\n            transition: transform 0.3s ease;\r\n        }\r\n        .card:hover {\r\n            transform: scale(1.05);\r\n        }\r\n        .card-header {\r\n            background-color: #1a2530;\r\n            color: white;\r\n            padding: 10px 20px;\r\n        }\r\n        .card-body {\r\n            padding: 15px;\r\n        }\r\n        .card-body a {\r\n            text-decoration: none;\r\n            color: #2e3a59;\r\n            font-size: 1.1em;\r\n            display: block;\r\n            margin: 10px 0;\r\n            transition: color 0.3s ease;\r\n        }\r\n        .card-body a:hover {\r\n            color: #f39c12;\r\n        }\r\n        .answers-link {\r\n            color: #2e3a59;\r\n            font-size: 1em;\r\n            margin-top: 10px;\r\n            display: block;\r\n        }\r\n        .answers-link:hover {\r\n            color: #f39c12;\r\n        }\r\n        footer {\r\n            background-color: #2e3a59;\r\n            color: white;\r\n            text-align: center;\r\n            padding: 10px;\r\n            position: fixed;\r\n            bottom: 0;\r\n            width: 100%;\r\n        }\r\n    <\/style>\r\n<\/head>\r\n<body>\r\n\r\n\r\n<div class=\"container\">\r\n    <div class=\"card\">\r\n        <div class=\"card-header\">Arkusz 1 - Egzamin \u00f3smoklasisty (2024)<\/div>\r\n        <div class=\"card-body\">\r\n            <a href=\"https:\/\/cke.gov.pl\/images\/_EGZAMIN_OSMOKLASISTY\/Arkusze-egzaminacyjne\/2024\/matematyka\/OMAP-100-X-2405-zeszyt-zadan.pdf\" target=\"_blank\">Pobierz Arkusz 1 (PDF)<\/a>\r\n            <a class=\"answers-link\" href=\"https:\/\/cke.gov.pl\/images\/_EGZAMIN_OSMOKLASISTY\/Arkusze-egzaminacyjne\/2024\/matematyka\/OMAP-100-2405-zasady.pdf\" target=\"_blank\">Odpowiedzi do Arkusza 1 (PDF)<\/a>\r\n        <\/div>\r\n    <\/div>\r\n    <div class=\"card\">\r\n        <div class=\"card-header\">Arkusz 2 - Egzamin \u00f3smoklasisty (2023)<\/div>\r\n        <div class=\"card-body\">\r\n            <a href=\"https:\/\/cke.gov.pl\/images\/_EGZAMIN_OSMOKLASISTY\/Arkusze-egzaminacyjne\/2023\/matematyka\/OMAP-100-2305.pdf\">Pobierz Arkusz 2 (PDF)<\/a>\r\n            <a class=\"answers-link\" href=\"https:\/\/cke.gov.pl\/images\/_EGZAMIN_OSMOKLASISTY\/Arkusze-egzaminacyjne\/2023\/matematyka\/OMAP-100-2305-zasady.pdf\" target=\"_blank\">Odpowiedzi do Arkusza 2 (PDF)<\/a>\r\n        <\/div>\r\n    <\/div>\r\n    <div class=\"card\">\r\n        <div class=\"card-header\">Arkusz 3 - Egzamin \u00f3smoklasisty (2022)<\/div>\r\n        <div class=\"card-body\">\r\n            <a href=\"https:\/\/cke.gov.pl\/images\/_EGZAMIN_OSMOKLASISTY\/Arkusze-egzaminacyjne\/2022\/matematyka\/OMAP-100-2205.pdf\" target=\"_blank\">Pobierz Arkusz 3 (PDF)<\/a>\r\n            <a class=\"answers-link\" href=\"https:\/\/cke.gov.pl\/images\/_EGZAMIN_OSMOKLASISTY\/Arkusze-egzaminacyjne\/2022\/zasady_oceniania\/Matematyka\/OMAP-100-2205-zasady.pdf\" target=\"_blank\">Odpowiedzi do Arkusza 3 (PDF)<\/a>\r\n        <\/div>\r\n    <\/div>\r\n    <div class=\"card\">\r\n        <div class=\"card-header\">Arkusz 4 - Egzamin \u00f3smoklasisty (2021)<\/div>\r\n        <div class=\"card-body\">\r\n            <a href=\"https:\/\/cke.gov.pl\/images\/_EGZAMIN_OSMOKLASISTY\/Arkusze-egzaminacyjne\/2021\/matematyka\/OMAP-100-X-2105.pdf\">Pobierz Arkusz 4 (PDF)<\/a>\r\n            <a class=\"answers-link\" href=\"https:\/\/cke.gov.pl\/images\/_EGZAMIN_OSMOKLASISTY\/Arkusze-egzaminacyjne\/2021\/zasady_oceniania\/matematyka\/OMAP-100-2105-zasady.pdf\" target=\"_blank\">Odpowiedzi do Arkusza 4 (PDF)<\/a>\r\n        <\/div>\r\n    <\/div>\r\n<\/div>\r\n\r\n<\/body>\r\n<\/html>\r\n\t\t\t\t<\/div>\n\t\t\t\t<\/div>\n\t\t\t\t\t<\/div>\n\t\t\t\t<\/div>\n\t\t\t\t<\/div>\n\t\t","protected":false},"excerpt":{"rendered":"<p>\ud83d\udcd8 Bezp\u0142atne powt\u00f3rki do egzaminu \u00f3smoklasisty z matematyki Polecamy bezp\u0142atny kurs e-mail \u201ePrzygotuj si\u0119 do egzaminu z Pi-stacj\u0105\u201d. 11 tygodni systematycznych powt\u00f3rek 2 wiadomo\u015bci e-mail tygodniowo (\u0142\u0105cznie 22) mini-testy, \u0107wiczenia i listy kluczowych umiej\u0119tno\u015bci linki do film\u00f3w edukacyjnych Pi-stacji przygotowanie do pr\u00f3bnego egzaminu \u00f3smoklasisty 2026 \ud83d\udcc5 Zalecany zapis przed pocz\u0105tkiem marca 2026 \u2013 po tym&hellip; <br \/> <a class=\"read-more\" href=\"http:\/\/sp91krakow.pl\/sp91\/rozpocznij-nauke-z-matematyki\/\">Dowiedz si\u0119 wi\u0119cej<\/a><\/p>\n","protected":false},"author":1,"featured_media":0,"parent":0,"menu_order":0,"comment_status":"closed","ping_status":"closed","template":"","meta":{"rop_custom_images_group":[],"rop_custom_messages_group":[],"rop_publish_now":"initial","rop_publish_now_accounts":[],"rop_publish_now_history":[],"rop_publish_now_status":"pending","footnotes":""},"class_list":["post-13278","page","type-page","status-publish","hentry"],"_links":{"self":[{"href":"http:\/\/sp91krakow.pl\/sp91\/wp-json\/wp\/v2\/pages\/13278","targetHints":{"allow":["GET"]}}],"collection":[{"href":"http:\/\/sp91krakow.pl\/sp91\/wp-json\/wp\/v2\/pages"}],"about":[{"href":"http:\/\/sp91krakow.pl\/sp91\/wp-json\/wp\/v2\/types\/page"}],"author":[{"embeddable":true,"href":"http:\/\/sp91krakow.pl\/sp91\/wp-json\/wp\/v2\/users\/1"}],"replies":[{"embeddable":true,"href":"http:\/\/sp91krakow.pl\/sp91\/wp-json\/wp\/v2\/comments?post=13278"}],"version-history":[{"count":94,"href":"http:\/\/sp91krakow.pl\/sp91\/wp-json\/wp\/v2\/pages\/13278\/revisions"}],"predecessor-version":[{"id":21440,"href":"http:\/\/sp91krakow.pl\/sp91\/wp-json\/wp\/v2\/pages\/13278\/revisions\/21440"}],"wp:attachment":[{"href":"http:\/\/sp91krakow.pl\/sp91\/wp-json\/wp\/v2\/media?parent=13278"}],"curies":[{"name":"wp","href":"https:\/\/api.w.org\/{rel}","templated":true}]}}