{"id":133,"date":"2018-08-26T21:43:10","date_gmt":"2018-08-26T19:43:10","guid":{"rendered":"http:\/\/sp91krakow.pl\/sp91\/?page_id=133"},"modified":"2024-09-16T09:00:46","modified_gmt":"2024-09-16T07:00:46","slug":"kontakt","status":"publish","type":"page","link":"http:\/\/sp91krakow.pl\/sp91\/dla-uczniow\/biblioteka\/kontakt\/","title":{"rendered":"Kontakt"},"content":{"rendered":"<p style=\"padding-left: 240px; text-align: justify;\"><h2 id=\"tablepress-30-name\" class=\"tablepress-table-name tablepress-table-name-id-30\">Godziny otwarcia biblioteki<\/h2>\n\n<table id=\"tablepress-30\" class=\"tablepress tablepress-id-30\" aria-labelledby=\"tablepress-30-name\">\n<thead>\n<tr class=\"row-1\">\n\t<th class=\"column-1\">Dzie\u0144<\/th><th class=\"column-2\">Godzina<\/th>\n<\/tr>\n<\/thead>\n<tbody class=\"row-striping row-hover\">\n<tr class=\"row-2\">\n\t<td class=\"column-1\"><b>Poniedzia\u0142ek<\/b><\/td><td class=\"column-2\">7:30 - 13:30<\/td>\n<\/tr>\n<tr class=\"row-3\">\n\t<td class=\"column-1\"><b>Wtorek<\/b><\/td><td class=\"column-2\">7:30 - 13:30<\/td>\n<\/tr>\n<tr class=\"row-4\">\n\t<td class=\"column-1\"><b>\u015aroda<\/b><\/td><td class=\"column-2\">7:30 - 13:30<\/td>\n<\/tr>\n<tr class=\"row-5\">\n\t<td class=\"column-1\"><b>\u015aroda - godzina dost\u0119pno\u015bci<\/b><\/td><td class=\"column-2\">13:30 - 14:30<\/td>\n<\/tr>\n<tr class=\"row-6\">\n\t<td class=\"column-1\"><b>Czwartek<\/b><\/td><td class=\"column-2\">7:30 - 13:30<\/td>\n<\/tr>\n<tr class=\"row-7\">\n\t<td class=\"column-1\"><b>Pi\u0105tek<\/b><\/td><td class=\"column-2\">7:30 - 13:30<\/td>\n<\/tr>\n<\/tbody>\n<\/table>\n<!-- #tablepress-30 from cache --><\/p>\n<p>&nbsp;<\/p>\n<p style=\"text-align: left;\"><span style=\"font-size: 18px; color: #000000;\">Kontakt telefoniczny: 12\u00a0644 24 75 wew. 26<\/span><\/p>\n<p style=\"text-align: left;\"><span style=\"font-size: 18px; color: #000000;\">Kontakt mailowy: <span style=\"color: #000080;\"><a href=\"mailto:biblioteka@zsos1.pl\" style=\"color: #000080;\">biblioteka@zsos1.pl<\/a><\/span><\/span><\/p>\n<p style=\"text-align: left;\"><span style=\"font-size: 18px; color: #000000;\">Kontakt poprzez dziennik elektroniczny Librus: Biblioteka<\/span><\/p>\n","protected":false},"excerpt":{"rendered":"<p>&nbsp; Kontakt telefoniczny: 12\u00a0644 24 75 wew. 26 Kontakt mailowy: biblioteka@zsos1.pl Kontakt poprzez dziennik elektroniczny Librus: Biblioteka<\/p>\n","protected":false},"author":1,"featured_media":0,"parent":123,"menu_order":0,"comment_status":"closed","ping_status":"closed","template":"","meta":{"rop_custom_images_group":[],"rop_custom_messages_group":[],"rop_publish_now":"initial","rop_publish_now_accounts":[],"rop_publish_now_history":[],"rop_publish_now_status":"pending","footnotes":""},"class_list":["post-133","page","type-page","status-publish","hentry"],"_links":{"self":[{"href":"http:\/\/sp91krakow.pl\/sp91\/wp-json\/wp\/v2\/pages\/133","targetHints":{"allow":["GET"]}}],"collection":[{"href":"http:\/\/sp91krakow.pl\/sp91\/wp-json\/wp\/v2\/pages"}],"about":[{"href":"http:\/\/sp91krakow.pl\/sp91\/wp-json\/wp\/v2\/types\/page"}],"author":[{"embeddable":true,"href":"http:\/\/sp91krakow.pl\/sp91\/wp-json\/wp\/v2\/users\/1"}],"replies":[{"embeddable":true,"href":"http:\/\/sp91krakow.pl\/sp91\/wp-json\/wp\/v2\/comments?post=133"}],"version-history":[{"count":11,"href":"http:\/\/sp91krakow.pl\/sp91\/wp-json\/wp\/v2\/pages\/133\/revisions"}],"predecessor-version":[{"id":12527,"href":"http:\/\/sp91krakow.pl\/sp91\/wp-json\/wp\/v2\/pages\/133\/revisions\/12527"}],"up":[{"embeddable":true,"href":"http:\/\/sp91krakow.pl\/sp91\/wp-json\/wp\/v2\/pages\/123"}],"wp:attachment":[{"href":"http:\/\/sp91krakow.pl\/sp91\/wp-json\/wp\/v2\/media?parent=133"}],"curies":[{"name":"wp","href":"https:\/\/api.w.org\/{rel}","templated":true}]}}