{"id":143,"date":"2018-08-26T21:44:00","date_gmt":"2018-08-26T19:44:00","guid":{"rendered":"http:\/\/sp91krakow.pl\/sp91\/?page_id=143"},"modified":"2024-09-04T15:28:33","modified_gmt":"2024-09-04T13:28:33","slug":"zwolnienia-z-w-f","status":"publish","type":"page","link":"http:\/\/sp91krakow.pl\/sp91\/dokumenty\/zwolnienia-z-w-f\/","title":{"rendered":"Zwolnienia z w-f"},"content":{"rendered":"<p><span style=\"font-size: 20px;\"><a href=\"http:\/\/sp91krakow.pl\/sp91\/wp-content\/uploads\/2024\/09\/podanie_zwolnienie_WF_2017.pdf\">Podanie_zwolnienie_WF &#8211; za\u0142\u0105cznik nr 1<\/a><\/span><\/p>\n<p><span style=\"font-size: 20px;\"><a href=\"http:\/\/sp91krakow.pl\/sp91\/wp-content\/uploads\/2024\/09\/zwolnienie-z-pobytu-na-lekcji-2017.pdf\">Zwolnienie z pobytu na lekcji &#8211; za\u0142\u0105cznik nr 2<\/a><\/span><\/p>\n<p>&nbsp;<\/p>\n<p class=\"title19\" style=\"text-align: center;\"><span style=\"font-size: 18pt; color: #003366;\"><strong>Procedura uzyskiwania zwolnie\u0144 z wychowania fizycznego<\/strong><\/span><br \/><span style=\"font-size: 18pt; color: #003366;\"><strong>w Szkole Podstawowej nr 91 Krak\u00f3w os. Handlowe 4<\/strong><\/span><\/p>\n<p class=\"title17\" style=\"text-align: justify;\"><span style=\"text-decoration: underline; color: #000000;\"><strong>Podstawa prawna<\/strong><\/span><\/p>\n<p style=\"text-align: justify;\"><span style=\"color: #000000;\">Rozporz\u0105dzenie Ministra Edukacji Narodowej z kwietnia 2007 r. w sprawie warunk\u00f3w i sposobu oceniania, klasyfikowania i promowania uczni\u00f3w i s\u0142uchaczy oraz przeprowadzania sprawdzian\u00f3w i egzamin\u00f3w w szko\u0142ach publicznych<\/span><br \/><span style=\"color: #000000;\">\/ Dz. Ust. Nr 83 poz.522 ze zm.\/<\/span><br \/><span style=\"color: #000000;\"><em>\u00a7 8ust.1. Dyrektor szko\u0142y zwalnia ucznia z zaj\u0119\u0107 wychowania fizycznego, informatyki lub technologii informacyjnej na podstawie opinii o ograniczonych mo\u017cliwo\u015bciach uczestniczenia ucznia w tych zaj\u0119ciach, wydanej przez lekarza, oraz na czas okre\u015blony w tej opinii.<\/em><\/span><\/p>\n<p class=\"title17\" style=\"text-align: justify;\"><span style=\"text-decoration: underline; color: #000000;\"><strong>Procedura post\u0119powania<\/strong><\/span><\/p>\n<p style=\"text-align: justify;\"><span style=\"color: #000000;\">1. W wyj\u0105tkowych sytuacjach mog\u0105 zwolni\u0107 ucznia z udzia\u0142u w zaj\u0119ciach wychowania fizycznego rodzice \/opiekunowie prawni\/ poprzez dokonanie umotywowanego wpisu do dzienniczka szkolnego, ale jednorazowo i nie na czas d\u0142u\u017cszy ni\u017c jeden tydzie\u0144, a nie cz\u0119\u015bciej jak trzy razy w semestrze.<\/span><\/p>\n<p><span style=\"color: #000000;\">2. W uzasadnionych przypadkach ucze\u0144 mo\u017ce by\u0107 zwolniony na czas okre\u015blony<\/span><br \/><span style=\"color: #000000;\">z zaj\u0119\u0107 wychowania fizycznego na podstawie za\u015bwiadczenia lekarskiego.<\/span><\/p>\n<p><span style=\"color: #000000;\">3. Za\u015bwiadczenie lekarskie wystawione na okres nie d\u0142u\u017cszy ni\u017c jeden miesi\u0105c nale\u017cy przekaza\u0107 nauczycielowi wychowania fizycznego, kt\u00f3ry obowi\u0105zany jest przechowywa\u0107 je do ko\u0144ca roku szkolnego \/ do 31.08.\/<\/span><\/p>\n<p><span style=\"color: #000000;\">4. Za\u015bwiadczenie lekarskie wystawione na okres d\u0142u\u017cszy ni\u017c jeden miesi\u0105c, jednak nie obejmuj\u0105ce ca\u0142ego semestru, nale\u017cy z\u0142o\u017cy\u0107 wraz z podaniem o zwolnienie w sekretariacie szko\u0142y. W przypadku dostarczania kolejnych za\u015bwiadcze\u0144, dyrektor szko\u0142y wydaje decyzj\u0119 o zwolnieniu ucznia z zaj\u0119\u0107 wychowania fizycznego na podstawie wszystkich za\u015bwiadcze\u0144.<\/span><\/p>\n<p><span style=\"color: #000000;\">5. Zwolnienie mo\u017ce dotyczy\u0107 pierwszego, albo drugiego semestru, lub ca\u0142ego roku szkolnego w zale\u017cno\u015bci od decyzji lekarza, zawartych w za\u015bwiadczeniu lekarskim.<\/span><\/p>\n<p><span style=\"color: #000000;\">6. O zwolnienie ucznia z zaj\u0119\u0107 wychowania fizycznego wyst\u0119puj\u0105 rodzice\u00a0<\/span><span style=\"color: #000000;\">\/opiekunowie prawni\/. Sk\u0142adaj\u0105 podanie (za\u0142\u0105cznik nr 1) do dyrektora szko\u0142y, (w sekretariacie) wraz z za\u0142\u0105czonym za\u015bwiadczeniem lekarskim.<\/span><\/p>\n<p><span style=\"color: #000000;\">7. Podanie nale\u017cy przed\u0142o\u017cy\u0107 dyrektorowi szko\u0142y niezw\u0142ocznie po uzyskaniu za\u015bwiadczenia od lekarza, jednak nie p\u00f3\u017aniej ni\u017c:<\/span><br \/><span style=\"color: #000000;\">a\/ w przypadku pierwszego semestru do 30.09 danego roku szkolnego<\/span><br \/><span style=\"color: #000000;\">b\/ w przypadku drugiego semestru 14 dni po feriach zimowych.<\/span><br \/><span style=\"color: #000000;\">W przypadkach zdarze\u0144 losowych i za\u015bwiadcze\u0144 uzyskiwanych w trakcie trwania roku szkolnego, rodzice sk\u0142adaj\u0105 podanie z za\u0142\u0105cznikami nie p\u00f3\u017aniej ni\u017c 7 dni roboczych od daty uzyskania orzeczenia lekarskiego.<\/span><\/p>\n<p><span style=\"color: #000000;\">8. Za\u015bwiadczenie lekarskie zwalniaj\u0105ce ucznia z \u0107wicze\u0144 z wsteczn\u0105 dat\u0105<\/span><br \/><span style=\"color: #000000;\">(np. za\u015bwiadczenie wystawione w dniu 15 pa\u017adziernika, lekarz zwalnia ucznia<\/span><br \/><span style=\"color: #000000;\">z zaj\u0119\u0107 wychowania fizycznego od 1 wrze\u015bnia) b\u0119dzie respektowane od daty wystawienia za\u015bwiadczenia.<\/span><\/p>\n<p><span style=\"color: #000000;\">9. Zwolnienie nie dostarczone w terminie b\u0119dzie wa\u017cne od daty jego z\u0142o\u017cenia<\/span><br \/><span style=\"color: #000000;\">w sekretariacie.<\/span><\/p>\n<p><span style=\"color: #000000;\">10. Dyrektor szko\u0142y wydaje decyzj\u0119 o zwolnieniu ucznia z zaj\u0119\u0107 w terminie 7 dni roboczych od daty wp\u0142ywu podania. Rodzice \/opiekunowie prawni\/ odbieraj\u0105 decyzje dyrektora w sekretariacie szko\u0142y.<\/span><\/p>\n<p><span style=\"color: #000000;\">11. W przypadku decyzji odmownej rodzice\/opiekunowie prawni mog\u0105 si\u0119 odwo\u0142a\u0107 do Ma\u0142opolskiego Kuratora O\u015bwiaty.<\/span><\/p>\n<p><span style=\"color: #000000;\">12. O zwolnieniu ucznia z zaj\u0119\u0107 poinformowany zostaje nauczyciel wychowania fizycznego i wychowawca klasy. Fakt przyj\u0119cia wiadomo\u015bci potwierdzaj\u0105 podpisem z\u0142o\u017conym na decyzji o zwolnieniu.<\/span><\/p>\n<p><span style=\"color: #000000;\">13. Je\u017celi ucze\u0144 uzyska\u0142 zwolnienie w trakcie trwania roku szkolnego, a jego nieobecno\u015bci na lekcjach nie przekroczy\u0142y 50% frekwencji i s\u0105 podstawy do wystawienia oceny, to w\u00f3wczas ucze\u0144 podlega klasyfikacji z wychowania fizycznego.<\/span><\/p>\n<p><span style=\"color: #000000;\">14. W przypadku zwolnienia ucznia z zaj\u0119\u0107 wychowania fizycznego przez ca\u0142y semestr, w dokumentach zamiast oceny wpisuje si\u0119 zwolniony.<\/span><\/p>\n<p><span style=\"color: #000000;\">15. Ucze\u0144 zwolniony z zaj\u0119\u0107 wychowania fizycznego ma obowi\u0105zek by\u0107 obecny na tych zaj\u0119ciach.<\/span><\/p>\n<p><span style=\"color: #000000;\">16. Zawarte w za\u015bwiadczeniu lekarskim ograniczenie skutkuj\u0105ce zwolnieniem<\/span><br \/><span style=\"color: #000000;\">z wykonywania grupy \u0107wicze\u0144, nie stanowi podstawy do zwolnienia z lekcji wychowania fizycznego. Takie za\u015bwiadczenie sk\u0142ada si\u0119 do nauczyciela ucz\u0105cego, kt\u00f3ry ma obowi\u0105zek uwzgl\u0119dni\u0107 zalecenia lekarza w pracy z uczniem.<\/span><\/p>\n<p><span style=\"color: #000000;\">17. Z procedur\u0105 zapoznaje si\u0119 uczni\u00f3w na pierwszych zaj\u0119ciach wychowania fizycznego w danym roku szkolnym, natomiast wychowawca klasy rodzic\u00f3w\/opiekun\u00f3w prawnych na pierwszym zebraniu w danym roku szkolnym.<\/span><\/p>\n<p><span style=\"color: #000000;\">18. Ca\u0142o\u015b\u0107 post\u0119powania wraz za\u0142\u0105cznikami dost\u0119pna jest na stronie internetowej Szko\u0142y Podstawowej nr 91.<\/span><\/p>\n","protected":false},"excerpt":{"rendered":"<p>Podanie_zwolnienie_WF &#8211; za\u0142\u0105cznik nr 1 Zwolnienie z pobytu na lekcji &#8211; za\u0142\u0105cznik nr 2 &nbsp; Procedura uzyskiwania zwolnie\u0144 z wychowania fizycznegow Szkole Podstawowej nr 91 Krak\u00f3w os. Handlowe 4 Podstawa prawna Rozporz\u0105dzenie Ministra Edukacji Narodowej z kwietnia 2007 r. w sprawie warunk\u00f3w i sposobu oceniania, klasyfikowania i promowania uczni\u00f3w i s\u0142uchaczy oraz przeprowadzania sprawdzian\u00f3w i&hellip; <br \/> <a class=\"read-more\" href=\"http:\/\/sp91krakow.pl\/sp91\/dokumenty\/zwolnienia-z-w-f\/\">Dowiedz si\u0119 wi\u0119cej<\/a><\/p>\n","protected":false},"author":1,"featured_media":0,"parent":137,"menu_order":0,"comment_status":"closed","ping_status":"closed","template":"","meta":{"rop_custom_images_group":[],"rop_custom_messages_group":[],"rop_publish_now":"initial","rop_publish_now_accounts":[],"rop_publish_now_history":[],"rop_publish_now_status":"pending","footnotes":""},"class_list":["post-143","page","type-page","status-publish","hentry"],"_links":{"self":[{"href":"http:\/\/sp91krakow.pl\/sp91\/wp-json\/wp\/v2\/pages\/143","targetHints":{"allow":["GET"]}}],"collection":[{"href":"http:\/\/sp91krakow.pl\/sp91\/wp-json\/wp\/v2\/pages"}],"about":[{"href":"http:\/\/sp91krakow.pl\/sp91\/wp-json\/wp\/v2\/types\/page"}],"author":[{"embeddable":true,"href":"http:\/\/sp91krakow.pl\/sp91\/wp-json\/wp\/v2\/users\/1"}],"replies":[{"embeddable":true,"href":"http:\/\/sp91krakow.pl\/sp91\/wp-json\/wp\/v2\/comments?post=143"}],"version-history":[{"count":11,"href":"http:\/\/sp91krakow.pl\/sp91\/wp-json\/wp\/v2\/pages\/143\/revisions"}],"predecessor-version":[{"id":12145,"href":"http:\/\/sp91krakow.pl\/sp91\/wp-json\/wp\/v2\/pages\/143\/revisions\/12145"}],"up":[{"embeddable":true,"href":"http:\/\/sp91krakow.pl\/sp91\/wp-json\/wp\/v2\/pages\/137"}],"wp:attachment":[{"href":"http:\/\/sp91krakow.pl\/sp91\/wp-json\/wp\/v2\/media?parent=143"}],"curies":[{"name":"wp","href":"https:\/\/api.w.org\/{rel}","templated":true}]}}