{"id":155,"date":"2018-08-26T21:45:00","date_gmt":"2018-08-26T19:45:00","guid":{"rendered":"http:\/\/sp91krakow.pl\/sp91\/?page_id=155"},"modified":"2025-06-23T13:03:09","modified_gmt":"2025-06-23T11:03:09","slug":"aktualnosci","status":"publish","type":"page","link":"http:\/\/sp91krakow.pl\/sp91\/szkola\/pedagog-szkolny\/aktualnosci\/","title":{"rendered":"Aktualno\u015bci"},"content":{"rendered":"<h3 style=\"text-align: center;\"><span style=\"color: #003300; font-size: 20px;\">ODDZIA\u0141 DZIENNY &#8211; INFORMATOR<\/span><\/h3>\n<h3><div class=\"ead-preview\"><div class=\"ead-document\" style=\"position: relative;padding-top: 90%;\"><div class=\"ead-iframe-wrapper\"><iframe src=\"\/\/docs.google.com\/viewer?url=http%3A%2F%2Fsp91krakow.pl%2Fsp91%2Fwp-content%2Fuploads%2F2025%2F06%2FOddzial_dzienny_informator.pdf&amp;embedded=true&amp;hl=en\" title=\"Embedded Document\" class=\"ead-iframe\" style=\"width: 100%;height: 100%;border: none;position: absolute;left: 0;top: 0;visibility: hidden;\"><\/iframe><\/div>\t\t\t<div class=\"ead-document-loading\" style=\"width:100%;height:100%;position:absolute;left:0;top:0;z-index:10;\">\n\t\t\t\t<div class=\"ead-loading-wrap\">\n\t\t\t\t\t<div class=\"ead-loading-main\">\n\t\t\t\t\t\t<div class=\"ead-loading\">\n\t\t\t\t\t\t\t<img decoding=\"async\" src=\"http:\/\/sp91krakow.pl\/sp91\/wp-content\/plugins\/embed-any-document\/images\/loading.svg\" width=\"55\" height=\"55\" alt=\"Loader\">\n\t\t\t\t\t\t\t<span>Loading...<\/span>\n\t\t\t\t\t\t<\/div>\n\t\t\t\t\t<\/div>\n\t\t\t\t\t<div class=\"ead-loading-foot\">\n\t\t\t\t\t\t<div class=\"ead-loading-foot-title\">\n\t\t\t\t\t\t\t<img decoding=\"async\" src=\"http:\/\/sp91krakow.pl\/sp91\/wp-content\/plugins\/embed-any-document\/images\/EAD-logo.svg\" alt=\"EAD Logo\" width=\"36\" height=\"23\"\/>\n\t\t\t\t\t\t\t<span>Taking too long?<\/span>\n\t\t\t\t\t\t<\/div>\n\t\t\t\t\t\t<p>\n\t\t\t\t\t\t\t<div class=\"ead-document-btn ead-reload-btn\" role=\"button\">\n\t\t\t\t\t\t\t\t<img decoding=\"async\" src=\"http:\/\/sp91krakow.pl\/sp91\/wp-content\/plugins\/embed-any-document\/images\/reload.svg\" alt=\"Reload\" width=\"12\" height=\"12\"\/> Reload document\t\t\t\t\t\t\t<\/div>\n\t\t\t\t\t\t\t<span>|<\/span>\n\t\t\t\t\t\t\t<a href=\"http:\/\/sp91krakow.pl\/sp91\/wp-content\/uploads\/2025\/06\/Oddzial_dzienny_informator.pdf\" class=\"ead-document-btn\" target=\"_blank\">\n\t\t\t\t\t\t\t\t<img loading=\"lazy\" decoding=\"async\" src=\"http:\/\/sp91krakow.pl\/sp91\/wp-content\/plugins\/embed-any-document\/images\/open.svg\" alt=\"Open\" width=\"12\" height=\"12\"\/> Open in new tab\t\t\t\t\t\t\t<\/a>\n\t\t\t\t\t<\/div>\n\t\t\t\t<\/div>\n\t\t\t<\/div>\n\t\t<\/div><\/div><\/h3>\n<hr \/>\n<h3>\u00a0<\/h3>\n<h3 style=\"text-align: justify;\"><a href=\"http:\/\/sp91krakow.pl\/sp91\/wp-content\/uploads\/2018\/12\/Zapraszamy-1-1.jpg\"><\/a><a href=\"http:\/\/sp91krakow.pl\/sp91\/wp-content\/uploads\/2022\/10\/OIP-1.jpg\"><\/a><a href=\"http:\/\/sp91krakow.pl\/sp91\/wp-content\/uploads\/2022\/10\/OIP-1.jpg\"><img loading=\"lazy\" decoding=\"async\" class=\"aligncenter wp-image-6907 size-medium\" src=\"http:\/\/sp91krakow.pl\/sp91\/wp-content\/uploads\/2022\/10\/OIP-1-286x300.jpg\" width=\"286\" height=\"300\" srcset=\"http:\/\/sp91krakow.pl\/sp91\/wp-content\/uploads\/2022\/10\/OIP-1-286x300.jpg 286w, http:\/\/sp91krakow.pl\/sp91\/wp-content\/uploads\/2022\/10\/OIP-1.jpg 474w\" sizes=\"(max-width: 286px) 100vw, 286px\" \/><\/a><\/h3>\n<hr \/>\n<h3 style=\"text-align: center;\">Nasze motto, za Januszem Korczakiem\u2026\u00a0<span style=\"color: #ff0000;\"><em>da\u0107 dziecku ca\u0142e powietrze, <\/em><\/span><\/h3>\n<h3 style=\"text-align: center;\"><span style=\"color: #ff0000;\"><em>s\u0142o\u0144ce, ca\u0142\u0105 \u017cyczliwo\u015b\u0107, jaka mu si\u0119 nale\u017cy, niezale\u017cnie od zas\u0142ug<\/em><\/span><\/h3>\n<h3 style=\"text-align: center;\"><span style=\"color: #ff0000;\"><em>czy win, zalet czy przywar.<\/em><\/span><\/h3>\n<p>&nbsp;<\/p>\n<p style=\"text-align: center;\"><span style=\"font-size: 12pt; font-family: 'comic sans ms', sans-serif; color: #000000;\">Je\u015bli czujesz, \u017ce co\u015b jest nie tak,\u00a0 \u017ce nikt Ci\u0119 nie rozumie, jeste\u015b samotny, nie masz z kim pogada\u0107<\/span><br \/><span style=\"font-size: 12pt; font-family: 'comic sans ms', sans-serif; color: #000000;\"> Nie potrafisz porozumie\u0107 si\u0119 z nauczycielem<\/span><br \/><span style=\"font-size: 12pt; font-family: 'comic sans ms', sans-serif; color: #000000;\"> Masz problemy rodzinne, znajdujesz si\u0119 w trudnej sytuacji materialnej<\/span><br \/><span style=\"font-size: 12pt; font-family: 'comic sans ms', sans-serif; color: #000000;\"> Masz problem i nie wiesz jak go rozwi\u0105za\u0107<\/span><br \/><span style=\"font-size: 12pt; font-family: 'comic sans ms', sans-serif; color: #000000;\"> Chcesz podzieli\u0107 si\u0119 swoj\u0105 rado\u015bci\u0105, sukcesem<\/span><br \/><span style=\"font-size: 12pt; font-family: 'comic sans ms', sans-serif; color: #000000;\"> Chcia\u0142by\u015b z kim\u015b porozmawia\u0107 lub nawet z kim\u015b poby\u0107, nie m\u00f3wi\u0105c nic<\/span><br \/><span style=\"font-size: 12pt; font-family: 'comic sans ms', sans-serif; color: #000000;\"> Chcia\u0142by\u015b pom\u00f3c innym, ale nie wiesz w jaki spos\u00f3b<\/span><br \/><span style=\"font-size: 12pt; font-family: 'comic sans ms', sans-serif; color: #000000;\"> Masz ciekawe pomys\u0142y, kt\u00f3rymi chcesz si\u0119 podzieli\u0107<\/span><br \/><span style=\"font-size: 12pt; font-family: 'comic sans ms', sans-serif; color: #000000;\"> Masz za du\u017co wolnego czasu i chcesz go dobrze wykorzysta\u0107\u2026 przyjd\u017a do nas, <strong>pok\u00f3j numer 3a<\/strong><\/span><\/p>\n<p style=\"text-align: center;\"><span style=\"font-size: 12pt; font-family: 'comic sans ms', sans-serif; color: #000000;\">Przyjd\u017a tak\u017ce z ka\u017cd\u0105 spraw\u0105.<\/span><\/p>\n<p style=\"text-align: center;\"><span style=\"font-size: 12pt; font-family: 'comic sans ms', sans-serif; color: #000000;\">Je\u015bli nie chcesz lub nie mo\u017cesz osobi\u015bcie opowiedzie\u0107 o czym\u015b trudnym dla Ciebie\u00a0 &#8211;<\/span><\/p>\n<p style=\"text-align: center;\"><span style=\"font-size: 12pt; font-family: 'comic sans ms', sans-serif; color: #000000;\">\u00a0napisz na adres\u00a0<\/span><\/p>\n<p style=\"text-align: center;\"><span style=\"font-size: 12pt; font-family: 'comic sans ms', sans-serif;\"><a href=\"mailto:pedagog@zsos1.pl\">pedagog@zsos1.pl<\/a><\/span><\/p>\n<p style=\"text-align: center;\"><em><span style=\"color: #000000;\"><strong><span style=\"font-size: 12pt; font-family: 'comic sans ms', sans-serif;\">lub przez dziennik elektroniczny<\/span><\/strong><\/span><\/em><\/p>\n<p style=\"text-align: center;\"><span style=\"font-size: 12pt; font-family: 'comic sans ms', sans-serif; color: #0000ff;\">Kontakt telefoniczny 12\/644 24 75 wewn\u0119trzny 25<\/span><\/p>\n<p><a href=\"http:\/\/sp91krakow.pl\/sp91\/wp-content\/uploads\/2023\/10\/Dzien-zdrowia-psychicznego.jpg\"><img loading=\"lazy\" decoding=\"async\" class=\"aligncenter size-full wp-image-9765\" src=\"http:\/\/sp91krakow.pl\/sp91\/wp-content\/uploads\/2023\/10\/Dzien-zdrowia-psychicznego.jpg\" alt=\"\" width=\"1170\" height=\"1643\" srcset=\"http:\/\/sp91krakow.pl\/sp91\/wp-content\/uploads\/2023\/10\/Dzien-zdrowia-psychicznego.jpg 1170w, http:\/\/sp91krakow.pl\/sp91\/wp-content\/uploads\/2023\/10\/Dzien-zdrowia-psychicznego-214x300.jpg 214w, http:\/\/sp91krakow.pl\/sp91\/wp-content\/uploads\/2023\/10\/Dzien-zdrowia-psychicznego-729x1024.jpg 729w, http:\/\/sp91krakow.pl\/sp91\/wp-content\/uploads\/2023\/10\/Dzien-zdrowia-psychicznego-768x1078.jpg 768w, http:\/\/sp91krakow.pl\/sp91\/wp-content\/uploads\/2023\/10\/Dzien-zdrowia-psychicznego-1094x1536.jpg 1094w, http:\/\/sp91krakow.pl\/sp91\/wp-content\/uploads\/2023\/10\/Dzien-zdrowia-psychicznego-1024x1438.jpg 1024w, http:\/\/sp91krakow.pl\/sp91\/wp-content\/uploads\/2023\/10\/Dzien-zdrowia-psychicznego-769x1080.jpg 769w\" sizes=\"(max-width: 1170px) 100vw, 1170px\" \/><\/a><\/p>\n<p style=\"text-align: center;\"><a href=\"http:\/\/sp91krakow.pl\/sp91\/wp-content\/uploads\/2022\/10\/pomoc-pp.jpg\"><img loading=\"lazy\" decoding=\"async\" class=\"aligncenter size-full wp-image-7176\" src=\"http:\/\/sp91krakow.pl\/sp91\/wp-content\/uploads\/2022\/10\/pomoc-pp.jpg\" alt=\"\" width=\"720\" height=\"1018\" srcset=\"http:\/\/sp91krakow.pl\/sp91\/wp-content\/uploads\/2022\/10\/pomoc-pp.jpg 720w, http:\/\/sp91krakow.pl\/sp91\/wp-content\/uploads\/2022\/10\/pomoc-pp-212x300.jpg 212w\" sizes=\"(max-width: 720px) 100vw, 720px\" \/><\/a><\/p>\n","protected":false},"excerpt":{"rendered":"<p>ODDZIA\u0141 DZIENNY &#8211; INFORMATOR \u00a0 Nasze motto, za Januszem Korczakiem\u2026\u00a0da\u0107 dziecku ca\u0142e powietrze, s\u0142o\u0144ce, ca\u0142\u0105 \u017cyczliwo\u015b\u0107, jaka mu si\u0119 nale\u017cy, niezale\u017cnie od zas\u0142ug czy win, zalet czy przywar. &nbsp; Je\u015bli czujesz, \u017ce co\u015b jest nie tak,\u00a0 \u017ce nikt Ci\u0119 nie rozumie, jeste\u015b samotny, nie masz z kim pogada\u0107 Nie potrafisz porozumie\u0107 si\u0119 z nauczycielem Masz&hellip; <br \/> <a class=\"read-more\" href=\"http:\/\/sp91krakow.pl\/sp91\/szkola\/pedagog-szkolny\/aktualnosci\/\">Dowiedz si\u0119 wi\u0119cej<\/a><\/p>\n","protected":false},"author":1,"featured_media":0,"parent":153,"menu_order":0,"comment_status":"closed","ping_status":"closed","template":"","meta":{"rop_custom_images_group":[],"rop_custom_messages_group":[],"rop_publish_now":"initial","rop_publish_now_accounts":[],"rop_publish_now_history":[],"rop_publish_now_status":"pending","footnotes":""},"class_list":["post-155","page","type-page","status-publish","hentry"],"_links":{"self":[{"href":"http:\/\/sp91krakow.pl\/sp91\/wp-json\/wp\/v2\/pages\/155","targetHints":{"allow":["GET"]}}],"collection":[{"href":"http:\/\/sp91krakow.pl\/sp91\/wp-json\/wp\/v2\/pages"}],"about":[{"href":"http:\/\/sp91krakow.pl\/sp91\/wp-json\/wp\/v2\/types\/page"}],"author":[{"embeddable":true,"href":"http:\/\/sp91krakow.pl\/sp91\/wp-json\/wp\/v2\/users\/1"}],"replies":[{"embeddable":true,"href":"http:\/\/sp91krakow.pl\/sp91\/wp-json\/wp\/v2\/comments?post=155"}],"version-history":[{"count":13,"href":"http:\/\/sp91krakow.pl\/sp91\/wp-json\/wp\/v2\/pages\/155\/revisions"}],"predecessor-version":[{"id":18912,"href":"http:\/\/sp91krakow.pl\/sp91\/wp-json\/wp\/v2\/pages\/155\/revisions\/18912"}],"up":[{"embeddable":true,"href":"http:\/\/sp91krakow.pl\/sp91\/wp-json\/wp\/v2\/pages\/153"}],"wp:attachment":[{"href":"http:\/\/sp91krakow.pl\/sp91\/wp-json\/wp\/v2\/media?parent=155"}],"curies":[{"name":"wp","href":"https:\/\/api.w.org\/{rel}","templated":true}]}}