{"id":157,"date":"2018-08-26T21:45:11","date_gmt":"2018-08-26T19:45:11","guid":{"rendered":"http:\/\/sp91krakow.pl\/sp91\/?page_id=157"},"modified":"2019-01-30T09:18:09","modified_gmt":"2019-01-30T08:18:09","slug":"dla-rodzicow","status":"publish","type":"page","link":"http:\/\/sp91krakow.pl\/sp91\/szkola\/pedagog-szkolny\/dla-rodzicow\/","title":{"rendered":"Dla rodzic\u00f3w"},"content":{"rendered":"<p style=\"text-align: center;\"><span style=\"font-size: 14pt; color: #003366;\"><strong>Poradni Zdrowia Psychicznego dla Dzieci i M\u0142odzie\u017cy<\/strong><\/span><\/p>\n<p style=\"text-align: left;\"><span style=\"color: #000000;\">Serdecznie zapraszam do otwartej Poradni Zdrowia Psychicznego dla Dzieci i M\u0142odzie\u017cy w Krakowie \u2014 Nowej Hucie przy Szpitalu Specjalistycznym im. L. Rydygiera Sp. z 0.0. w Krakowie. <\/span><\/p>\n<p style=\"text-align: left;\"><span style=\"color: #000000;\">Poradnia jest obecnie jedyn\u0105 Plac\u00f3wk\u0105 \u015bwiadcz\u0105c\u0105 kompleksow\u0105 opiek\u0119 psychologiczno-psychiatryczn\u0105 w ramach umowy z NFZ na terenie Nowej Huty. \u015awiadczy swoje kompleksowe us\u0142ugi dla dzieci i m\u0142odzie\u017cy do 18 roku \u017cycia. <\/span><\/p>\n<p style=\"text-align: left;\"><span style=\"color: #000000;\">W jej ramach oferuje zar\u00f3wno diagnostyk\u0119, jak i opiek\u0119 psychologiczn\u0105, a tak\u017ce konsultacje psychiatryczne. Ma dost\u0119p do bazy laboratoryjnej i diagnostycznej Szpitala Specjalistycznego im. L. Rydygiera w Krakowie.<\/span><\/p>\n<p style=\"text-align: justify;\"><span style=\"color: #000000;\">Serdecznie zapraszamy \u2014 nr rejestracji do Poradni to:\u00a0\u00a0<\/span><span style=\"color: #000000;\">+48 12 646-83-79<\/span><\/p>\n<hr \/>\n<p><span style=\"font-size: 14pt;\"><span style=\"color: #000000;\">Przydatne adresy dla rodzic\u00f3w szukaj\u0105cych pomocy i wsparcia:<\/span> <a href=\"http:\/\/sp91krakow.pl\/sp91\/wp-content\/uploads\/2018\/08\/pedagog_pomoc_plik_adresy-1.pdf\">plik<\/a><\/span><\/p>\n","protected":false},"excerpt":{"rendered":"<p>Poradni Zdrowia Psychicznego dla Dzieci i M\u0142odzie\u017cy Serdecznie zapraszam do otwartej Poradni Zdrowia Psychicznego dla Dzieci i M\u0142odzie\u017cy w Krakowie \u2014 Nowej Hucie przy Szpitalu Specjalistycznym im. L. Rydygiera Sp. z 0.0. w Krakowie. Poradnia jest obecnie jedyn\u0105 Plac\u00f3wk\u0105 \u015bwiadcz\u0105c\u0105 kompleksow\u0105 opiek\u0119 psychologiczno-psychiatryczn\u0105 w ramach umowy z NFZ na terenie Nowej Huty. \u015awiadczy swoje kompleksowe&hellip; <br \/> <a class=\"read-more\" href=\"http:\/\/sp91krakow.pl\/sp91\/szkola\/pedagog-szkolny\/dla-rodzicow\/\">Dowiedz si\u0119 wi\u0119cej<\/a><\/p>\n","protected":false},"author":1,"featured_media":0,"parent":153,"menu_order":0,"comment_status":"closed","ping_status":"closed","template":"","meta":{"rop_custom_images_group":[],"rop_custom_messages_group":[],"rop_publish_now":"initial","rop_publish_now_accounts":[],"rop_publish_now_history":[],"rop_publish_now_status":"pending","footnotes":""},"class_list":["post-157","page","type-page","status-publish","hentry"],"_links":{"self":[{"href":"http:\/\/sp91krakow.pl\/sp91\/wp-json\/wp\/v2\/pages\/157","targetHints":{"allow":["GET"]}}],"collection":[{"href":"http:\/\/sp91krakow.pl\/sp91\/wp-json\/wp\/v2\/pages"}],"about":[{"href":"http:\/\/sp91krakow.pl\/sp91\/wp-json\/wp\/v2\/types\/page"}],"author":[{"embeddable":true,"href":"http:\/\/sp91krakow.pl\/sp91\/wp-json\/wp\/v2\/users\/1"}],"replies":[{"embeddable":true,"href":"http:\/\/sp91krakow.pl\/sp91\/wp-json\/wp\/v2\/comments?post=157"}],"version-history":[{"count":9,"href":"http:\/\/sp91krakow.pl\/sp91\/wp-json\/wp\/v2\/pages\/157\/revisions"}],"predecessor-version":[{"id":1391,"href":"http:\/\/sp91krakow.pl\/sp91\/wp-json\/wp\/v2\/pages\/157\/revisions\/1391"}],"up":[{"embeddable":true,"href":"http:\/\/sp91krakow.pl\/sp91\/wp-json\/wp\/v2\/pages\/153"}],"wp:attachment":[{"href":"http:\/\/sp91krakow.pl\/sp91\/wp-json\/wp\/v2\/media?parent=157"}],"curies":[{"name":"wp","href":"https:\/\/api.w.org\/{rel}","templated":true}]}}