{"id":159,"date":"2018-08-26T21:45:21","date_gmt":"2018-08-26T19:45:21","guid":{"rendered":"http:\/\/sp91krakow.pl\/sp91\/?page_id=159"},"modified":"2025-09-18T14:48:40","modified_gmt":"2025-09-18T12:48:40","slug":"kontakt","status":"publish","type":"page","link":"http:\/\/sp91krakow.pl\/sp91\/szkola\/pedagog-szkolny\/kontakt\/","title":{"rendered":"Pedagodzy i psycholog"},"content":{"rendered":"\t\t<div data-elementor-type=\"wp-page\" data-elementor-id=\"159\" class=\"elementor elementor-159\">\n\t\t\t\t<div class=\"elementor-element elementor-element-cb1b3e8 e-flex e-con-boxed e-con e-parent\" data-id=\"cb1b3e8\" data-element_type=\"container\" data-e-type=\"container\">\n\t\t\t\t\t<div class=\"e-con-inner\">\n\t\t\t\t<div class=\"elementor-element elementor-element-cc48ac3 elementor-widget elementor-widget-text-editor\" data-id=\"cc48ac3\" data-element_type=\"widget\" data-e-type=\"widget\" data-widget_type=\"text-editor.default\">\n\t\t\t\t<div class=\"elementor-widget-container\">\n\t\t\t\t\t\t\t\t\t<p style=\"text-align: center;\"><span style=\"font-size: 24px; color: #003366;\"><strong>Dy\u017cury pedagog\u00f3w oraz psychologa szkolnego<\/strong><\/span><\/p>\t\t\t\t\t\t\t\t<\/div>\n\t\t\t\t<\/div>\n\t\t\t\t\t<\/div>\n\t\t\t\t<\/div>\n\t\t<div class=\"elementor-element elementor-element-f5fad6c e-grid e-con-full e-con e-parent\" data-id=\"f5fad6c\" data-element_type=\"container\" data-e-type=\"container\">\n\t\t\t\t<div class=\"elementor-element elementor-element-c5c2fdf elementor-widget elementor-widget-text-editor\" data-id=\"c5c2fdf\" data-element_type=\"widget\" data-e-type=\"widget\" data-widget_type=\"text-editor.default\">\n\t\t\t\t<div class=\"elementor-widget-container\">\n\t\t\t\t\t\t\t\t\t<p style=\"text-align: center;\"><span style=\"font-size: 22px;\">Pedagog szkolny &#8211; <em><strong>mgr Monika Noga<\/strong><\/em><\/span><\/p>\n<p>\n<table id=\"tablepress-24\" class=\"tablepress tablepress-id-24\">\n<thead>\n<tr class=\"row-1\">\n\t<th class=\"column-1\">Dzie\u0144<\/th><th class=\"column-2\">Godzina<\/th>\n<\/tr>\n<\/thead>\n<tbody class=\"row-striping row-hover\">\n<tr class=\"row-2\">\n\t<td class=\"column-1\"><b>Poniedzia\u0142ek<\/b><\/td><td class=\"column-2\">10:30 &#8211; 13:30<\/td>\n<\/tr>\n<tr class=\"row-3\">\n\t<td class=\"column-1\"><b>Wtorek<\/b><\/td><td class=\"column-2\">&#8212;&#8212;&#8212;&#8212;&#8212;-<\/td>\n<\/tr>\n<tr class=\"row-4\">\n\t<td class=\"column-1\"><b>\u015aroda<\/b><\/td><td class=\"column-2\">10:30 &#8211; 11:30<\/td>\n<\/tr>\n<tr class=\"row-5\">\n\t<td class=\"column-1\"><b>Czwartek<\/b><\/td><td class=\"column-2\">8:30 &#8211; 10:30<br \/>\n11:30 &#8211; 12:30<\/td>\n<\/tr>\n<tr class=\"row-6\">\n\t<td class=\"column-1\"><b>Pi\u0105tek<\/b><\/td><td class=\"column-2\">9:00 &#8211; 13:00<\/td>\n<\/tr>\n<\/tbody>\n<\/table>\n<!-- #tablepress-24 from cache --><\/p>\t\t\t\t\t\t\t\t<\/div>\n\t\t\t\t<\/div>\n\t\t\t\t<div class=\"elementor-element elementor-element-130b893 elementor-widget elementor-widget-text-editor\" data-id=\"130b893\" data-element_type=\"widget\" data-e-type=\"widget\" data-widget_type=\"text-editor.default\">\n\t\t\t\t<div class=\"elementor-widget-container\">\n\t\t\t\t\t\t\t\t\t<p style=\"text-align: center;\"><span style=\"font-size: 22px;\"><span style=\"color: #000000;\">Pedagog szkolny<\/span> &#8211; <em><strong>mgr Iwona Zych<\/strong><\/em><\/span><\/p>\n<p>\n<table id=\"tablepress-26\" class=\"tablepress tablepress-id-26\">\n<thead>\n<tr class=\"row-1\">\n\t<th class=\"column-1\">Dzie\u0144<\/th><th class=\"column-2\">Godzina<\/th>\n<\/tr>\n<\/thead>\n<tbody class=\"row-striping row-hover\">\n<tr class=\"row-2\">\n\t<td class=\"column-1\"><b>Poniedzia\u0142ek<\/b><\/td><td class=\"column-2\">8:45 &#8211; 15:00<\/td>\n<\/tr>\n<tr class=\"row-3\">\n\t<td class=\"column-1\"><b>Wtorek<\/b><\/td><td class=\"column-2\">8:00 &#8211; 12:00<\/td>\n<\/tr>\n<tr class=\"row-4\">\n\t<td class=\"column-1\"><b>\u015aroda<\/b><\/td><td class=\"column-2\">8:00 &#8211; 13:15<\/td>\n<\/tr>\n<tr class=\"row-5\">\n\t<td class=\"column-1\"><b>Czwartek<\/b><\/td><td class=\"column-2\">9:00 &#8211; 13:30<\/td>\n<\/tr>\n<tr class=\"row-6\">\n\t<td class=\"column-1\"><b>Pi\u0105tek<\/b><\/td><td class=\"column-2\">9:00 &#8211; 11:00<\/td>\n<\/tr>\n<\/tbody>\n<\/table>\n<!-- #tablepress-26 from cache --><\/p>\n<p style=\"text-align: left;\">\u00a0<\/p>\t\t\t\t\t\t\t\t<\/div>\n\t\t\t\t<\/div>\n\t\t\t\t<div class=\"elementor-element elementor-element-6407cd2 elementor-widget elementor-widget-text-editor\" data-id=\"6407cd2\" data-element_type=\"widget\" data-e-type=\"widget\" data-widget_type=\"text-editor.default\">\n\t\t\t\t<div class=\"elementor-widget-container\">\n\t\t\t\t\t\t\t\t\t<p style=\"text-align: center;\"><span style=\"font-size: 22px;\">Psycholog szkolny &#8211; <em><strong>mgr Magdalena Ste\u0107<\/strong><\/em><\/span><\/p>\n<p>\n<table id=\"tablepress-27\" class=\"tablepress tablepress-id-27\">\n<thead>\n<tr class=\"row-1\">\n\t<th class=\"column-1\">Dzie\u0144<\/th><th class=\"column-2\">Godzina<\/th>\n<\/tr>\n<\/thead>\n<tbody class=\"row-striping row-hover\">\n<tr class=\"row-2\">\n\t<td class=\"column-1\"><b>Poniedzia\u0142ek<\/b><\/td><td class=\"column-2\">7:30 &#8211; 8:00<br \/>\n10:30 &#8211; 12:45<\/td>\n<\/tr>\n<tr class=\"row-3\">\n\t<td class=\"column-1\"><b>Wtorek<\/b><\/td><td class=\"column-2\">8:30 &#8211; 9:45<br \/>\n11:30 &#8211; 13:30<\/td>\n<\/tr>\n<tr class=\"row-4\">\n\t<td class=\"column-1\"><b>\u015aroda<\/b><\/td><td class=\"column-2\">7:30 &#8211; 9:45<br \/>\n11:30 &#8211; 14:30<\/td>\n<\/tr>\n<tr class=\"row-5\">\n\t<td class=\"column-1\"><b>Czwartek<\/b><\/td><td class=\"column-2\">7:30 &#8211; 8:00<br \/>\n10:45 &#8211; 13:30<\/td>\n<\/tr>\n<tr class=\"row-6\">\n\t<td class=\"column-1\"><b>Pi\u0105tek<\/b><\/td><td class=\"column-2\">7:30 &#8211; 8:45<br \/>\n9:45 &#8211; 11:00<\/td>\n<\/tr>\n<\/tbody>\n<\/table>\n<!-- #tablepress-27 from cache --><\/p>\n<p style=\"text-align: left;\">\u00a0<\/p>\n<p>\u00a0<\/p>\t\t\t\t\t\t\t\t<\/div>\n\t\t\t\t<\/div>\n\t\t\t\t<div class=\"elementor-element elementor-element-537285f elementor-widget elementor-widget-text-editor\" data-id=\"537285f\" data-element_type=\"widget\" data-e-type=\"widget\" data-widget_type=\"text-editor.default\">\n\t\t\t\t<div class=\"elementor-widget-container\">\n\t\t\t\t\t\t\t\t\t<p style=\"text-align: center;\"><span style=\"font-size: 22px;\">Pedagog specjalny &#8211; <em><strong>mgr Joanna \u0141\u0105cka<\/strong><\/em><\/span><\/p>\n<p>\n<table id=\"tablepress-28\" class=\"tablepress tablepress-id-28\">\n<thead>\n<tr class=\"row-1\">\n\t<th class=\"column-1\">Dzie\u0144<\/th><th class=\"column-2\">Godzina<\/th>\n<\/tr>\n<\/thead>\n<tbody class=\"row-striping row-hover\">\n<tr class=\"row-2\">\n\t<td class=\"column-1\"><b>Poniedzia\u0142ek<\/b><\/td><td class=\"column-2\">8:00 &#8211; 11:30<\/td>\n<\/tr>\n<tr class=\"row-3\">\n\t<td class=\"column-1\"><b>Wtorek<\/b><\/td><td class=\"column-2\">8:00 &#8211; 9:00<br \/>\n11:00 &#8211; 12:30<\/td>\n<\/tr>\n<tr class=\"row-4\">\n\t<td class=\"column-1\"><b>\u015aroda<\/b><\/td><td class=\"column-2\">8:00 &#8211; 9:00<br \/>\n9:45 &#8211; 11:45<br \/>\n13:30 &#8211; 14:30<\/td>\n<\/tr>\n<tr class=\"row-5\">\n\t<td class=\"column-1\"><b>Czwartek<\/b><\/td><td class=\"column-2\">9:00 &#8211; 10:00<br \/>\n10:30 &#8211; 14:00<\/td>\n<\/tr>\n<tr class=\"row-6\">\n\t<td class=\"column-1\"><b>Pi\u0105tek<\/b><\/td><td class=\"column-2\">9:45 &#8211; 10:45<br \/>\n11:30 &#8211; 13:30<\/td>\n<\/tr>\n<\/tbody>\n<\/table>\n<!-- #tablepress-28 from cache --><\/p>\t\t\t\t\t\t\t\t<\/div>\n\t\t\t\t<\/div>\n\t\t\t\t<\/div>\n\t\t<div class=\"elementor-element elementor-element-2cd6fd6 e-flex e-con-boxed e-con e-parent\" data-id=\"2cd6fd6\" data-element_type=\"container\" data-e-type=\"container\">\n\t\t\t\t\t<div class=\"e-con-inner\">\n\t\t\t\t<div class=\"elementor-element elementor-element-7ff0cc36 elementor-widget elementor-widget-text-editor\" data-id=\"7ff0cc36\" data-element_type=\"widget\" data-e-type=\"widget\" data-widget_type=\"text-editor.default\">\n\t\t\t\t<div class=\"elementor-widget-container\">\n\t\t\t\t\t\t\t\t\t<p><span style=\"font-size: 18pt; color: #ff6600;\"><strong>Dy\u017cur Psychologa Poradni Psychologiczno \u2013 Pedagogicznej nr 4 <span style=\"font-size: 16px;\">\u00a0<\/span><\/strong><\/span><strong><span style=\"font-size: 16px; color: #ff6600;\">os. Kalinowe 18, tel. 12 644 18 85<\/span><\/strong><\/p>\n<p><span style=\"font-size: 12pt; color: #000000;\">Pani psycholog <strong>Angelika Pechta<\/strong><\/span><\/p>\n<ul>\n<li>Pierwszy poniedzia\u0142ek miesi\u0105ca w godzinach 9.00- 12.00<\/li>\n<\/ul>\n<p><span style=\"text-decoration: underline; font-size: 12pt; color: #000000;\">12 644 18 85 mog\u0105 Pa\u0144stwo uzyska\u0107 tu porady oraz pomoc psychologiczn\u0105 i pedagogiczn\u0105.<\/span><\/p>\n<p>\u00a0<\/p>\n<p><a href=\"http:\/\/sp91krakow.pl\/sp91\/wp-content\/uploads\/2023\/10\/Dzien-zdrowia-psychicznego.jpg\"><img fetchpriority=\"high\" decoding=\"async\" src=\"http:\/\/sp91krakow.pl\/sp91\/wp-content\/uploads\/2023\/10\/Dzien-zdrowia-psychicznego.jpg\" alt=\"\" width=\"1170\" height=\"1643\" \/><\/a><\/p>\n<p>\u00a0<\/p>\t\t\t\t\t\t\t\t<\/div>\n\t\t\t\t<\/div>\n\t\t\t\t\t<\/div>\n\t\t\t\t<\/div>\n\t\t\t\t<\/div>\n\t\t","protected":false},"excerpt":{"rendered":"<p>Dy\u017cury pedagog\u00f3w oraz psychologa szkolnego Pedagog szkolny &#8211; mgr Monika Noga Pedagog szkolny &#8211; mgr Iwona Zych \u00a0 Psycholog szkolny &#8211; mgr Magdalena Ste\u0107 \u00a0 \u00a0 Pedagog specjalny &#8211; mgr Joanna \u0141\u0105cka Dy\u017cur Psychologa Poradni Psychologiczno \u2013 Pedagogicznej nr 4 \u00a0os. Kalinowe 18, tel. 12 644 18 85 Pani psycholog Angelika Pechta Pierwszy poniedzia\u0142ek miesi\u0105ca&hellip; <br \/> <a class=\"read-more\" href=\"http:\/\/sp91krakow.pl\/sp91\/szkola\/pedagog-szkolny\/kontakt\/\">Dowiedz si\u0119 wi\u0119cej<\/a><\/p>\n","protected":false},"author":1,"featured_media":0,"parent":153,"menu_order":0,"comment_status":"closed","ping_status":"closed","template":"","meta":{"rop_custom_images_group":[],"rop_custom_messages_group":[],"rop_publish_now":"initial","rop_publish_now_accounts":[],"rop_publish_now_history":[],"rop_publish_now_status":"pending","footnotes":""},"class_list":["post-159","page","type-page","status-publish","hentry"],"_links":{"self":[{"href":"http:\/\/sp91krakow.pl\/sp91\/wp-json\/wp\/v2\/pages\/159","targetHints":{"allow":["GET"]}}],"collection":[{"href":"http:\/\/sp91krakow.pl\/sp91\/wp-json\/wp\/v2\/pages"}],"about":[{"href":"http:\/\/sp91krakow.pl\/sp91\/wp-json\/wp\/v2\/types\/page"}],"author":[{"embeddable":true,"href":"http:\/\/sp91krakow.pl\/sp91\/wp-json\/wp\/v2\/users\/1"}],"replies":[{"embeddable":true,"href":"http:\/\/sp91krakow.pl\/sp91\/wp-json\/wp\/v2\/comments?post=159"}],"version-history":[{"count":98,"href":"http:\/\/sp91krakow.pl\/sp91\/wp-json\/wp\/v2\/pages\/159\/revisions"}],"predecessor-version":[{"id":19747,"href":"http:\/\/sp91krakow.pl\/sp91\/wp-json\/wp\/v2\/pages\/159\/revisions\/19747"}],"up":[{"embeddable":true,"href":"http:\/\/sp91krakow.pl\/sp91\/wp-json\/wp\/v2\/pages\/153"}],"wp:attachment":[{"href":"http:\/\/sp91krakow.pl\/sp91\/wp-json\/wp\/v2\/media?parent=159"}],"curies":[{"name":"wp","href":"https:\/\/api.w.org\/{rel}","templated":true}]}}