{"id":161,"date":"2018-08-26T21:45:33","date_gmt":"2018-08-26T19:45:33","guid":{"rendered":"http:\/\/sp91krakow.pl\/sp91\/?page_id=161"},"modified":"2025-08-28T13:07:41","modified_gmt":"2025-08-28T11:07:41","slug":"stolowka","status":"publish","type":"page","link":"http:\/\/sp91krakow.pl\/sp91\/szkola\/stolowka\/","title":{"rendered":"Sto\u0142\u00f3wka"},"content":{"rendered":"\t\t<div data-elementor-type=\"wp-page\" data-elementor-id=\"161\" class=\"elementor elementor-161\">\n\t\t\t\t<div class=\"elementor-element elementor-element-524bd6d e-flex e-con-boxed e-con e-parent\" data-id=\"524bd6d\" data-element_type=\"container\" data-e-type=\"container\">\n\t\t\t\t\t<div class=\"e-con-inner\">\n\t\t\t\t<div class=\"elementor-element elementor-element-2482429 elementor-view-stacked elementor-shape-circle elementor-position-block-start elementor-mobile-position-block-start elementor-widget elementor-widget-icon-box\" data-id=\"2482429\" data-element_type=\"widget\" data-e-type=\"widget\" data-widget_type=\"icon-box.default\">\n\t\t\t\t<div class=\"elementor-widget-container\">\n\t\t\t\t\t\t\t<div class=\"elementor-icon-box-wrapper\">\n\n\t\t\t\t\t\t<div class=\"elementor-icon-box-icon\">\n\t\t\t\t<span  class=\"elementor-icon\">\n\t\t\t\t<svg aria-hidden=\"true\" class=\"e-font-icon-svg e-fas-star\" viewBox=\"0 0 576 512\" xmlns=\"http:\/\/www.w3.org\/2000\/svg\"><path d=\"M259.3 17.8L194 150.2 47.9 171.5c-26.2 3.8-36.7 36.1-17.7 54.6l105.7 103-25 145.5c-4.5 26.3 23.2 46 46.4 33.7L288 439.6l130.7 68.7c23.2 12.2 50.9-7.4 46.4-33.7l-25-145.5 105.7-103c19-18.5 8.5-50.8-17.7-54.6L382 150.2 316.7 17.8c-11.7-23.6-45.6-23.9-57.4 0z\"><\/path><\/svg>\t\t\t\t<\/span>\n\t\t\t<\/div>\n\t\t\t\n\t\t\t\t\t\t<div class=\"elementor-icon-box-content\">\n\n\t\t\t\t\t\t\t\t\t<h2 class=\"elementor-icon-box-title\">\n\t\t\t\t\t\t<span  >\n\t\t\t\t\t\t\tAKTUALNO\u015aCI\t\t\t\t\t\t<\/span>\n\t\t\t\t\t<\/h2>\n\t\t\t\t\n\t\t\t\t\n\t\t\t<\/div>\n\t\t\t\n\t\t<\/div>\n\t\t\t\t\t\t<\/div>\n\t\t\t\t<\/div>\n\t\t\t\t<div class=\"elementor-element elementor-element-c6b6cad elementor-widget elementor-widget-sp_easy_accordion_pro_shortcode\" data-id=\"c6b6cad\" data-element_type=\"widget\" data-e-type=\"widget\" data-widget_type=\"sp_easy_accordion_pro_shortcode.default\">\n\t\t\t\t<div class=\"elementor-widget-container\">\n\t\t\t\t\t<style>#sp-ea-19144 .spcollapsing { height: 0; overflow: hidden; transition-property: height;transition-duration: 300ms;}#sp-ea-19144.sp-easy-accordion>.sp-ea-single {margin-bottom: 10px; border: 1px solid #ff6b6b; }#sp-ea-19144.sp-easy-accordion>.sp-ea-single>.ea-header a {color: #444;}#sp-ea-19144.sp-easy-accordion>.sp-ea-single>.sp-collapse>.ea-body {background: #fff; color: #444;}#sp-ea-19144.sp-easy-accordion>.sp-ea-single {background: #ffecec;}#sp-ea-19144.sp-easy-accordion>.sp-ea-single>.ea-header a .ea-expand-icon { float: left; color: #444;font-size: 16px;}<\/style><div id=\"sp_easy_accordion-1756376444\"><div id=\"sp-ea-19144\" class=\"sp-ea-one sp-easy-accordion\" data-ea-active=\"ea-click\" data-ea-mode=\"vertical\" data-preloader=\"\" data-scroll-active-item=\"\" data-offset-to-scroll=\"0\"><div class=\"ea-card sp-ea-single\"><h3 class=\"ea-header\"><a class=\"collapsed\" id=\"ea-header-191440\" role=\"button\" data-sptoggle=\"spcollapse\" data-sptarget=\"#collapse191440\" aria-controls=\"collapse191440\" href=\"#\" aria-expanded=\"false\" tabindex=\"0\"><i aria-hidden=\"true\" role=\"presentation\" class=\"ea-expand-icon eap-icon-ea-expand-plus\"><\/i> P\u0141ATNO\u015a\u0106 ZA OBIADY - kwiecie\u0144 2026<\/a><\/h3><div class=\"sp-collapse spcollapse spcollapse\" id=\"collapse191440\" data-parent=\"#sp-ea-19144\" role=\"region\" aria-labelledby=\"ea-header-191440\"> <div class=\"ea-body\"><p><span style=\"font-size: 20px;color: #000000\">KOSZT OBIAD\u00d3W na m-c <b>kwiecie\u0144 <\/b><\/span><span style=\"font-size: 20px;color: #000000\"><span style=\"font-size: 20px\">2026r. wynosi:<\/span><\/span><\/p><ul><li><span style=\"font-size: 18px;color: #000000\"><strong>Klasy\u00a0 1-3:<\/strong>\u00a0 \u00a0 \u00a018 obiad\u00f3w\u00a0 \u00a0x\u00a0 14,00 z\u0142 = 252 z\u0142<\/span><\/li><li><span style=\"font-size: 18px;color: #000000\"><strong>Klasy\u00a0 4-8:<\/strong>\u00a0 \u00a0 \u00a018 obiad\u00f3w\u00a0 \u00a0x\u00a0 15,00 z\u0142 = 270 z\u0142<\/span><\/li><\/ul><p>&nbsp;<\/p><p><span style=\"font-size: 18px;color: #000000\">\u00a0 Wp\u0142at prosz\u0119 dokonywa\u0107 do dnia <span style=\"font-size: 20px\"><strong>10.04.2026r. <\/strong><\/span><\/span><span style=\"font-size: 18px;color: #000000\">na rachunek bankowy.<\/span><\/p><p><span style=\"font-size: 18px;color: #000000\"><br \/>\u00a0 Nr. konta bankowego:\u00a0 \u00a0<\/span><span style=\"font-size: 18px;color: #000000\">79 1240 4605 1111 0010 8473 2454\u00a0<br \/>\u00a0 \u201d al dente \u201d\u00a0<br \/>\u00a0 Dominik Jurkiewicz<br \/>\u00a0 os. Handlowe 4\u00a0<br \/>\u00a0 31-935 Krak\u00f3w<\/span><\/p><p><span style=\"font-size: 18px;color: #000000\">\u00a0 <strong>W tytule przelewu: imi\u0119 i nazwisko ucznia, klasa, miesi\u0105c,<\/strong><\/span><\/p><\/div><\/div><\/div><div class=\"ea-card sp-ea-single\"><h3 class=\"ea-header\"><a class=\"collapsed\" id=\"ea-header-191441\" role=\"button\" data-sptoggle=\"spcollapse\" data-sptarget=\"#collapse191441\" aria-controls=\"collapse191441\" href=\"#\" aria-expanded=\"false\" tabindex=\"0\"><i aria-hidden=\"true\" role=\"presentation\" class=\"ea-expand-icon eap-icon-ea-expand-plus\"><\/i> CENNIK<\/a><\/h3><div class=\"sp-collapse spcollapse spcollapse\" id=\"collapse191441\" data-parent=\"#sp-ea-19144\" role=\"region\" aria-labelledby=\"ea-header-191441\"> <div class=\"ea-body\"><p style=\"text-align: left;padding-left: 40px\"><span style=\"font-size: 18px\"><span style=\"color: #000000\">CENNIK DLA UCZNI\u00d3W\u00a0<\/span><\/span><\/p><p style=\"padding-left: 40px\"><span style=\"color: #000000\"><b>Klasy\u00a0 1-3\u00a0 - abonament<\/b><\/span><\/p><ul><li style=\"list-style-type: none\"><ul><li>ca\u0142y obiad: 14 z\u0142<\/li><li>zupa: 2 z\u0142<\/li><li>II danie: 12 z\u0142<\/li><\/ul><\/li><\/ul><p style=\"text-align: left;padding-left: 40px\"><span style=\"color: #000000\"><b>Klasy\u00a0 4-8\u00a0 - abonament<\/b><\/span><\/p><ul><li style=\"list-style-type: none\"><ul><li>ca\u0142y obiad: 15 z\u0142<\/li><li>zupa: 3 z\u0142<\/li><li>II danie: 12 z\u0142<\/li><\/ul><\/li><\/ul><p style=\"text-align: left;padding-left: 40px\"><span style=\"color: #000000\"><b>Bez abonamentu<\/b><\/span><\/p><ul><li style=\"list-style-type: none\"><ul><li>zupa: 3 z\u0142<\/li><li>II danie: 13 z\u0142\u00a0<\/li><\/ul><\/li><\/ul><\/div><\/div><\/div><div class=\"ea-card sp-ea-single\"><h3 class=\"ea-header\"><a class=\"collapsed\" id=\"ea-header-191442\" role=\"button\" data-sptoggle=\"spcollapse\" data-sptarget=\"#collapse191442\" aria-controls=\"collapse191442\" href=\"#\" aria-expanded=\"false\" tabindex=\"0\"><i aria-hidden=\"true\" role=\"presentation\" class=\"ea-expand-icon eap-icon-ea-expand-plus\"><\/i> NIEOBECNO\u015aCI DZIECKA NA OBIEDZIE<\/a><\/h3><div class=\"sp-collapse spcollapse spcollapse\" id=\"collapse191442\" data-parent=\"#sp-ea-19144\" role=\"region\" aria-labelledby=\"ea-header-191442\"> <div class=\"ea-body\"><p style=\"text-align: left\"><span style=\"color: #000000\">Nieobecno\u015bci dziecka na obiedzie zg\u0142aszamy <strong>do godziny<\/strong><strong>\u00a08:30<\/strong> <strong>SMS-em pod numer telefonu<\/strong><strong>\u00a0<\/strong>509-972-070\u00a0<\/span><\/p><p style=\"text-align: left\"><span style=\"color: #000000\" data-ccp-props=\"{&quot;134245417&quot;:false}\">W wiadomo\u015bci sms nale\u017cy poda\u0107:<\/span><\/p><ul style=\"text-align: left\"><li><span style=\"color: #000000\">IMI\u0118 I NAZWISKO\u00a0<\/span><\/li><li><span style=\"color: #000000\">KLASA\u00a0<\/span><\/li><li><span style=\"color: #000000\">ILE DNI\u00a0<\/span><\/li><\/ul><p style=\"text-align: left\"><span style=\"color: #000000\">\u00a0<strong>W wypadku nieprzes\u0142ania wiadomo\u015bci jak powy\u017cej, nieobecno\u015bci nie b\u0119d\u0105 uwzgl\u0119dniane!<\/strong><\/span><\/p><\/div><\/div><\/div><\/div><\/div>\t\t\t\t<\/div>\n\t\t\t\t<\/div>\n\t\t\t\t\t<\/div>\n\t\t\t\t<\/div>\n\t\t<div class=\"elementor-element elementor-element-caa5dc5 e-flex e-con-boxed e-con e-parent\" data-id=\"caa5dc5\" data-element_type=\"container\" data-e-type=\"container\">\n\t\t\t\t\t<div class=\"e-con-inner\">\n\t\t\t\t<div class=\"elementor-element elementor-element-4eff8ac elementor-view-stacked elementor-shape-circle elementor-position-block-start elementor-mobile-position-block-start elementor-widget elementor-widget-icon-box\" data-id=\"4eff8ac\" data-element_type=\"widget\" data-e-type=\"widget\" data-widget_type=\"icon-box.default\">\n\t\t\t\t<div class=\"elementor-widget-container\">\n\t\t\t\t\t\t\t<div class=\"elementor-icon-box-wrapper\">\n\n\t\t\t\t\t\t<div class=\"elementor-icon-box-icon\">\n\t\t\t\t<span  class=\"elementor-icon\">\n\t\t\t\t<svg aria-hidden=\"true\" class=\"e-font-icon-svg e-fas-utensils\" viewBox=\"0 0 416 512\" xmlns=\"http:\/\/www.w3.org\/2000\/svg\"><path d=\"M207.9 15.2c.8 4.7 16.1 94.5 16.1 128.8 0 52.3-27.8 89.6-68.9 104.6L168 486.7c.7 13.7-10.2 25.3-24 25.3H80c-13.7 0-24.7-11.5-24-25.3l12.9-238.1C27.7 233.6 0 196.2 0 144 0 109.6 15.3 19.9 16.1 15.2 19.3-5.1 61.4-5.4 64 16.3v141.2c1.3 3.4 15.1 3.2 16 0 1.4-25.3 7.9-139.2 8-141.8 3.3-20.8 44.7-20.8 47.9 0 .2 2.7 6.6 116.5 8 141.8.9 3.2 14.8 3.4 16 0V16.3c2.6-21.6 44.8-21.4 48-1.1zm119.2 285.7l-15 185.1c-1.2 14 9.9 26 23.9 26h56c13.3 0 24-10.7 24-24V24c0-13.2-10.7-24-24-24-82.5 0-221.4 178.5-64.9 300.9z\"><\/path><\/svg>\t\t\t\t<\/span>\n\t\t\t<\/div>\n\t\t\t\n\t\t\t\t\t\t<div class=\"elementor-icon-box-content\">\n\n\t\t\t\t\t\t\t\t\t<h2 class=\"elementor-icon-box-title\">\n\t\t\t\t\t\t<span  >\n\t\t\t\t\t\t\tMENU\t\t\t\t\t\t<\/span>\n\t\t\t\t\t<\/h2>\n\t\t\t\t\n\t\t\t\t\n\t\t\t<\/div>\n\t\t\t\n\t\t<\/div>\n\t\t\t\t\t\t<\/div>\n\t\t\t\t<\/div>\n\t\t\t\t<div class=\"elementor-element elementor-element-b96ccd0 elementor-widget elementor-widget-sp_easy_accordion_pro_shortcode\" data-id=\"b96ccd0\" data-element_type=\"widget\" data-e-type=\"widget\" data-widget_type=\"sp_easy_accordion_pro_shortcode.default\">\n\t\t\t\t<div class=\"elementor-widget-container\">\n\t\t\t\t\t<style>#sp-ea-11898 .spcollapsing { height: 0; overflow: hidden; transition-property: height;transition-duration: 300ms;}#sp-ea-11898.sp-easy-accordion>.sp-ea-single {margin-bottom: 10px; border: 1px solid #6c63d3; }#sp-ea-11898.sp-easy-accordion>.sp-ea-single>.ea-header a {color: #000000;}#sp-ea-11898.sp-easy-accordion>.sp-ea-single>.sp-collapse>.ea-body {background: #fff; color: #444;}#sp-ea-11898.sp-easy-accordion>.sp-ea-single {background: #d8cfff;}#sp-ea-11898.sp-easy-accordion>.sp-ea-single>.ea-header a .ea-expand-icon { float: left; color: #444;font-size: 16px;}<\/style><div id=\"sp_easy_accordion-1725036450\"><div id=\"sp-ea-11898\" class=\"sp-ea-one sp-easy-accordion\" data-ea-active=\"ea-click\" data-ea-mode=\"vertical\" data-preloader=\"\" data-scroll-active-item=\"\" data-offset-to-scroll=\"0\"><div class=\"ea-card sp-ea-single\"><h3 class=\"ea-header\"><a class=\"collapsed\" id=\"ea-header-118980\" role=\"button\" data-sptoggle=\"spcollapse\" data-sptarget=\"#collapse118980\" aria-controls=\"collapse118980\" href=\"#\" aria-expanded=\"false\" tabindex=\"0\"><i aria-hidden=\"true\" role=\"presentation\" class=\"ea-expand-icon eap-icon-ea-expand-plus\"><\/i> Menu 08-10.04.2026<\/a><\/h3><div class=\"sp-collapse spcollapse spcollapse\" id=\"collapse118980\" data-parent=\"#sp-ea-11898\" role=\"region\" aria-labelledby=\"ea-header-118980\"> <div class=\"ea-body\"><p style=\"text-align: left\"><table id=\"tablepress-7\" class=\"tablepress tablepress-id-7\" aria-describedby=\"tablepress-7-description\"><thead><tr class=\"row-1\"><th class=\"column-1\"><i>06-04-2026<\/i><br><b> Poniedzia\u0142ek<\/b><\/th><th class=\"column-2\">DZIE\u0143 WOLNY SZKO\u0141Y<\/th><td class=\"column-3\"><\/td><td class=\"column-4\"><\/td><td class=\"column-5\"><\/td><\/tr><\/thead><tbody class=\"row-striping row-hover\"><tr class=\"row-2\"><td class=\"column-1\"><i>07-04-2026<\/i><br><b> Wtorek<\/b><\/td><td class=\"column-2\">DZIE\u0143 WOLNY SZKO\u0141Y<\/td><td class=\"column-3\"><\/td><td class=\"column-4\"><\/td><td class=\"column-5\"><\/td><\/tr><tr class=\"row-3\"><td class=\"column-1\"><i>08-04-2026<\/i><br><b> \u015aroda<\/b><\/td><td class=\"column-2\">Kalafiorowa z ry\u017cem 300g<\/td><td class=\"column-3\"><i>gluten, mleko, seler<\/i><\/td><td class=\"column-4\">Spaghetti bolognese (300 g), Kompot,<\/td><td class=\"column-5\"><i>gluten<\/i><\/td><\/tr><tr class=\"row-4\"><td class=\"column-1\"><i>09-04-2026<\/i><br><b> Czwartek<\/b><\/td><td class=\"column-2\">Grysikowa 300g<\/td><td class=\"column-3\"><i>gluten, seler<\/i><\/td><td class=\"column-4\">Sznycel mielony w sosie w\u0142asnym 100g, kasza120g, buraczki 80g (300 g), Kompot,<\/td><td class=\"column-5\"><i>gluten, jaja, mleko<\/i><\/td><\/tr><tr class=\"row-5\"><td class=\"column-1\"><i>10-04-2026<\/i><br><b> Pi\u0105tek<\/b><\/td><td class=\"column-2\">Pomidorowa z makaronem 300g<\/td><td class=\"column-3\"><i>gluten, mleko, seler<\/i><\/td><td class=\"column-4\">Ryba panierowana 100g, Ziemniaki 120g, sur\u00f3wka z kapusty kiszonej 80g (300 g), Kompot,<\/td><td class=\"column-5\"><i>gluten, jaja, ryby, mleko<\/i><\/td><\/tr><tr class=\"row-6\"><td class=\"column-1\"><i>06-03-2026<\/i><br><b> Pi\u0105tek<\/b><\/td><td class=\"column-2\">Pomidorowa z ry\u017cem 300g<\/td><td class=\"column-3\"><i>gluten, mleko, seler<\/i><\/td><td class=\"column-4\">Ryba panierowana 100g, Ziemniaki 120g, sur\u00f3wka z kapusty kiszonej 80g (300 g), Kompot<\/td><td class=\"column-5\"><i>gluten, jaja, ryby, mleko<\/i><\/td><\/tr><\/tbody><\/table><span id=\"tablepress-7-description\" class=\"tablepress-table-description tablepress-table-description-id-7\"><font color=\"black\">Napoje codziennie wed\u0142ug potrzeb. Sk\u0142adniki potraw dost\u0119pne w biurze ajenta.<\/font><br><br><br><br \/><\/span><\/p><\/div><\/div><\/div><div class=\"ea-card sp-ea-single\"><h3 class=\"ea-header\"><a class=\"collapsed\" id=\"ea-header-118981\" role=\"button\" data-sptoggle=\"spcollapse\" data-sptarget=\"#collapse118981\" aria-controls=\"collapse118981\" href=\"#\" aria-expanded=\"false\" tabindex=\"0\"><i aria-hidden=\"true\" role=\"presentation\" class=\"ea-expand-icon eap-icon-ea-expand-plus\"><\/i> Menu 13-17.04.2026<\/a><\/h3><div class=\"sp-collapse spcollapse spcollapse\" id=\"collapse118981\" data-parent=\"#sp-ea-11898\" role=\"region\" aria-labelledby=\"ea-header-118981\"> <div class=\"ea-body\"><h2 id=\"tablepress-8-name\" class=\"tablepress-table-name tablepress-table-name-id-8\">Menu - 13-17.04.2026<\/h2><table id=\"tablepress-8\" class=\"tablepress tablepress-id-8\" aria-labelledby=\"tablepress-8-name\" aria-describedby=\"tablepress-8-description\"><thead><tr class=\"row-1\"><th class=\"column-1\">Dzie\u0144<\/th><th class=\"column-2\">Zupa<\/th><th class=\"column-3\">Alergeny<\/th><th class=\"column-4\">Drugie danie<\/th><th class=\"column-5\">Alergeny<\/th><\/tr><\/thead><tbody class=\"row-striping row-hover\"><tr class=\"row-2\"><td class=\"column-1\"><i>13-04-2026<\/i><br><b> Poniedzia\u0142ek<\/b><\/td><td class=\"column-2\">Koperkowa z lanym ciastem 300g<\/td><td class=\"column-3\"><i>gluten, jaja, mleko, seler<\/i><\/td><td class=\"column-4\">Kurczak w sosie carry 180g z ry\u017cem 120g (300 g), Kompot,<\/td><td class=\"column-5\"><i>gluten, mleko<\/i><\/td><\/tr><tr class=\"row-3\"><td class=\"column-1\"><i>14-04-2026<\/i><br><b> Wtorek<\/b><\/td><td class=\"column-2\">Krem z marchewki 300g<\/td><td class=\"column-3\"><i>gluten, mleko, seler<\/i><\/td><td class=\"column-4\">Makaron z serem i jogurtem (300 g), Kompot,<\/td><td class=\"column-5\"><i>gluten, mleko<\/i><\/td><\/tr><tr class=\"row-4\"><td class=\"column-1\"><i>15-04-2026<\/i><br><b> \u015aroda<\/b><\/td><td class=\"column-2\">Ros\u00f3\u0142 z makaronem 300g<\/td><td class=\"column-3\"><i>gluten, seler<\/i><\/td><td class=\"column-4\">Kotlet drobiowy panierowany 100g z ziemniakami 120g z mizeri\u0105 (300 g), Kompot,<\/td><td class=\"column-5\"><i>gluten, jaja, mleko<\/i><\/td><\/tr><tr class=\"row-5\"><td class=\"column-1\"><i>16-04-2026<\/i><br><b> Czwartek<\/b><\/td><td class=\"column-2\">Zupa z \u017c\u00f3\u0142tego groszku 300g<\/td><td class=\"column-3\"><i>gluten, mleko, seler<\/i><\/td><td class=\"column-4\">Pierogi ruskie (300 g), Kompot, Jab\u0142ko<\/td><td class=\"column-5\"><i>gluten, jaja,<\/i><\/td><\/tr><tr class=\"row-6\"><td class=\"column-1\"><i>17-04-2026<\/i><br><b> Pi\u0105tek<\/b><\/td><td class=\"column-2\">Krupnik zabielany 300g<\/td><td class=\"column-3\"><i>gluten, mleko, seler<\/i><\/td><td class=\"column-4\">Ryba panierowana 100g, Ziemniaki 120g, sur\u00f3wka szwedzka 80g (300 g), Kompot,<\/td><td class=\"column-5\"><i>gluten, jaja, ryba, mleko<\/i><\/td><\/tr><\/tbody><\/table><span id=\"tablepress-8-description\" class=\"tablepress-table-description tablepress-table-description-id-8\"><font color=\"black\">Napoje codziennie wed\u0142ug potrzeb. Sk\u0142adniki potraw dost\u0119pne w biurze ajenta.<\/font><br><br><br><br \/><\/span><\/div><\/div><\/div><div class=\"ea-card sp-ea-single\"><h3 class=\"ea-header\"><a class=\"collapsed\" id=\"ea-header-118982\" role=\"button\" data-sptoggle=\"spcollapse\" data-sptarget=\"#collapse118982\" aria-controls=\"collapse118982\" href=\"#\" aria-expanded=\"false\" tabindex=\"0\"><i aria-hidden=\"true\" role=\"presentation\" class=\"ea-expand-icon eap-icon-ea-expand-plus\"><\/i> Menu 20-24.04.2026<\/a><\/h3><div class=\"sp-collapse spcollapse spcollapse\" id=\"collapse118982\" data-parent=\"#sp-ea-11898\" role=\"region\" aria-labelledby=\"ea-header-118982\"> <div class=\"ea-body\"><table id=\"tablepress-9\" class=\"tablepress tablepress-id-9\"><thead><tr class=\"row-1\"><th class=\"column-1\">Dzie\u0144<\/th><th class=\"column-2\">Zupa<\/th><th class=\"column-3\">Alergeny<\/th><th class=\"column-4\">Drugie danie<\/th><th class=\"column-5\">Alergeny<\/th><\/tr><\/thead><tbody class=\"row-striping row-hover\"><tr class=\"row-2\"><td class=\"column-1\"><i>20-04-2026<\/i><br><b> Poniedzia\u0142ek<\/b><\/td><td class=\"column-2\">Jarzynowa z ziemniakami 300g<\/td><td class=\"column-3\"><i>gluten, mleko, seler<\/i><\/td><td class=\"column-4\">Kurczak w sosie meksyka\u0144skim 180g z ry\u017cem 120g (300 g), Kompot,<\/td><td class=\"column-5\"><i>gluten, mleko<\/i><\/td><\/tr><tr class=\"row-3\"><td class=\"column-1\"><i>21-04-2026<\/i><br><b> Wtorek<\/b><\/td><td class=\"column-2\">Barszcz bia\u0142y z ziemniakami 300g<\/td><td class=\"column-3\"><i>gluten, mleko, seler<\/i><\/td><td class=\"column-4\">\u0141azanki (300 g), Kompot,<\/td><td class=\"column-5\"><i>gluten<\/i><\/td><\/tr><tr class=\"row-4\"><td class=\"column-1\"><i>22-04-2026<\/i><br><b> \u015aroda<\/b><\/td><td class=\"column-2\">Ros\u00f3\u0142 z kluseczkami 300g<\/td><td class=\"column-3\"><i>gluten, seler<\/i><\/td><td class=\"column-4\">Schab duszony w sosie w\u0142asnym 100g z ziemniakami 120g sur\u00f3wka coles\u0142aw 80g (300 g), Kompot,<\/td><td class=\"column-5\"><i>gluten, mleko<\/i><\/td><\/tr><tr class=\"row-5\"><td class=\"column-1\"><i>23-04-2026<\/i><br><b> Czwartek<\/b><\/td><td class=\"column-2\">Botwinka 300g<\/td><td class=\"column-3\"><i>gluten, mleko, seler<\/i><\/td><td class=\"column-4\">Leniwe z sosem truskawkowym (300 g), Kompot,<\/td><td class=\"column-5\"><i>gluten, jaja, mleko<\/i><\/td><\/tr><tr class=\"row-6\"><td class=\"column-1\"><i>24-04-2026<\/i><br><b> Pi\u0105tek<\/b><\/td><td class=\"column-2\">Pomidorowa z ry\u017cem 300g<\/td><td class=\"column-3\"><i>gluten, mleko, seler<\/i><\/td><td class=\"column-4\">Ryba panierowana 100g, Ziemniaki 120g, sur\u00f3wka z czerwonej kapusty 80g (300 g), Kompot,<\/td><td class=\"column-5\"><i>gluten, jaja, ryba, mleko<\/i><\/td><\/tr><\/tbody><\/table><\/div><\/div><\/div><div class=\"ea-card sp-ea-single\"><h3 class=\"ea-header\"><a class=\"collapsed\" id=\"ea-header-118983\" role=\"button\" data-sptoggle=\"spcollapse\" data-sptarget=\"#collapse118983\" aria-controls=\"collapse118983\" href=\"#\" aria-expanded=\"false\" tabindex=\"0\"><i aria-hidden=\"true\" role=\"presentation\" class=\"ea-expand-icon eap-icon-ea-expand-plus\"><\/i> Menu 27-30.04.2026<\/a><\/h3><div class=\"sp-collapse spcollapse spcollapse\" id=\"collapse118983\" data-parent=\"#sp-ea-11898\" role=\"region\" aria-labelledby=\"ea-header-118983\"> <div class=\"ea-body\"><h2 id=\"tablepress-10-name\" class=\"tablepress-table-name tablepress-table-name-id-10\">Menu - 27-30.04.2026<\/h2><table id=\"tablepress-10\" class=\"tablepress tablepress-id-10\" aria-labelledby=\"tablepress-10-name\" aria-describedby=\"tablepress-10-description\"><thead><tr class=\"row-1\"><th class=\"column-1\">Dzie\u0144<\/th><th class=\"column-2\">Zupa<\/th><th class=\"column-3\">Alergeny<\/th><th class=\"column-4\">Drugie danie<\/th><th class=\"column-5\">Alergeny<\/th><\/tr><\/thead><tbody class=\"row-striping row-hover\"><tr class=\"row-2\"><td class=\"column-1\"><i>27-04-2026<\/i><br><b> Poniedzia\u0142ek<\/b><\/td><td class=\"column-2\">\u017burek z ziemniakami 300g<\/td><td class=\"column-3\"><i>gluten, mleko, seler<\/i><\/td><td class=\"column-4\">Gulasz z szynki 100g z kasz\u0105 120g z og\u00f3rkiem kiszonym 80g (300 g), Kompot,<\/td><td class=\"column-5\"><i>gluten, mleko<\/i><\/td><\/tr><tr class=\"row-3\"><td class=\"column-1\"><i>28-04-2026<\/i><br><b> Wtorek<\/b><\/td><td class=\"column-2\">Kapu\u015bniak 300g<\/td><td class=\"column-3\"><i>gluten, seler<\/i><\/td><td class=\"column-4\">Risotto z sosie pomidorowym (300 g), Kompot,<\/td><td class=\"column-5\"><i>gluten, mleko<\/i><\/td><\/tr><tr class=\"row-4\"><td class=\"column-1\"><i>29-04-2026<\/i><br><b> \u015aroda<\/b><\/td><td class=\"column-2\">Krupnik 300g<\/td><td class=\"column-3\"><i>gluten, mleko, seler<\/i><\/td><td class=\"column-4\">Kotlet drobiowy mielony 100g z ziemniakami 120g z mizeri\u0105 80g (300 g), Kompot,<\/td><td class=\"column-5\"><i>gluten, jaja, mleko<\/i><\/td><\/tr><tr class=\"row-5\"><td class=\"column-1\"><i>30-04-2026<\/i><br><b> Czwartek<\/b><\/td><td class=\"column-2\">Og\u00f3rkowa z ry\u017cem 300g<\/td><td class=\"column-3\"><i>gluten, mleko, seler<\/i><\/td><td class=\"column-4\">Pierogi ruskie (300 g), Kompot, Jab\u0142ko<\/td><td class=\"column-5\"><i>gluten, jaja,<\/i><\/td><\/tr><\/tbody><\/table><span id=\"tablepress-10-description\" class=\"tablepress-table-description tablepress-table-description-id-10\"><font color=\"black\">Napoje codziennie wed\u0142ug potrzeb. Sk\u0142adniki potraw dost\u0119pne w biurze ajenta.<\/font><br><br><br><br \/><\/span><\/div><\/div><\/div><\/div><\/div>\t\t\t\t<\/div>\n\t\t\t\t<\/div>\n\t\t\t\t\t<\/div>\n\t\t\t\t<\/div>\n\t\t\t\t<\/div>\n\t\t","protected":false},"excerpt":{"rendered":"<p>AKTUALNO\u015aCI ZAPISY NA ROK SZKOLNY 2025\/2026 Rozpoczynamy zapisy na obiady na nowy rok szkolny.Zg\u0142oszenia przyjmowane s\u0105: \ud83d\udcde telefonicznie lub SMS-em pod numerem: 509 972 070\u2709\ufe0f e-mailem na adres: aldenteobiady@op.pl(w przypadku zg\u0142oszenia e-mailowego prosimy o podanie numeru telefonu do rodzic\u00f3w) Zapisu dokonuje si\u0119 u ajenta sto\u0142\u00f3wki szkolnej. Uwaga! Uczniowie korzystaj\u0105cy z obiad\u00f3w w poprzednim roku szkolnym&hellip; <br \/> <a class=\"read-more\" href=\"http:\/\/sp91krakow.pl\/sp91\/szkola\/stolowka\/\">Dowiedz si\u0119 wi\u0119cej<\/a><\/p>\n","protected":false},"author":1,"featured_media":0,"parent":151,"menu_order":0,"comment_status":"closed","ping_status":"closed","template":"","meta":{"rop_custom_images_group":[],"rop_custom_messages_group":[],"rop_publish_now":"initial","rop_publish_now_accounts":[],"rop_publish_now_history":[],"rop_publish_now_status":"pending","footnotes":""},"class_list":["post-161","page","type-page","status-publish","hentry"],"_links":{"self":[{"href":"http:\/\/sp91krakow.pl\/sp91\/wp-json\/wp\/v2\/pages\/161","targetHints":{"allow":["GET"]}}],"collection":[{"href":"http:\/\/sp91krakow.pl\/sp91\/wp-json\/wp\/v2\/pages"}],"about":[{"href":"http:\/\/sp91krakow.pl\/sp91\/wp-json\/wp\/v2\/types\/page"}],"author":[{"embeddable":true,"href":"http:\/\/sp91krakow.pl\/sp91\/wp-json\/wp\/v2\/users\/1"}],"replies":[{"embeddable":true,"href":"http:\/\/sp91krakow.pl\/sp91\/wp-json\/wp\/v2\/comments?post=161"}],"version-history":[{"count":25,"href":"http:\/\/sp91krakow.pl\/sp91\/wp-json\/wp\/v2\/pages\/161\/revisions"}],"predecessor-version":[{"id":19170,"href":"http:\/\/sp91krakow.pl\/sp91\/wp-json\/wp\/v2\/pages\/161\/revisions\/19170"}],"up":[{"embeddable":true,"href":"http:\/\/sp91krakow.pl\/sp91\/wp-json\/wp\/v2\/pages\/151"}],"wp:attachment":[{"href":"http:\/\/sp91krakow.pl\/sp91\/wp-json\/wp\/v2\/media?parent=161"}],"curies":[{"name":"wp","href":"https:\/\/api.w.org\/{rel}","templated":true}]}}