{"id":1648,"date":"2019-04-07T22:19:23","date_gmt":"2019-04-07T20:19:23","guid":{"rendered":"http:\/\/sp91krakow.pl\/sp91\/?page_id=1648"},"modified":"2024-09-04T15:31:17","modified_gmt":"2024-09-04T13:31:17","slug":"karta-rowerowa","status":"publish","type":"page","link":"http:\/\/sp91krakow.pl\/sp91\/dla-uczniow\/karta-rowerowa\/","title":{"rendered":"Karta rowerowa"},"content":{"rendered":"<p style=\"text-align: center;\"><span style=\"font-size: 18pt; color: #003366;\"><strong>ZASADY UZYSKIWANIA KARTY ROWEROWEJ<\/strong><\/span><\/p>\n<p style=\"text-align: justify;\"><span style=\"font-size: 14pt; color: #000000;\">1. Zgodnie z aktualnie obowi\u0105zuj\u0105cymi przepisami dotycz\u0105cymi uzyskiwania kart rowerowych przygotowanie do egzaminu na kart\u0119 rowerow\u0105 oraz sprawdzenie umiej\u0119tno\u015bci odbywa si\u0119 w szkole podstawowej.<\/span><\/p>\n<p style=\"text-align: justify;\"><span style=\"font-size: 14pt; color: #000000;\">2. Uzyskiwanie karty rowerowej zosta\u0142o uregulowane w dw\u00f3ch aktach prawnych:<\/span><\/p>\n<ul style=\"text-align: justify;\">\n<li><span style=\"font-size: 14pt; color: #000000;\">Ustawa z dnia 5 stycznia 2011r. o kieruj\u0105cych pojazdami \/ Dz. U. 2011, nr 30, poz.151\/,<\/span><\/li>\n<li><span style=\"font-size: 14pt; color: #000000;\">Rozporz\u0105dzenie Ministra Transportu, Budownictwa i Gospodarki Morskiej z dnia 12 kwietnia 2013r. w sprawie uzyskiwania karty rowerowej \/ DZ. U. 2013, poz. 512\/.<\/span><\/li>\n<\/ul>\n<p style=\"text-align: justify;\"><span style=\"font-size: 14pt; color: #000000;\">Dokumentem stwierdzaj\u0105cym posiadanie uprawnienia do kierowania rowerem jest karta rowerowa.<\/span><\/p>\n<p style=\"text-align: justify;\"><span style=\"font-size: 14pt; color: #000000;\">Kart\u0119 rowerow\u0105 wydaje nieodp\u0142atnie, za pisemn\u0105 zgod\u0105 rodzica lub opiekuna dyrektor szko\u0142y.<\/span><\/p>\n<p style=\"text-align: justify;\"><span style=\"font-size: 14pt; color: #000000;\">&#8211; Kart\u0119 rowerow\u0105 mo\u017ce uzyska\u0107 osoba, kt\u00f3ra osi\u0105gn\u0119\u0142a wymagany minimalny wiek &#8211; 10 lat<\/span><\/p>\n<p style=\"text-align: justify;\"><span style=\"font-size: 14pt; color: #000000;\">i wykaza\u0142a si\u0119 niezb\u0119dnymi umiej\u0119tno\u015bciami podczas zaj\u0119\u0107 szkolnych.<\/span><\/p>\n<p style=\"text-align: justify;\"><span style=\"font-size: 14pt; color: #000000;\">&#8211; Zaj\u0119cia dla uczni\u00f3w przygotowuj\u0105cych si\u0119 do ubiegania o wydanie karty rowerowej prowadz\u0105 nauczyciele posiadaj\u0105cy kwalifikacje okre\u015blone w art.9 ustawy z dnia 26 stycznia 1982r. &#8211; Karta Nauczyciela. Nauczyciel prowadz\u0105cy zaj\u0119cia , niezale\u017cnie z jakiego przedmiotu, sam dobiera metodyk\u0119 szkolenia i \u015brodki dydaktyczne.<\/span><\/p>\n<p style=\"text-align: justify;\"><span style=\"font-size: 14pt; color: #000000;\">&#8211; Sprawdzenia niezb\u0119dnych umiej\u0119tno\u015bci osoby ubiegaj\u0105cej si\u0119 o kart\u0119 rowerow\u0105 dokonuje nauczyciel posiadaj\u0105cy specjalistyczne przeszkolenie z zakresu ruchu drogowego organizowane w wojew\u00f3dzkim o\u015brodku ruchu drogowego.<\/span><\/p>\n<p style=\"text-align: justify;\"><span style=\"font-size: 14pt; color: #000000;\">&#8211; Egzamin na kart\u0119 rowerow\u0105 sk\u0142ada si\u0119 z dw\u00f3ch cz\u0119\u015bci: teoretycznej i praktycznej.<\/span><\/p>\n<p style=\"text-align: justify;\">\u00a0<\/p>\n<p style=\"text-align: justify;\"><span style=\"font-size: 18pt; color: #003366;\"><em><span style=\"text-decoration: underline;\"><strong>Za\u0142\u0105czniki:<\/strong><\/span><\/em><\/span><\/p>\n<ol>\n<li style=\"text-align: justify;\"><span style=\"color: #000000; font-size: 20px;\"><a href=\"http:\/\/sp91krakow.pl\/sp91\/wp-content\/uploads\/2024\/09\/Procedury-uzyskania-karty-rowerowej_2024.pdf\" style=\"color: #000000;\">Procedury uzyskania karty rowerowej<\/a><\/span><\/li>\n<li style=\"text-align: justify;\"><span style=\"color: #000000; font-size: 20px;\"><a href=\"http:\/\/sp91krakow.pl\/sp91\/wp-content\/uploads\/2024\/09\/Egzamin-na-karte-rowerowa_2024.pdf\" style=\"color: #000000;\">Egzamin na kart\u0119 rowerow\u0105<\/a><\/span><\/li>\n<li style=\"text-align: justify;\"><span style=\"color: #000000; font-size: 14pt;\"><a style=\"color: #000000;\" href=\"http:\/\/sp91krakow.pl\/sp91\/wp-content\/uploads\/2019\/04\/ARKUSZ-ZALICZE\u0143-UCZNIA-do-pobrania.pdf\">ARKUSZ ZALICZE\u0143 UCZNIA &#8211; do pobrania<\/a><\/span><\/li>\n<li style=\"text-align: justify;\"><span style=\"color: #000000; font-size: 14pt;\"><a style=\"color: #000000;\" href=\"http:\/\/sp91krakow.pl\/sp91\/wp-content\/uploads\/2019\/04\/Strony-internetowe.pdf\">Strony internetowe<\/a><\/span><\/li>\n<\/ol>\n","protected":false},"excerpt":{"rendered":"<p>ZASADY UZYSKIWANIA KARTY ROWEROWEJ 1. Zgodnie z aktualnie obowi\u0105zuj\u0105cymi przepisami dotycz\u0105cymi uzyskiwania kart rowerowych przygotowanie do egzaminu na kart\u0119 rowerow\u0105 oraz sprawdzenie umiej\u0119tno\u015bci odbywa si\u0119 w szkole podstawowej. 2. Uzyskiwanie karty rowerowej zosta\u0142o uregulowane w dw\u00f3ch aktach prawnych: Ustawa z dnia 5 stycznia 2011r. o kieruj\u0105cych pojazdami \/ Dz. U. 2011, nr 30, poz.151\/, Rozporz\u0105dzenie&hellip; <br \/> <a class=\"read-more\" href=\"http:\/\/sp91krakow.pl\/sp91\/dla-uczniow\/karta-rowerowa\/\">Dowiedz si\u0119 wi\u0119cej<\/a><\/p>\n","protected":false},"author":1,"featured_media":0,"parent":115,"menu_order":0,"comment_status":"closed","ping_status":"closed","template":"page-templates\/page-with-right-sidebar.php","meta":{"rop_custom_images_group":[],"rop_custom_messages_group":[],"rop_publish_now":"initial","rop_publish_now_accounts":[],"rop_publish_now_history":[],"rop_publish_now_status":"pending","footnotes":""},"class_list":["post-1648","page","type-page","status-publish","hentry"],"_links":{"self":[{"href":"http:\/\/sp91krakow.pl\/sp91\/wp-json\/wp\/v2\/pages\/1648","targetHints":{"allow":["GET"]}}],"collection":[{"href":"http:\/\/sp91krakow.pl\/sp91\/wp-json\/wp\/v2\/pages"}],"about":[{"href":"http:\/\/sp91krakow.pl\/sp91\/wp-json\/wp\/v2\/types\/page"}],"author":[{"embeddable":true,"href":"http:\/\/sp91krakow.pl\/sp91\/wp-json\/wp\/v2\/users\/1"}],"replies":[{"embeddable":true,"href":"http:\/\/sp91krakow.pl\/sp91\/wp-json\/wp\/v2\/comments?post=1648"}],"version-history":[{"count":11,"href":"http:\/\/sp91krakow.pl\/sp91\/wp-json\/wp\/v2\/pages\/1648\/revisions"}],"predecessor-version":[{"id":12148,"href":"http:\/\/sp91krakow.pl\/sp91\/wp-json\/wp\/v2\/pages\/1648\/revisions\/12148"}],"up":[{"embeddable":true,"href":"http:\/\/sp91krakow.pl\/sp91\/wp-json\/wp\/v2\/pages\/115"}],"wp:attachment":[{"href":"http:\/\/sp91krakow.pl\/sp91\/wp-json\/wp\/v2\/media?parent=1648"}],"curies":[{"name":"wp","href":"https:\/\/api.w.org\/{rel}","templated":true}]}}