{"id":179,"date":"2018-08-26T21:47:17","date_gmt":"2018-08-26T19:47:17","guid":{"rendered":"http:\/\/sp91krakow.pl\/sp91\/?page_id=179"},"modified":"2018-10-28T19:36:30","modified_gmt":"2018-10-28T18:36:30","slug":"patron","status":"publish","type":"page","link":"http:\/\/sp91krakow.pl\/sp91\/o-nas\/patron\/","title":{"rendered":"Patron"},"content":{"rendered":"<p style=\"text-align: center;\"><span style=\"color: #003366;\"><em><span style=\"font-size: 18pt;\"><strong>Prezentacja<\/strong><\/span><\/em><\/span><\/p>\n<p style=\"text-align: justify;\"><span style=\"color: #000000; font-size: 14pt;\">Ojciec Janusza Kusoci\u0144skiego &#8211; Klemens Kusoci\u0144ski by\u0142 \u015bwiat\u0142ym cz\u0142owiekiem i dzia\u0142aczem niepodleg\u0142o\u015bciowym. Po \u015bmierci dw\u00f3ch starszych syn\u00f3w (Tadeusza i Zygmunta) robi\u0142 wszystko, aby najm\u0142odszemu da\u0107 odpowiednie wykszta\u0142cenie. Ale poj\u0119cia &#8220;zaw\u00f3d&#8221; i &#8220;kariera&#8221; nie robi\u0142y na &#8220;Kusym&#8221; \u017cadnego wra\u017cenia. Nie chcia\u0142 si\u0119 uczy\u0107. Po niepowodzeniach w szkole im. K. Nawrockiego i gimnazjum im. W\u0142adys\u0142awa IV &#8211; Janusz Kusoci\u0144ski uko\u0144czy\u0142 w 1925 roku Szko\u0142\u0119 Podstawow\u0105 nr 129 w Warszawie po czym decyzj\u0105 ojca rozpocz\u0105\u0142 nauk\u0119 w Pa\u0144stwowej \u015aredniej Szkole ogrodniczej, kt\u00f3r\u0105 uko\u0144czy\u0142 w 1928 r. Uczniem by\u0142 przeci\u0119tnym co wida\u0107 po stopniach.<\/span><\/p>\n<p>&nbsp;<\/p>\n<p><img fetchpriority=\"high\" decoding=\"async\" class=\"size-medium wp-image-1104 alignleft\" style=\"color: #000000; font-size: 18.6667px; text-align: justify;\" src=\"http:\/\/sp91krakow.pl\/sp91\/wp-content\/uploads\/2018\/10\/Janusz_Kusocinski-222x300.jpg\" alt=\"\" width=\"222\" height=\"300\" srcset=\"http:\/\/sp91krakow.pl\/sp91\/wp-content\/uploads\/2018\/10\/Janusz_Kusocinski-222x300.jpg 222w, http:\/\/sp91krakow.pl\/sp91\/wp-content\/uploads\/2018\/10\/Janusz_Kusocinski.jpg 240w\" sizes=\"(max-width: 222px) 100vw, 222px\" \/><\/p>\n<p style=\"text-align: center;\"><em><span style=\"color: #003366; font-size: 18pt;\"><strong>Rozw\u00f3j kariery &#8220;Kusego\u201d<\/strong><\/span><\/em><\/p>\n<p style=\"text-align: justify;\"><span style=\"color: #000000; font-size: 14pt;\">\u00a0\u00a0\u00a0\u00a0\u00a0\u00a0\u00a0\u00a0\u00a0 Pi\u0142ka\u00a0<\/span><span style=\"color: #000000; font-size: 14pt; text-align: justify;\">no\u017cna by\u0142a pierwsz\u0105 m\u0142odzie\u0144cz\u0105 pasj\u0105 J.Kusoci\u0144skiego, kt\u00f3rej po\u015bwi\u0119ci\u0142 si\u0119 bez reszty. <\/span><span style=\"color: #000000; font-size: 14pt; text-align: justify;\">Kopa\u0142 j\u0105 zapami\u0119tale w latach (1918 &#8211; 24) w dzikich dru\u017cynach: &#8220;Pretorii&#8221;, &#8220;Sparcie&#8221;, &#8220;Plac\u00f3wce&#8221;, a potem ju\u017c w &#8220;prawdziwych\u201d klubach &#8220;O\u017carowiance&#8221;, &#8220;J\u00f3zefowiance&#8221;, RKS &#8220;Ruch&#8221; by wreszcie osi\u0105\u015b\u0107 w &#8220;C&#8221; klasowej RTS &#8220;Sarmata&#8221;. Tam te\u017c zadebiutowa\u0142 w 1926 roku jako biegacz.\u00a0<\/span><\/p>\n<p style=\"text-align: justify;\"><span style=\"color: #000000; font-size: 14pt;\">\u00a0\u00a0\u00a0\u00a0\u00a0\u00a0\u00a0\u00a0\u00a0 W 1928 roku Kusoci\u0144ski zmieni\u0142 barwy klubowe zacz\u0105\u0142 reprezentowa\u0107 Warszawiank\u0119. Pierwszym i jedynym trenerem J. Kusoci\u0144skiego by\u0142 Aleksander Klumberg, kt\u00f3rego &#8220;Kusy&#8221; darzy\u0142 bezgranicznym zaufaniem. Trener zaaplikowa\u0142 Kusoci\u0144skiemu &#8220;ko\u0144ski&#8221; trening, a ten uwierzywszy we w\u0142asne si\u0142y zacz\u0105\u0142 odnosi\u0107 sukcesy sportowe. Ju\u017c w 1928 r. &#8220;Kusy &#8221; pobi\u0142 pierwszy rekord Polski (na dystansie 5000 m).<\/span><\/p>\n<p style=\"text-align: justify;\"><span style=\"color: #000000; font-size: 14pt;\">\u00a0\u00a0\u00a0\u00a0\u00a0\u00a0\u00a0\u00a0\u00a0 Po uko\u0144czeniu szko\u0142y J. Kusoci\u0144ski zosta\u0142 wcielony do wojska i w latach 1928-1930 odby\u0142 s\u0142u\u017cb\u0119 wojskow\u0105 w Baonie Administracyjnym III kompanii na Pradze oraz w szpitalu (gdzie dwukrotnie leczy\u0142 kontuzje). W 1929 r. bardzo dla niego pechowym by\u0142 lepszym \u017co\u0142nierzem ni\u017c sportowcem. Wyszed\u0142 z wojska w stopniu kaprala.<\/span><\/p>\n<p style=\"text-align: justify;\"><span style=\"color: #000000; font-size: 14pt;\">\u00a0\u00a0\u00a0\u00a0\u00a0\u00a0\u00a0\u00a0\u00a0 W 1930 r. Kusoci\u0144ski ze startu na start poprawia\u0142 swoj\u0105 forme. 15 czerwca jako pierwszy Polak przebieg\u0142 5000 m poni\u017cej 15 minut. Na pierwszy rekord \u015bwiata trzeba by\u0142o czeka\u0107 do 19 wrze\u015bnia 1932 roku Kusy w Antwerpi poprawi\u0142 rekord nale\u017c\u0105cy do Paavlo Nurmiego w biegu na 3000 m. Uzyska\u0142 czas 8.18.8.<\/span><\/p>\n<p style=\"text-align: justify;\"><span style=\"color: #000000; font-size: 14pt;\">\u00a0\u00a0\u00a0\u00a0\u00a0\u00a0\u00a0\u00a0\u00a0 Rok 1932 by\u0142 rokiem olimpijskim i 30 czerwca reprezentanci Polski wyruszyli do Los Angeles na Igrzyska Olimpijskie. &#8220;Kusy&#8221; jecha\u0142 na Olimpiad\u0119, aby spotka\u0107 si\u0119 z P. Nurmim i pokona\u0107 go (do tej pory wszystkie biegi wygrywa\u0142 Fin). Wiadomo\u015b\u0107 o do\u017cywotniej dyskwalifikacji Paavlo Nurmiego (za przekroczenie praw amatorskich) g\u0142\u0119boko nim wstrz\u0105sn\u0119\u0142a.<\/span><\/p>\n<p style=\"text-align: justify;\"><span style=\"color: #000000; font-size: 14pt;\">\u00a0\u00a0\u00a0\u00a0\u00a0\u00a0\u00a0\u00a0\u00a0 13 lipiec 1932 r. spe\u0142ni\u0142y si\u0119 marzenia Janusza Kusoci\u0144skiego. Jest na stadionie olimpijskim. Otrzymuje numer 364. Punktualnie o godzinie 16.30 dwudziestu siedmiu biegaczy rozpocz\u0119\u0142o walk\u0119 o medale w biegu na 10 000 m tak zosta\u0142a ona zrelacjonowana na \u0142amach &#8220;Przegl\u0105du Sportowego&#8221;.<\/span><\/p>\n<p style=\"text-align: justify;\"><span style=\"color: #000000; font-size: 14pt;\">\u00a0\u00a0\u00a0\u00a0\u00a0\u00a0\u00a0\u00a0\u00a0 Na starcie biegu na 10 km rozegranego jako ostatnia konkurencja dnia stan\u0119\u0142o 27 zawodnik\u00f3w. Pocz\u0105tkowo wszyscy biegn\u0105 razem w ostrym tempie. Sytuacja zaczyna si\u0119 krystalizowa\u0107 po 1500 m; na czo\u0142o zaczyna si\u0119 wysuwa\u0107 grupa Iso-Hollo, Kusoci\u0144ski, Vitranen, Niemiec Syring i Po\u0142udniowy Zelandczyk Savidam.\u00a0 Na 3000 metrach nast\u0119puje dalsze tasowanie zawodnik\u00f3w. Prowadzi tu zdecydowanie &#8220;Kusy&#8221; z depcz\u0105cym mu po pi\u0119tach Iso-Hollo. Vertanen ju\u017c si\u0119 oderwa\u0142 o 20 metr\u00f3w i przewodzi drugiej grupie. Na 5000 m Kusoci\u0144ski i Iso-Hollo s\u0105 ju\u017c 100 m przed reszt\u0105 zawodnik\u00f3w i nikt nie ma w\u0105tpliwo\u015bci, \u017ce s\u0105 klas\u0105 dla siebie. Tempo jest jednak tak ostre, \u017ce jego \u017car wytrzymuje tylko Kusoci\u0144ski. Na 2500 metr\u00f3w przed met\u0105 Polak ma przewag\u0119 50 metr\u00f3w. Teraz &#8220;Kusy&#8221; troch\u0119 zwalnia i nie powi\u0119ksza odleg\u0142o\u015bci. Przeciwnie na 1000 m przed ko\u0144cem Iso-Hollo zaczyna nawet dogania\u0107 Polaka. Ale Kusoci\u0144ski jest pewny zwyci\u0119stwa i nikogo si\u0119 nie boi. Gdy nadchodzi decyduj\u0105ca rozgrywka &#8211; ostatnie okr\u0105\u017cenie-rzuca na szal\u0119 sw\u00f3j nieprawdopodobny finisz i ze zdumiewaj\u0105c\u0105 \u015bwie\u017co\u015bci\u0105 w\u015br\u00f3d zupe\u0142nego milczenia 30 000 widowni zaczyna si\u0119 walka, w kt\u00f3rej Iso-Hollo oddaje Polakowi centymetr za centymetrem, by wreszcie na ta\u015bmie znale\u017a\u0107 si\u0119 o 8 metr\u00f3w z ty\u0142u. W\u015br\u00f3d niemilkn\u0105cych owacji sztandar polski wje\u017cd\u017ca na maszt, a orkiestra gra mazurka D\u0105browskiego. By\u0142a godzina 17.40&#8230;<\/span><\/p>\n<p style=\"text-align: justify;\"><span style=\"color: #000000; font-size: 14pt;\">\u00a0\u00a0\u00a0\u00a0\u00a0\u00a0\u00a0\u00a0\u00a0 Nikt nie wiedzia\u0142, \u017ce nasz mistrz podczas biegu prze\u017cywa\u0142 istne katusze. Lekki b\u00f3l w stopach poczu\u0142 ju\u017c podczas 15 okr\u0105\u017cenia. W miar\u0119 up\u0142ywu czasu b\u00f3l si\u0119 pot\u0119gowa\u0142. Ka\u017cde st\u0105pni\u0119cie odczuwa\u0142 &#8220;Kusy&#8221; jakby bieg\u0142 bos\u0105 nog\u0105 po szpilkach. Kolce, kt\u00f3re by\u0142y dobre na trawie na twardej olimpijskiej bie\u017cni cisn\u0119\u0142y okropnie. Polak, kiedy przekroczy\u0142 lini\u0119 mety nie potrafi\u0142 si\u0119 nawet cieszy\u0107 ze swego zwyci\u0119stwa (jego stopy by\u0142y ca\u0142e w krwawych p\u0119cherzach a pi\u0119ty odbite). Z tego powodu lekarz reprezentacji og\u0142asza, \u017ce Kusoci\u0144ski nie wystartuje w biegu na 5000 m.<\/span><\/p>\n<p style=\"text-align: justify;\"><span style=\"color: #000000; font-size: 14pt;\">\u00a0\u00a0\u00a0\u00a0\u00a0\u00a0\u00a0\u00a0\u00a0 Kolejn\u0105 serie pi\u0119knych zwyci\u0119stw Kusoci\u0144skiego przerywa niestety w latach p\u00f3\u017aniejszych przewlek\u0142a kontuzja kolana. Zaleczona odnawia si\u0119 zupe\u0142nie niespodziewanie. &#8220;Kusy&#8221; nie za\u0142amuje si\u0119 jednak. Szuka pomocy u oddanych mu lekarzy, poddaje si\u0119 najprzer\u00f3\u017cniejszym zabiegom i \u017cmudnym \u0107wiczeniom. Niestety stany zdecydowanej poprawy coraz cz\u0119\u015bciej przeplatane s\u0105 atakami powracaj\u0105cego b\u00f3lu. Zaczyna si\u0119 m\u00f3wi\u0107 o operacji. Kusoci\u0144ski znalaz\u0142 si\u0119 na rozdro\u017cu. Postanowi\u0142 do\u015bwiadczenie nabyte na bie\u017cni wykorzysta\u0107 jako pedagog i wychowawca. Zdecydowa\u0142 si\u0119 wi\u0119c wst\u0105pi\u0107 do Centralnego Instytutu Wychowania Fizycznego na Bielanach. By spe\u0142ni\u0107 wymogi Instytutu, w przysz\u0142o\u015bci zdoby\u0107 dyplom, &#8220;Kusy&#8221; decyduje si\u0119 na prawdziwy wyczyn- zdaje eksternistycznie egzamin maturalny.<\/span><\/p>\n<p style=\"text-align: justify;\"><span style=\"color: #000000; font-size: 14pt;\">\u00a0\u00a0\u00a0\u00a0\u00a0\u00a0\u00a0\u00a0\u00a0 Na Igrzyska Olimpijskie do Berlina w 1936 roku J. Kusoci\u0144ski wyje\u017cd\u017ca w charakterze korespondenta prasowego. Bardzo to prze\u017cywa i sk\u0142ada sobie \u015blubowanie, \u017ce do\u0142o\u017cy wszelkich stara\u0144, aby zn\u00f3w powr\u00f3ci\u0107 na bie\u017cni\u0119. Poddaje si\u0119 operacji i po serii uci\u0105\u017cliwych \u0107wicze\u0144 rehabilitacyjnych powraca na bie\u017cnie i bije rekord Polski w biegu na 5 km sz\u00f3stym na \u015bwiecie wynikiem 14.24.2. Zn\u00f3w jak za dawnych lat gromi najlepszych biegaczy Europy.<\/span><\/p>\n<p style=\"text-align: justify;\"><span style=\"color: #000000; font-size: 14pt;\">\u00a0\u00a0\u00a0\u00a0\u00a0\u00a0\u00a0\u00a0\u00a0 Niestety wybucha II wojna \u015bwiatowa. Spadaj\u0105 pierwsze bomby na Warszaw\u0119. Kusoci\u0144ski podobnie jak dziesi\u0105tki tysi\u0119cy polskich rezerwist\u00f3w zg\u0142asza si\u0119 do wojska (mimo kategorii D- z powodu przewlek\u0142ej kontuzji kolana) zostaje wcielony do kompanii karabin\u00f3w maszynowych II batalionu 360 pu\u0142ku piechoty. Jego \u017co\u0142nierski spryt, kole\u017ce\u0144sko\u015b\u0107 i poczucie humoru zjednuj\u0105 mu sympatie i uznanie towarzyszy broni. Zostaje ranny. Za zas\u0142ugi w obronie Warszawy zostaje odznaczony Krzy\u017cem Walecznych.<\/span><\/p>\n<p style=\"text-align: justify;\"><span style=\"color: #000000; font-size: 14pt;\">\u00a0\u00a0\u00a0\u00a0\u00a0\u00a0\u00a0\u00a0\u00a0 Pierwsze miesi\u0105ce okupacji, terror zaczyna narasta\u0107. O uprawianiu sportu nie ma oczywi\u015bcie mowy. Kusoci\u0144ski zostaje \u017co\u0142nierzem powsta\u0142ego w podziemiu Zwi\u0105zku Walki Zbrojnej. Hitlerowcy chc\u0105 w ramach akcji A-B pozbawi\u0107 nar\u00f3d polski przyw\u00f3dc\u00f3w, ludzi kultury i nauki. Zosta\u0142y przygotowane listy przewidzianych do aresztowania ludzi ze \u015bwiata nauki i kultury, dzia\u0142aczy politycznych i spo\u0142ecznych. Na tej li\u015bcie jest r\u00f3wnie\u017c Janusz Kusoci\u0144ski. Zostaje aresztowany w marcu 1940 roku. Zosta\u0142 rozstrzelany w Puszczy Kampinoskiej w pobli\u017cu miejscowo\u015bci Palmiry 21 czerwca 1940 roku.<\/span><\/p>\n","protected":false},"excerpt":{"rendered":"<p>Prezentacja Ojciec Janusza Kusoci\u0144skiego &#8211; Klemens Kusoci\u0144ski by\u0142 \u015bwiat\u0142ym cz\u0142owiekiem i dzia\u0142aczem niepodleg\u0142o\u015bciowym. Po \u015bmierci dw\u00f3ch starszych syn\u00f3w (Tadeusza i Zygmunta) robi\u0142 wszystko, aby najm\u0142odszemu da\u0107 odpowiednie wykszta\u0142cenie. Ale poj\u0119cia &#8220;zaw\u00f3d&#8221; i &#8220;kariera&#8221; nie robi\u0142y na &#8220;Kusym&#8221; \u017cadnego wra\u017cenia. Nie chcia\u0142 si\u0119 uczy\u0107. Po niepowodzeniach w szkole im. K. Nawrockiego i gimnazjum im. W\u0142adys\u0142awa IV&hellip; <br \/> <a class=\"read-more\" href=\"http:\/\/sp91krakow.pl\/sp91\/o-nas\/patron\/\">Dowiedz si\u0119 wi\u0119cej<\/a><\/p>\n","protected":false},"author":1,"featured_media":0,"parent":175,"menu_order":0,"comment_status":"closed","ping_status":"closed","template":"","meta":{"rop_custom_images_group":[],"rop_custom_messages_group":[],"rop_publish_now":"initial","rop_publish_now_accounts":[],"rop_publish_now_history":[],"rop_publish_now_status":"pending","footnotes":""},"class_list":["post-179","page","type-page","status-publish","hentry"],"_links":{"self":[{"href":"http:\/\/sp91krakow.pl\/sp91\/wp-json\/wp\/v2\/pages\/179","targetHints":{"allow":["GET"]}}],"collection":[{"href":"http:\/\/sp91krakow.pl\/sp91\/wp-json\/wp\/v2\/pages"}],"about":[{"href":"http:\/\/sp91krakow.pl\/sp91\/wp-json\/wp\/v2\/types\/page"}],"author":[{"embeddable":true,"href":"http:\/\/sp91krakow.pl\/sp91\/wp-json\/wp\/v2\/users\/1"}],"replies":[{"embeddable":true,"href":"http:\/\/sp91krakow.pl\/sp91\/wp-json\/wp\/v2\/comments?post=179"}],"version-history":[{"count":4,"href":"http:\/\/sp91krakow.pl\/sp91\/wp-json\/wp\/v2\/pages\/179\/revisions"}],"predecessor-version":[{"id":1105,"href":"http:\/\/sp91krakow.pl\/sp91\/wp-json\/wp\/v2\/pages\/179\/revisions\/1105"}],"up":[{"embeddable":true,"href":"http:\/\/sp91krakow.pl\/sp91\/wp-json\/wp\/v2\/pages\/175"}],"wp:attachment":[{"href":"http:\/\/sp91krakow.pl\/sp91\/wp-json\/wp\/v2\/media?parent=179"}],"curies":[{"name":"wp","href":"https:\/\/api.w.org\/{rel}","templated":true}]}}