{"id":183,"date":"2018-08-26T21:47:38","date_gmt":"2018-08-26T19:47:38","guid":{"rendered":"http:\/\/sp91krakow.pl\/sp91\/?page_id=183"},"modified":"2021-02-24T15:15:59","modified_gmt":"2021-02-24T14:15:59","slug":"kontakt","status":"publish","type":"page","link":"http:\/\/sp91krakow.pl\/sp91\/o-nas\/kontakt\/","title":{"rendered":"Kontakt"},"content":{"rendered":"<p style=\"text-align: center;\"><span style=\"color: #000000; font-size: 28px; font-family: 'book antiqua', palatino, serif;\">Szko\u0142a Podstawowa nr 91<\/span><br \/><span style=\"font-size: 28px; font-family: 'book antiqua', palatino, serif; color: #000000;\">im. Janusza Kusoci\u0144skiego<\/span><br \/><span style=\"color: #000000; font-size: 28px;\">os. Handlowe 4<\/span><br \/><span style=\"color: #000000; font-size: 28px;\">31-935 Krak\u00f3w<\/span><\/p>\n<p style=\"text-align: center;\"><span style=\"color: #000000; font-size: 28px;\">tel. 12-644-24-75<\/span><\/p>\n<p style=\"text-align: center;\"><span style=\"color: #000000; font-size: 28px;\">e-mail: sekretariat@zsos1.pl<\/span><\/p>\n<p style=\"text-align: center;\"><span style=\"color: #000000; font-size: 28px;\"><b>NIP: 678-30-43-789<\/b><\/span><\/p>\n<p>&nbsp;<\/p>\n<p style=\"text-align: center;\"><span style=\"color: #000000; font-size: 28px;\"><span style=\"text-decoration: underline;\"><strong>Inspektor Ochrony Danych Osobowych:<\/strong><\/span> Krzysztof Krall,<\/span><br \/><span style=\"color: #000000; font-size: 28px;\">ul. Wielopole 17a, 33-322 Krak\u00f3w,\u00a0<\/span><br \/><span style=\"color: #000000; font-size: 28px;\">adres email:\u00a0<a style=\"color: #000000;\" href=\"mailto:inspektor3@mjo.krakow.pl\" target=\"_blank\" rel=\"noopener noreferrer\">inspektor3@mjo.krakow.pl<\/a><\/span><\/p>\n<p>&nbsp;<\/p>\n<div id=\"\" class=\"wpsestyles blue-message\" style=\"text-align: center;\"><strong>FORMULARZ KONTAKTOWY<\/strong><\/div>\n<p style=\"text-align: center;\">\n<div class=\"wpcf7 no-js\" id=\"wpcf7-f2992-o1\" lang=\"pl-PL\" dir=\"ltr\" data-wpcf7-id=\"2992\">\n<div class=\"screen-reader-response\"><p role=\"status\" aria-live=\"polite\" aria-atomic=\"true\"><\/p> <ul><\/ul><\/div>\n<form action=\"\/sp91\/wp-json\/wp\/v2\/pages\/183#wpcf7-f2992-o1\" method=\"post\" class=\"wpcf7-form init\" aria-label=\"Formularz kontaktowy\" novalidate=\"novalidate\" data-status=\"init\">\n<fieldset class=\"hidden-fields-container\"><input type=\"hidden\" name=\"_wpcf7\" value=\"2992\" \/><input type=\"hidden\" name=\"_wpcf7_version\" value=\"6.1.5\" \/><input type=\"hidden\" name=\"_wpcf7_locale\" value=\"pl_PL\" \/><input type=\"hidden\" name=\"_wpcf7_unit_tag\" value=\"wpcf7-f2992-o1\" \/><input type=\"hidden\" name=\"_wpcf7_container_post\" value=\"0\" \/><input type=\"hidden\" name=\"_wpcf7_posted_data_hash\" value=\"\" \/>\n<\/fieldset>\n<p><label> Imi\u0119 i nazwisko (wymagane)<br \/>\n<span class=\"wpcf7-form-control-wrap\" data-name=\"your-name\"><input size=\"40\" maxlength=\"400\" class=\"wpcf7-form-control wpcf7-text wpcf7-validates-as-required\" aria-required=\"true\" aria-invalid=\"false\" value=\"\" type=\"text\" name=\"your-name\" \/><\/span> <\/label>\n<\/p>\n<p><label> Tw\u00f3j email (wymagane)<br \/>\n<span class=\"wpcf7-form-control-wrap\" data-name=\"your-email\"><input size=\"40\" maxlength=\"400\" class=\"wpcf7-form-control wpcf7-email wpcf7-validates-as-required wpcf7-text wpcf7-validates-as-email\" aria-required=\"true\" aria-invalid=\"false\" value=\"\" type=\"email\" name=\"your-email\" \/><\/span> <\/label>\n<\/p>\n<p><label> Temat<br \/>\n<span class=\"wpcf7-form-control-wrap\" data-name=\"your-subject\"><input size=\"40\" maxlength=\"400\" class=\"wpcf7-form-control wpcf7-text\" aria-invalid=\"false\" value=\"\" type=\"text\" name=\"your-subject\" \/><\/span> <\/label>\n<\/p>\n<p><label> Tre\u015b\u0107 wiadomo\u015bci<br \/>\n<span class=\"wpcf7-form-control-wrap\" data-name=\"your-message\"><textarea cols=\"40\" rows=\"10\" maxlength=\"2000\" class=\"wpcf7-form-control wpcf7-textarea\" aria-invalid=\"false\" name=\"your-message\"><\/textarea><\/span> <\/label>\n<\/p>\n<p><input class=\"wpcf7-form-control wpcf7-submit has-spinner\" type=\"submit\" value=\"Wy\u015blij\" \/>\n<\/p><div class=\"wpcf7-response-output\" aria-hidden=\"true\"><\/div>\n<\/form>\n<\/div>\n<\/p>\n<p>&nbsp;<\/p>\n<p>&nbsp;<\/p>\n","protected":false},"excerpt":{"rendered":"<p>Szko\u0142a Podstawowa nr 91im. Janusza Kusoci\u0144skiegoos. Handlowe 431-935 Krak\u00f3w tel. 12-644-24-75 e-mail: sekretariat@zsos1.pl NIP: 678-30-43-789 &nbsp; Inspektor Ochrony Danych Osobowych: Krzysztof Krall,ul. Wielopole 17a, 33-322 Krak\u00f3w,\u00a0adres email:\u00a0inspektor3@mjo.krakow.pl &nbsp; FORMULARZ KONTAKTOWY &nbsp; &nbsp;<\/p>\n","protected":false},"author":1,"featured_media":0,"parent":175,"menu_order":0,"comment_status":"closed","ping_status":"closed","template":"","meta":{"rop_custom_images_group":[],"rop_custom_messages_group":[],"rop_publish_now":"initial","rop_publish_now_accounts":[],"rop_publish_now_history":[],"rop_publish_now_status":"pending","footnotes":""},"class_list":["post-183","page","type-page","status-publish","hentry"],"_links":{"self":[{"href":"http:\/\/sp91krakow.pl\/sp91\/wp-json\/wp\/v2\/pages\/183","targetHints":{"allow":["GET"]}}],"collection":[{"href":"http:\/\/sp91krakow.pl\/sp91\/wp-json\/wp\/v2\/pages"}],"about":[{"href":"http:\/\/sp91krakow.pl\/sp91\/wp-json\/wp\/v2\/types\/page"}],"author":[{"embeddable":true,"href":"http:\/\/sp91krakow.pl\/sp91\/wp-json\/wp\/v2\/users\/1"}],"replies":[{"embeddable":true,"href":"http:\/\/sp91krakow.pl\/sp91\/wp-json\/wp\/v2\/comments?post=183"}],"version-history":[{"count":11,"href":"http:\/\/sp91krakow.pl\/sp91\/wp-json\/wp\/v2\/pages\/183\/revisions"}],"predecessor-version":[{"id":1072,"href":"http:\/\/sp91krakow.pl\/sp91\/wp-json\/wp\/v2\/pages\/183\/revisions\/1072"}],"up":[{"embeddable":true,"href":"http:\/\/sp91krakow.pl\/sp91\/wp-json\/wp\/v2\/pages\/175"}],"wp:attachment":[{"href":"http:\/\/sp91krakow.pl\/sp91\/wp-json\/wp\/v2\/media?parent=183"}],"curies":[{"name":"wp","href":"https:\/\/api.w.org\/{rel}","templated":true}]}}