{"id":2150,"date":"2019-10-20T20:57:49","date_gmt":"2019-10-20T18:57:49","guid":{"rendered":"http:\/\/sp91krakow.pl\/sp91\/?page_id=2150"},"modified":"2022-02-26T13:57:59","modified_gmt":"2022-02-26T12:57:59","slug":"historia","status":"publish","type":"page","link":"http:\/\/sp91krakow.pl\/sp91\/dla-uczniow\/biblioteka\/historia\/","title":{"rendered":"Witaj w \u015bwiecie ksi\u0105\u017cek"},"content":{"rendered":"<p><a href=\"http:\/\/sp91krakow.pl\/sp91\/nasze-zasady-zachowania-w-bibliotece\/\"><img fetchpriority=\"high\" decoding=\"async\" class=\"alignnone wp-image-5623 size-full\" src=\"http:\/\/sp91krakow.pl\/sp91\/wp-content\/uploads\/2022\/02\/Nasze-zasady-zachowania-w-bibliotece.png\" width=\"500\" height=\"500\" srcset=\"http:\/\/sp91krakow.pl\/sp91\/wp-content\/uploads\/2022\/02\/Nasze-zasady-zachowania-w-bibliotece.png 500w, http:\/\/sp91krakow.pl\/sp91\/wp-content\/uploads\/2022\/02\/Nasze-zasady-zachowania-w-bibliotece-300x300.png 300w, http:\/\/sp91krakow.pl\/sp91\/wp-content\/uploads\/2022\/02\/Nasze-zasady-zachowania-w-bibliotece-150x150.png 150w\" sizes=\"(max-width: 500px) 100vw, 500px\" \/><\/a><a href=\"http:\/\/sp91krakow.pl\/sp91\/nasze-zasady-korzystania-z-ksiazek\/\"><img decoding=\"async\" class=\"alignnone wp-image-5624 size-full\" src=\"http:\/\/sp91krakow.pl\/sp91\/wp-content\/uploads\/2022\/02\/Nasze-zasady-zachowania-w-bibliotece-1.png\" alt=\"Zasady2\" width=\"500\" height=\"500\" srcset=\"http:\/\/sp91krakow.pl\/sp91\/wp-content\/uploads\/2022\/02\/Nasze-zasady-zachowania-w-bibliotece-1.png 500w, http:\/\/sp91krakow.pl\/sp91\/wp-content\/uploads\/2022\/02\/Nasze-zasady-zachowania-w-bibliotece-1-300x300.png 300w, http:\/\/sp91krakow.pl\/sp91\/wp-content\/uploads\/2022\/02\/Nasze-zasady-zachowania-w-bibliotece-1-150x150.png 150w\" sizes=\"(max-width: 500px) 100vw, 500px\" \/><\/a><\/p>\n","protected":false},"excerpt":{"rendered":"","protected":false},"author":1,"featured_media":0,"parent":123,"menu_order":0,"comment_status":"closed","ping_status":"closed","template":"","meta":{"rop_custom_images_group":[],"rop_custom_messages_group":[],"rop_publish_now":"initial","rop_publish_now_accounts":[],"rop_publish_now_history":[],"rop_publish_now_status":"pending","footnotes":""},"class_list":["post-2150","page","type-page","status-publish","hentry"],"_links":{"self":[{"href":"http:\/\/sp91krakow.pl\/sp91\/wp-json\/wp\/v2\/pages\/2150","targetHints":{"allow":["GET"]}}],"collection":[{"href":"http:\/\/sp91krakow.pl\/sp91\/wp-json\/wp\/v2\/pages"}],"about":[{"href":"http:\/\/sp91krakow.pl\/sp91\/wp-json\/wp\/v2\/types\/page"}],"author":[{"embeddable":true,"href":"http:\/\/sp91krakow.pl\/sp91\/wp-json\/wp\/v2\/users\/1"}],"replies":[{"embeddable":true,"href":"http:\/\/sp91krakow.pl\/sp91\/wp-json\/wp\/v2\/comments?post=2150"}],"version-history":[{"count":11,"href":"http:\/\/sp91krakow.pl\/sp91\/wp-json\/wp\/v2\/pages\/2150\/revisions"}],"predecessor-version":[{"id":5838,"href":"http:\/\/sp91krakow.pl\/sp91\/wp-json\/wp\/v2\/pages\/2150\/revisions\/5838"}],"up":[{"embeddable":true,"href":"http:\/\/sp91krakow.pl\/sp91\/wp-json\/wp\/v2\/pages\/123"}],"wp:attachment":[{"href":"http:\/\/sp91krakow.pl\/sp91\/wp-json\/wp\/v2\/media?parent=2150"}],"curies":[{"name":"wp","href":"https:\/\/api.w.org\/{rel}","templated":true}]}}