{"id":302,"date":"2018-08-27T09:45:04","date_gmt":"2018-08-27T07:45:04","guid":{"rendered":"http:\/\/sp91krakow.pl\/sp91\/?page_id=302"},"modified":"2026-03-18T13:06:51","modified_gmt":"2026-03-18T12:06:51","slug":"ocena-jakosci-wody","status":"publish","type":"page","link":"http:\/\/sp91krakow.pl\/sp91\/szkola\/plywalnia\/ocena-jakosci-wody\/","title":{"rendered":"Ocena jako\u015bci wody"},"content":{"rendered":"<p>&nbsp;<\/p>\n<p>&nbsp;<\/p>\n<p><span style=\"color: #000000;\"><strong><span style=\"font-size: 20px;\">Wyniki bada\u0144 wody z dnia 16.03.2026 r.<\/span><\/strong><\/span><\/p>\n<p>&nbsp;<\/p>\n<p style=\"text-align: left;\"><span style=\"color: #000000;\">Niniejszym podaje si\u0119 do og\u00f3lnej wiadomo\u015bci, \u017ce jako\u015b\u0107 wody basenowej na basenie SP nr 91 os Handlowe 4 w Krakowie <strong>spe\u0142nia wymagania<\/strong> zawarte w Rozporz\u0105dzeniu Ministra Zdrowia z dnia 9 listopada 2015r. (Dz. U. z 2015r. poz. 2016) w zakresie parametr\u00f3w mikrobiologicznych i fizykochemicznych.<\/span><\/p>\n<p>&nbsp;<\/p>\n<p><span style=\"color: #000000;\"><strong>Nast\u0119pnie badanie wody w dniu: 30.03.2026 r.<\/strong><\/span><\/p>\n<p><span style=\"color: #000000;\">Oceny jako\u015bci wody dokonuje firma &#8211; GBA Polska (dawniej JARS)<\/span><\/p>\n","protected":false},"excerpt":{"rendered":"<p>&nbsp; &nbsp; Wyniki bada\u0144 wody z dnia 16.03.2026 r. &nbsp; Niniejszym podaje si\u0119 do og\u00f3lnej wiadomo\u015bci, \u017ce jako\u015b\u0107 wody basenowej na basenie SP nr 91 os Handlowe 4 w Krakowie spe\u0142nia wymagania zawarte w Rozporz\u0105dzeniu Ministra Zdrowia z dnia 9 listopada 2015r. (Dz. U. z 2015r. poz. 2016) w zakresie parametr\u00f3w mikrobiologicznych i fizykochemicznych. &nbsp;&hellip; <br \/> <a class=\"read-more\" href=\"http:\/\/sp91krakow.pl\/sp91\/szkola\/plywalnia\/ocena-jakosci-wody\/\">Dowiedz si\u0119 wi\u0119cej<\/a><\/p>\n","protected":false},"author":1,"featured_media":0,"parent":173,"menu_order":0,"comment_status":"closed","ping_status":"closed","template":"","meta":{"rop_custom_images_group":[],"rop_custom_messages_group":[],"rop_publish_now":"initial","rop_publish_now_accounts":[],"rop_publish_now_history":[],"rop_publish_now_status":"pending","footnotes":""},"class_list":["post-302","page","type-page","status-publish","hentry"],"_links":{"self":[{"href":"http:\/\/sp91krakow.pl\/sp91\/wp-json\/wp\/v2\/pages\/302","targetHints":{"allow":["GET"]}}],"collection":[{"href":"http:\/\/sp91krakow.pl\/sp91\/wp-json\/wp\/v2\/pages"}],"about":[{"href":"http:\/\/sp91krakow.pl\/sp91\/wp-json\/wp\/v2\/types\/page"}],"author":[{"embeddable":true,"href":"http:\/\/sp91krakow.pl\/sp91\/wp-json\/wp\/v2\/users\/1"}],"replies":[{"embeddable":true,"href":"http:\/\/sp91krakow.pl\/sp91\/wp-json\/wp\/v2\/comments?post=302"}],"version-history":[{"count":91,"href":"http:\/\/sp91krakow.pl\/sp91\/wp-json\/wp\/v2\/pages\/302\/revisions"}],"predecessor-version":[{"id":21938,"href":"http:\/\/sp91krakow.pl\/sp91\/wp-json\/wp\/v2\/pages\/302\/revisions\/21938"}],"up":[{"embeddable":true,"href":"http:\/\/sp91krakow.pl\/sp91\/wp-json\/wp\/v2\/pages\/173"}],"wp:attachment":[{"href":"http:\/\/sp91krakow.pl\/sp91\/wp-json\/wp\/v2\/media?parent=302"}],"curies":[{"name":"wp","href":"https:\/\/api.w.org\/{rel}","templated":true}]}}