{"id":305,"date":"2018-08-27T09:46:49","date_gmt":"2018-08-27T07:46:49","guid":{"rendered":"http:\/\/sp91krakow.pl\/sp91\/?page_id=305"},"modified":"2026-04-10T22:09:07","modified_gmt":"2026-04-10T20:09:07","slug":"aktualnosci","status":"publish","type":"page","link":"http:\/\/sp91krakow.pl\/sp91\/szkola\/plywalnia\/aktualnosci\/","title":{"rendered":"Aktualno\u015bci"},"content":{"rendered":"<div class=\"kvgmc6g5 cxmmr5t8 oygrvhab hcukyx3x c1et5uql ii04i59q\">\n<div dir=\"auto\">\n<div class=\"kvgmc6g5 cxmmr5t8 oygrvhab hcukyx3x c1et5uql ii04i59q\">\n<div dir=\"auto\" style=\"text-align: center;\">\n<div class=\"kvgmc6g5 cxmmr5t8 oygrvhab hcukyx3x c1et5uql ii04i59q\">\n<div dir=\"auto\">\n<div class=\"kvgmc6g5 cxmmr5t8 oygrvhab hcukyx3x c1et5uql ii04i59q\">\n<div dir=\"auto\">\n<div class=\"wp-block-image\">\n<div>\u00a0<\/div>\n<div>\u00a0<\/div>\n<div><span style=\"font-size: 32px;\"><strong><span style=\"color: #000000;\">PRZERWA \u015aWI\u0104TECZNA<\/span><\/strong><\/span><\/div>\n<div><span style=\"font-size: 28px; color: #000000;\"><strong>3.4.5.6 kwietnia 2026r<\/strong><\/span><\/div>\n<div><span style=\"font-size: 28px; color: #000000;\"><strong>BASEN B\u0118DZIE<\/strong><\/span><\/div>\n<div><span style=\"font-size: 28px; color: #000000;\"><strong>ZAMKNI\u0118TY<\/strong><\/span><\/div>\n<\/div>\n<\/div>\n<div>\u00a0<\/div>\n<\/div>\n<\/div>\n<div dir=\"auto\">\n<div class=\"kvgmc6g5 cxmmr5t8 oygrvhab hcukyx3x c1et5uql ii04i59q\">\n<div dir=\"auto\">\n<div class=\"wp-block-image\">\n<div>\u00a0<\/div>\n<\/div>\n<\/div>\n<div>\u00a0<\/div>\n<\/div>\n<\/div>\n<div dir=\"auto\">\n<div class=\"kvgmc6g5 cxmmr5t8 oygrvhab hcukyx3x c1et5uql ii04i59q\">\n<div dir=\"auto\">\n<div class=\"\" data-block=\"true\" data-editor=\"f3ald\" data-offset-key=\"586k1-0-0\">\n<div data-offset-key=\"586k1-0-0\">\u00a0<\/div>\n<\/div>\n<\/div>\n<\/div>\n<\/div>\n<div dir=\"auto\">\n<div class=\"kvgmc6g5 cxmmr5t8 oygrvhab hcukyx3x c1et5uql ii04i59q\">\n<div dir=\"auto\">\n<div class=\"\" data-block=\"true\" data-editor=\"f3ald\" data-offset-key=\"586k1-0-0\">\n<div data-offset-key=\"586k1-0-0\"><span style=\"font-size: 48px;\"><strong><span style=\"color: #000000;\">ZAPRASZAMY\u00a0<\/span><\/strong><\/span><\/div>\n<div data-offset-key=\"586k1-0-0\">\u00a0<\/div>\n<div data-offset-key=\"586k1-0-0\"><span style=\"font-size: 48px;\"><strong><span style=\"color: #000000;\"> NA BASEN I SAUN\u0118<\/span><\/strong><\/span><\/div>\n<div data-offset-key=\"586k1-0-0\">\u00a0<\/div>\n<div data-offset-key=\"586k1-0-0\"><span style=\"font-size: 48px;\"><strong><span style=\"color: #000000;\">\ud83d\ude0e<\/span><\/strong><\/span><\/div>\n<div data-offset-key=\"586k1-0-0\">\u00a0<\/div>\n<\/div>\n<\/div>\n<div data-offset-key=\"586k1-0-0\">\u00a0<\/div>\n<div dir=\"auto\">\n<div class=\"\" data-block=\"true\" data-editor=\"f3ald\" data-offset-key=\"586k1-0-0\">\n<div data-offset-key=\"586k1-0-0\">\u00a0<\/div>\n<\/div>\n<\/div>\n<\/div>\n<\/div>\n<div dir=\"auto\">\n<div class=\"kvgmc6g5 cxmmr5t8 oygrvhab hcukyx3x c1et5uql ii04i59q\">\n<div dir=\"auto\">\n<div class=\"\" data-block=\"true\" data-editor=\"f3ald\" data-offset-key=\"586k1-0-0\">\n<div>\n<p style=\"text-align: center;\">\u00a0<\/p>\n<p><span style=\"color: #000000; font-size: 20px;\">PONIEDZIA\u0141EK\u00a0 &#8211;\u00a0 PI\u0104TEK\u00a0 od 16:30 do 22:00<\/span><\/p>\n<p><span style=\"color: #ff0000; font-size: 20px;\">0statnie wej\u015bcie na basen g. 20:45<\/span><\/p>\n<p><span style=\"color: #000000; font-size: 20px;\">SOBOTA &#8211; 09:00 &#8211; 21:00<\/span><\/p>\n<p><span style=\"color: #000000;\"><span style=\"font-size: 20px;\">NIEDZIELA &#8211; 10:00 &#8211; 21:00<\/span><br \/><\/span><\/p>\n<p><span style=\"color: #ff0000; font-size: 20px;\">0statnie wej\u015bcie na basen g. 19:45<\/span><\/p>\n<\/div>\n<div data-offset-key=\"586k1-0-0\">\n<div>\u00a0\u00a0<\/div>\n<div>\u00a0<\/div>\n<\/div>\n<\/div>\n<div>\n<div dir=\"auto\">\n<div class=\"\" data-block=\"true\" data-editor=\"f3ald\" data-offset-key=\"3fjh0-0-0\">\n<div class=\"_1mf _1mj\" data-offset-key=\"3fjh0-0-0\"><span style=\"font-size: 32px;\"><strong><span style=\"color: #000000;\" data-offset-key=\"3fjh0-0-0\">Harmonogram rezerwacji tor\u00f3w:<\/span><\/strong><\/span><\/div>\n<\/div>\n<\/div>\n<div data-offset-key=\"3fjh0-0-0\">\u00a0<\/div>\n<div dir=\"auto\">\n<div class=\"\" data-block=\"true\" data-editor=\"f3ald\" data-offset-key=\"3fjh0-0-0\">\n<div data-offset-key=\"3fjh0-0-0\"><span style=\"font-size: 28px;\"><a href=\"http:\/\/sp91krakow.pl\/sp91\/wp-content\/uploads\/2026\/04\/Harmonogram_rezerwacji_torow_2026_04_10.pdf.pdf\">Harmonogram_rezerwacji_tor\u00f3w<\/a><\/span><\/div>\n<\/div>\n<\/div>\n<p><strong style=\"font-size: 32px; text-align: left;\"><span style=\"color: #000000;\">\u00a0 \u00a0<\/span><\/strong><\/p>\n<p><strong style=\"font-size: 32px; text-align: left;\"><span style=\"color: #000000;\"> \u00a0CENY BILET\u00d3W<\/span><\/strong><\/p>\n<\/div>\n<div>\n<div dir=\"auto\" style=\"text-align: center;\">\n<div dir=\"auto\">\u00a0<\/div>\n<div class=\"o9v6fnle cxmmr5t8 oygrvhab hcukyx3x c1et5uql ii04i59q\">\n<div dir=\"auto\">\n<div dir=\"auto\" style=\"text-align: left;\">\n<table style=\"height: 341px; width: 68.4805%; border-collapse: collapse; border-style: solid;\" align=\"center\">\n<tbody>\n<tr style=\"height: 35px;\">\n<td style=\"width: 235.448px; height: 35px; border-style: solid; text-align: center;\"><span style=\"color: #000000;\"><strong><span style=\"font-size: 24px;\">Normalny<\/span><\/strong><\/span><\/td>\n<td style=\"width: 235.479px; height: 35px; border-style: solid; text-align: center;\"><span style=\"color: #000000;\"><strong><span style=\"font-size: 24px;\">26 z\u0142<\/span><\/strong><\/span><\/td>\n<\/tr>\n<tr style=\"height: 35px;\">\n<td style=\"width: 235.448px; height: 35px; text-align: center; border-style: solid;\"><span style=\"color: #000000;\"><strong><span style=\"font-size: 24px;\">Ulgowy<\/span><\/strong><\/span><\/td>\n<td style=\"width: 235.479px; height: 35px; border-style: solid; text-align: center;\"><span style=\"color: #000000;\"><strong><span style=\"font-size: 24px;\">20 z\u0142<\/span><\/strong><\/span><\/td>\n<\/tr>\n<tr style=\"height: 35px;\">\n<td style=\"width: 235.448px; height: 35px; text-align: center; border-style: solid;\"><span style=\"color: #000000;\"><strong><span style=\"font-size: 24px;\">Senior <\/span><\/strong><\/span><\/td>\n<td style=\"width: 235.479px; height: 35px; border-style: solid; text-align: center;\"><span style=\"color: #000000;\"><strong><span style=\"font-size: 24px;\">18 z\u0142<\/span><\/strong><\/span><\/td>\n<\/tr>\n<tr style=\"height: 35px;\">\n<td style=\"width: 235.448px; height: 35px; text-align: center; border-style: solid;\"><span style=\"color: #000000;\"><strong><span style=\"font-size: 24px;\">Studencki <\/span><\/strong><\/span><\/td>\n<td style=\"width: 235.479px; height: 35px; border-style: solid; text-align: center;\"><span style=\"color: #000000;\"><strong><span style=\"font-size: 24px;\">20 z\u0142<\/span><\/strong><\/span><\/td>\n<\/tr>\n<tr style=\"height: 35px;\">\n<td style=\"width: 235.448px; height: 35px; text-align: center; border-style: solid;\"><span style=\"color: #000000;\"><strong><span style=\"font-size: 24px;\">Rodzinny (2+1)<\/span><\/strong><\/span><\/td>\n<td style=\"width: 235.479px; height: 35px; border-style: solid; text-align: center;\"><span style=\"color: #000000;\"><strong><span style=\"font-size: 24px;\">45 z\u0142<\/span><\/strong><\/span><\/td>\n<\/tr>\n<tr style=\"height: 35px;\">\n<td style=\"width: 235.448px; height: 35px; text-align: center; border-style: solid;\"><span style=\"color: #000000;\"><strong><span style=\"font-size: 24px;\">Rodzinny (2+2)<\/span><\/strong><\/span><\/td>\n<td style=\"width: 235.479px; height: 35px; border-style: solid; text-align: center;\"><span style=\"color: #000000;\"><strong><span style=\"font-size: 24px;\">50 z\u0142<\/span><\/strong><\/span><\/td>\n<\/tr>\n<tr style=\"height: 24px;\">\n<td style=\"width: 235.448px; height: 24px; text-align: center; border-style: solid;\"><span style=\"color: #000000;\"><strong><span style=\"font-size: 24px;\">Rodzinny (2+3)<\/span><\/strong><\/span><\/td>\n<td style=\"width: 235.479px; height: 24px; border-style: solid; text-align: center;\"><span style=\"color: #000000;\"><strong><span style=\"font-size: 24px;\">55 z\u0142<\/span><\/strong><\/span><\/td>\n<\/tr>\n<tr style=\"height: 24px;\">\n<td style=\"width: 235.448px; height: 24px; text-align: center; border-style: solid;\"><span style=\"color: #000000;\"><strong><span style=\"font-size: 24px;\">KKR 3+ normalny<\/span><\/strong><\/span><\/td>\n<td style=\"width: 235.479px; height: 24px; border-style: solid; text-align: center;\"><span style=\"color: #000000;\"><strong><span style=\"font-size: 24px;\">18 z\u0142<\/span><\/strong><\/span><\/td>\n<\/tr>\n<tr style=\"height: 24px;\">\n<td style=\"width: 235.448px; height: 24px; text-align: center; border-style: solid;\"><span style=\"color: #000000;\"><strong><span style=\"font-size: 24px;\">KKR 3+ ulgowy<\/span><\/strong><\/span><\/td>\n<td style=\"width: 235.479px; height: 24px; border-style: solid; text-align: center;\"><span style=\"color: #000000;\"><strong><span style=\"font-size: 24px;\">15 z\u0142<\/span><\/strong><\/span><\/td>\n<\/tr>\n<tr style=\"height: 24px;\">\n<td style=\"width: 235.448px; height: 24px; text-align: center; border-style: solid;\"><span style=\"color: #000000;\"><strong><span style=\"font-size: 24px;\">normalny &#8220;N&#8221;<\/span><\/strong><\/span><\/td>\n<td style=\"width: 235.479px; height: 24px; border-style: solid; text-align: center;\"><span style=\"color: #000000;\"><strong><span style=\"font-size: 24px;\">18 z\u0142<\/span><\/strong><\/span><\/td>\n<\/tr>\n<tr style=\"height: 35px;\">\n<td style=\"width: 235.448px; text-align: center; height: 35px; border-style: solid;\"><span style=\"color: #000000;\"><strong><span style=\"font-size: 24px;\">ulgowy &#8220;N&#8221;<\/span><\/strong><\/span><\/td>\n<td style=\"width: 235.479px; height: 35px; border-style: solid; text-align: center;\"><span style=\"color: #000000;\"><strong><span style=\"font-size: 24px;\">15 z\u0142<\/span><\/strong><\/span><\/td>\n<\/tr>\n<\/tbody>\n<\/table>\n<\/div>\n<div dir=\"auto\">\u00a0<\/div>\n<div dir=\"auto\">\u00a0<\/div>\n<div dir=\"auto\"><strong style=\"color: #000000; font-size: 24px;\"><strong><span style=\"font-size: 32px;\">SAU<\/span><\/strong><span style=\"font-size: 32px;\">NA<\/span><\/strong><\/div>\n<div dir=\"auto\"><strong style=\"color: #000000; font-size: 24px;\">w ramach ceny biletu na basen<\/strong><\/p>\n<p>&nbsp;<\/p>\n<\/div>\n<\/div>\n<\/div>\n<\/div>\n<\/div>\n<\/div>\n<\/div>\n<div>\n<div><span style=\"color: #000000; background-color: #ffffff; font-size: 28px;\"><strong><span style=\"background-color: #ffffff;\">GODZINY DZIA\u0141ANIA SAUNY<\/span><\/strong><\/span><\/div>\n<div>\u00a0<\/div>\n<div><span style=\"font-size: 32px;\"><strong><span style=\"color: #000000;\">poniedzia\u0142ek &#8211; pi\u0105tek: 18-21<\/span><\/strong><\/span><\/div>\n<div>\u00a0<\/div>\n<div><span style=\"font-size: 32px;\"><strong><span style=\"color: #000000;\">sobota &#8211; niedziela: 15-18<\/span><\/strong><\/span><\/div>\n<div>\u00a0<\/div>\n<\/div>\n<div class=\"kvgmc6g5 cxmmr5t8 oygrvhab hcukyx3x c1et5uql ii04i59q\">\n<div dir=\"auto\">\n<div class=\"\" data-block=\"true\" data-editor=\"f3ald\" data-offset-key=\"586k1-0-0\">\n<div data-offset-key=\"586k1-0-0\">\u00a0<\/div>\n<div class=\"_1mf _1mj\" data-offset-key=\"586k1-0-0\"><span style=\"color: #000000;\">Przed skorzystaniem z sauny nale\u017cy zapozna\u0107 si\u0119 z instrukcj\u0105:<\/span><\/div>\n<\/div>\n<\/div>\n<\/div>\n<div class=\"kvgmc6g5 cxmmr5t8 oygrvhab hcukyx3x c1et5uql ii04i59q\">\n<div dir=\"auto\">\n<p><a href=\"http:\/\/sp91krakow.pl\/sp91\/wp-content\/uploads\/2022\/12\/Instrukcja-Uzytkowania-Sauny.pdf\">Instrukcja U\u017cytkowania Sauny<\/a><\/p>\n<p><span style=\"font-size: 20px;\"><span style=\"color: #ff0000;\">O dost\u0119pno\u015bci tor\u00f3w prosz\u0119 wcze\u015bniej zadzwoni\u0107 do kasy baseny po godz.16:30 pod nr telefonu:<\/span><\/span><\/p>\n<p><span style=\"font-size: 20px; color: #ff0000;\"> 12 644 24 75 w.50\u00a0<\/span><\/p>\n<style type=\"text\/css\"><!--td {border: 1px solid #ccc;}br {mso-data-placement:same-cell;}--><\/style>\n<p><a href=\"https:\/\/www.facebook.com\/OsiedleHandlowe\/\">Facebook Basen os. Handlowe<\/a><\/p>\n<p><a href=\"https:\/\/wego.here.com\/directions\/mix\/\/Basen-Osiedle-Handlowe,-os.-Handlowe-4,-31-935-Krak%C3%B3w,-Poland:e-eyJuYW1lIjoiQmFzZW4gT3NpZWRsZSBIYW5kbG93ZSIsImFkZHJlc3MiOiJvcy4gSGFuZGxvd2UgNCwgS3Jha1x1MDBmM3ciLCJsYXRpdHVkZSI6NTAuMDczODYsImxvbmdpdHVkZSI6MjAuMDMwODQsInByb3ZpZGVyTmFtZSI6ImZhY2Vib29rIiwicHJvdmlkZXJJZCI6MTk2OTA0NDU5NjcwMzUxNX0=?map=50.07386,20.03084,15,normal&amp;fb_locale=pl_PL\">Jak dojecha\u0107<\/a><\/p>\n<p><a href=\"http:\/\/sp91krakow.pl\/sp91\/wp-content\/uploads\/2019\/02\/Regulamin-obiektu-basenowego-przy-SP-91-Krak\u00f3w.pdf\">Regulamin obiektu basenowego przy SP 91 Krak\u00f3w<\/a><\/p>\n<p>&nbsp;<\/p>\n<p><span style=\"font-size: 14pt; color: #000000;\">Na p\u0142ywalni istnieje mo\u017cliwo\u015b\u0107 wynaj\u0119cia ca\u0142ej p\u0142ywalni lub poszczeg\u00f3lnych tor\u00f3w <\/span><\/p>\n<p><span style=\"color: #000000;\">&#8211; w tej sprawie prosz\u0119 o kontaktowa\u0107 si\u0119 z sekretariatem szko\u0142y \u00a0pod nr 12.644.24.75 w.20<\/span><\/p>\n<\/div>\n<\/div>\n<\/div>\n<div dir=\"auto\">\n<div class=\"kvgmc6g5 cxmmr5t8 oygrvhab hcukyx3x c1et5uql ii04i59q\">\n<div dir=\"auto\">\u00a0<\/div>\n<\/div>\n<\/div>\n<\/div>\n<\/div>\n<\/div>\n<\/div>\n<div dir=\"auto\">\n<div class=\"kvgmc6g5 cxmmr5t8 oygrvhab hcukyx3x c1et5uql ii04i59q\">\n<div dir=\"auto\" style=\"text-align: center;\">\n<div class=\"kvgmc6g5 cxmmr5t8 oygrvhab hcukyx3x c1et5uql ii04i59q\">\n<div dir=\"auto\">\n<div class=\"kvgmc6g5 cxmmr5t8 oygrvhab hcukyx3x c1et5uql ii04i59q\">\u00a0<\/div>\n<div class=\"o9v6fnle cxmmr5t8 oygrvhab hcukyx3x c1et5uql ii04i59q\">\n<div dir=\"auto\">\u00a0<\/div>\n<\/div>\n<\/div>\n<div dir=\"auto\">\u00a0<\/div>\n<div dir=\"auto\">\u00a0<\/div>\n<\/div>\n<\/div>\n<\/div>\n<\/div>\n<div dir=\"auto\">\n<div class=\"kvgmc6g5 cxmmr5t8 oygrvhab hcukyx3x c1et5uql ii04i59q\">\n<div dir=\"auto\" style=\"text-align: center;\">\n<div class=\"o9v6fnle cxmmr5t8 oygrvhab hcukyx3x c1et5uql ii04i59q\"><span style=\"color: #000000; font-size: 24px;\">\u00a0Przed przybyciem na basen, nale\u017cy wcze\u015bniej sprawdzi\u0107 dost\u0119pno\u015b\u0107 tor\u00f3w, na grafiku rezerwacji i sprawdzi\u0107 telefonicznie jakie jest ob\u0142o\u017cenie tor\u00f3w w KASIE BASENU<\/span><\/div>\n<div class=\"o9v6fnle cxmmr5t8 oygrvhab hcukyx3x c1et5uql ii04i59q\"><span style=\"color: #000000; font-size: 24px;\"> po godz. 16:30 pod nr telefonu\u00a0 <\/span><span style=\"color: #000000; font-size: 24px;\">12 644 24 75\u00a0 \u00a0w.50\u00a0<\/span><\/div>\n<\/div>\n<div dir=\"auto\" style=\"text-align: center;\">\n<p>&nbsp;<\/p>\n<p><span style=\"font-size: 24px; color: #000000;\">Przypominamy jednocze\u015bnie o konieczno\u015bci przestrzegania wszelkich nakaz\u00f3w i zakaz\u00f3w wynikaj\u0105cych z aktualnych przepis\u00f3w prawa, oraz do stosowania si\u0119 do polece\u0144 personelu basenu. Dzi\u0119kujemy<\/span><\/p>\n<\/div>\n<\/div>\n<\/div>\n<\/div>\n<p style=\"text-align: center;\"><span style=\"font-size: 24px;\"><strong>\u00a0<\/strong><\/span><\/p>\n<div class=\"kvgmc6g5 cxmmr5t8 oygrvhab hcukyx3x c1et5uql ii04i59q\">\u00a0<\/div>\n<div class=\"o9v6fnle cxmmr5t8 oygrvhab hcukyx3x c1et5uql ii04i59q\">\n<h1 dir=\"auto\" style=\"text-align: center;\">\u00a0<\/h1>\n<\/div>\n<p style=\"text-align: center;\"><span style=\"color: #000000;\"><span style=\"font-size: 32px;\">P\u0141YWALNIA &#8211; AKTUALNO\u015aCI<\/span><\/span><\/p>\n<p style=\"text-align: center;\"><span style=\"color: #000000;\"><strong>REGULAMIN <\/strong><\/span><\/p>\n<p><span style=\"color: #000000;\"><strong>KORZYSTANIA Z P\u0141YWALNI PRZY SZKOLE PODSTAWOWEJ NR 91 W KRAKOWIE W USTANOWIONYCH OGRANICZENIACH I ZAKAZACH W ZWI\u0104ZKU Z WYST\u0104PIENIEM STANU EPIDEMII<\/strong><\/span><\/p>\n<p><span style=\"color: #000000;\">Na podstawie Rozporz\u0105dzenia Rady Ministr\u00f3w z dnia 29 maja 2010 r.<\/span><br \/><span style=\"color: #000000;\">w sprawie ustanowienia okre\u015blonych ogranicze\u0144, nakaz\u00f3w i zakaz\u00f3w w zwi\u0105zku<\/span><br \/><span style=\"color: #000000;\">z wyst\u0105pieniem stanu epidemii okre\u015bla si\u0119:<\/span><\/p>\n<p><span style=\"color: #000000;\">W celu unikni\u0119cia gromadzenia i odst\u0119pu pomi\u0119dzy wchodz\u0105cymi i wychodz\u0105cymi uczestnikami korzystaj\u0105cymi z p\u0142ywalni wprowadzono nast\u0119puj\u0105ce zasady:<\/span><\/p>\n<ol>\n<li><span style=\"color: #000000;\">Na terenie p\u0142ywalni do chwili wej\u015bcia pod prysznic obowi\u0105zuje nakaz zas\u0142aniania nosa i ust.<\/span><\/li>\n<li><span style=\"color: #000000;\">W kolejce do kasy nale\u017c zachowa\u0107 wymagane odleg\u0142o\u015bci (1,5 m) miedzy osobami oczekuj\u0105cymi.<\/span><\/li>\n<li><span style=\"color: #000000;\">Wprowadzono zasad\u0119 dezynfekcji szatni oraz pomieszcze\u0144 sanitarnych 4 x podczas funkcjonowania obiektu.<\/span><\/li>\n<li><span style=\"color: #000000;\">Na \u015bcianach przed kas\u0105 oraz w szatniach zamontowano dozowniki z p\u0142ynem dezynfekcyjnym.<\/span><\/li>\n<li><span style=\"color: #000000;\">Wy\u0142\u0105czono z u\u017cytkowania szatni\u0119 przed kas\u0105 oraz miejsca do siedzenia,<\/span><\/li>\n<li><span style=\"color: #000000;\">Prowadzono zasad\u0119 korzystania co trzeciej szafki w przebieralni.<\/span><\/li>\n<li><span style=\"color: #000000;\">W przebieralni i strefie z prysznicami oraz tam gdzie to mo\u017cliwe zwraca si\u0119 uwag\u0119 u\u017cytkownik\u00f3w na:<\/span><\/li>\n<\/ol>\n<p>&nbsp;<\/p>\n<ol>\n<li><span style=\"color: #000000;\">Zachowywanie dystansu 1,5 metr\u00f3w pomi\u0119dzy osobami,<\/span><\/li>\n<li><span style=\"color: #000000;\">Korzystanie z przebieralni,<\/span><\/li>\n<li><span style=\"color: #000000;\">Konieczno\u015bci mycia i dezynfekcji r\u0105k po kontakcie z cz\u0119sto dotykanymi elementami wyposa\u017cenia (klamki, uchwyty do szafek, prze\u0142\u0105cznik\u00f3w, kran\u00f3w itd.)<\/span><\/li>\n<li><span style=\"color: #000000;\">Nie przed\u0142u\u017canie pobytu po opuszczeniu niecki basenowej,<\/span><\/li>\n<li><span style=\"color: #000000;\">Korzystanie z toalety przed prysznicem,<\/span><\/li>\n<li><span style=\"color: #000000;\">Dok\u0142adnie mycie ca\u0142ego cia\u0142o myd\u0142em,<\/span><\/li>\n<li><span style=\"color: #000000;\">Przed wej\u015bciem na hale basenow\u0105 przej\u015bcie przez nogo myjk\u0119,<\/span><\/li>\n<li><span style=\"color: #000000;\">Zabronione jest przebywanie na terenie p\u0142ywalni (przed kasami w szatni<\/span><br \/><span style=\"color: #000000;\">i hali basenowej) os\u00f3b nie korzystaj\u0105cych z p\u0142ywalni.<\/span><\/li>\n<\/ol>\n<p>&nbsp;<\/p>\n<h3><span style=\"color: #000000;\">Na hali basenowej:<\/span><\/h3>\n<ol start=\"8\">\n<li><span style=\"color: #000000;\">Stosowa\u0107 si\u0119 do polece\u0144 Ratownik\u00f3w,<\/span><\/li>\n<li><span style=\"color: #000000;\">Podczas p\u0142ywania mo\u017cna korzysta\u0107 wy\u0142\u0105cznie z w\u0142asnego sprz\u0119tu,<\/span><\/li>\n<li><span style=\"color: #000000;\">Podczas p\u0142ywania zachowa\u0107 odleg\u0142o\u015bci 1,5 m,<\/span><\/li>\n<li><span style=\"color: #000000;\">P\u0142ywalnia nie udost\u0119pnia przyrz\u0105d\u00f3w do nauki p\u0142ywania,<\/span><\/li>\n<li><span style=\"color: #000000;\">Podmioty zewn\u0119trzne zobowi\u0105zane s\u0105 we w\u0142asnym zakresie do ka\u017cdorazowej dezynfekcji przyrz\u0105d\u00f3w po ka\u017cdym u\u017cyciu.<\/span><\/li>\n<\/ol>\n<h3><span style=\"color: #000000;\">Dodatkowo zabrania si\u0119 korzystania z p\u0142ywalni osobom:<\/span><\/h3>\n<ol>\n<li><span style=\"color: #000000;\">z objawami ostrej infekcji przede wszystkim g\u00f3rnych dr\u00f3g oddechowych,<\/span><\/li>\n<li><span style=\"color: #000000;\">z\u0142ego samopoczucia,<\/span><\/li>\n<li><span style=\"color: #000000;\">o podwy\u017cszonej temperatury cia\u0142a.<\/span><\/li>\n<\/ol>\n<p><span style=\"color: #000000;\">Powy\u017csze zasady obowi\u0105zuj\u0105 do czasu z\u0142agodzenia obostrze\u0144.<\/span><\/p>\n<p>https:\/\/www.gov.pl\/web\/rozwoj-praca-technologia\/baseny-i-sauny?fbclid=IwAR3LyfYnfj8fBrkrQkM_Yp1Yc6ThmtvjR4DJvDbbzqR-SY-p2VO3qnBZF58<\/p>\n<p>&nbsp;<\/p>\n","protected":false},"excerpt":{"rendered":"<p>\u00a0 \u00a0 PRZERWA \u015aWI\u0104TECZNA 3.4.5.6 kwietnia 2026r BASEN B\u0118DZIE ZAMKNI\u0118TY \u00a0 \u00a0 \u00a0 \u00a0 ZAPRASZAMY\u00a0 \u00a0 NA BASEN I SAUN\u0118 \u00a0 \ud83d\ude0e \u00a0 \u00a0 \u00a0 \u00a0 PONIEDZIA\u0141EK\u00a0 &#8211;\u00a0 PI\u0104TEK\u00a0 od 16:30 do 22:00 0statnie wej\u015bcie na basen g. 20:45 SOBOTA &#8211; 09:00 &#8211; 21:00 NIEDZIELA &#8211; 10:00 &#8211; 21:00 0statnie wej\u015bcie na basen g. 19:45&hellip; <br \/> <a class=\"read-more\" href=\"http:\/\/sp91krakow.pl\/sp91\/szkola\/plywalnia\/aktualnosci\/\">Dowiedz si\u0119 wi\u0119cej<\/a><\/p>\n","protected":false},"author":1,"featured_media":0,"parent":173,"menu_order":0,"comment_status":"closed","ping_status":"closed","template":"","meta":{"rop_custom_images_group":[],"rop_custom_messages_group":[],"rop_publish_now":"initial","rop_publish_now_accounts":[],"rop_publish_now_history":[],"rop_publish_now_status":"pending","footnotes":""},"class_list":["post-305","page","type-page","status-publish","hentry"],"_links":{"self":[{"href":"http:\/\/sp91krakow.pl\/sp91\/wp-json\/wp\/v2\/pages\/305","targetHints":{"allow":["GET"]}}],"collection":[{"href":"http:\/\/sp91krakow.pl\/sp91\/wp-json\/wp\/v2\/pages"}],"about":[{"href":"http:\/\/sp91krakow.pl\/sp91\/wp-json\/wp\/v2\/types\/page"}],"author":[{"embeddable":true,"href":"http:\/\/sp91krakow.pl\/sp91\/wp-json\/wp\/v2\/users\/1"}],"replies":[{"embeddable":true,"href":"http:\/\/sp91krakow.pl\/sp91\/wp-json\/wp\/v2\/comments?post=305"}],"version-history":[{"count":349,"href":"http:\/\/sp91krakow.pl\/sp91\/wp-json\/wp\/v2\/pages\/305\/revisions"}],"predecessor-version":[{"id":22205,"href":"http:\/\/sp91krakow.pl\/sp91\/wp-json\/wp\/v2\/pages\/305\/revisions\/22205"}],"up":[{"embeddable":true,"href":"http:\/\/sp91krakow.pl\/sp91\/wp-json\/wp\/v2\/pages\/173"}],"wp:attachment":[{"href":"http:\/\/sp91krakow.pl\/sp91\/wp-json\/wp\/v2\/media?parent=305"}],"curies":[{"name":"wp","href":"https:\/\/api.w.org\/{rel}","templated":true}]}}