{"id":3284,"date":"2020-10-14T12:12:00","date_gmt":"2020-10-14T10:12:00","guid":{"rendered":"http:\/\/sp91krakow.pl\/sp91\/?page_id=3284"},"modified":"2025-09-02T17:13:49","modified_gmt":"2025-09-02T15:13:49","slug":"swietlica","status":"publish","type":"page","link":"http:\/\/sp91krakow.pl\/sp91\/swietlica\/","title":{"rendered":"\u015awietlica"},"content":{"rendered":"<p>&nbsp;<\/p>\n<div style=\"width: 100%;\">\n<div style=\"position: relative; padding-bottom: 56.25%; padding-top: 0; height: 0;\"><iframe style=\"position: absolute; top: 0; left: 0; width: 100%; height: 100%;\" src=\"https:\/\/view.genial.ly\/616d3a4cbd8fe00df883baab\" width=\"1200px\" height=\"675px\" frameborder=\"0\" scrolling=\"yes\" allowfullscreen=\"allowfullscreen\"><\/iframe><\/div>\n<\/div>\n<p>Co si\u0119 dzieje w \u015bwietlicy?- <a href=\"http:\/\/sp91krakow.pl\/sp91\/category\/swietlica\/\">link do strony z postami \u015bwietlicowymi<\/a><\/p>\n<p class=\"paragraph\" style=\"margin: 0cm 0cm 0.0001pt; vertical-align: baseline; text-align: center;\"><span style=\"background-color: #ffffff;\"><span class=\"normaltextrun\"><span style=\"font-family: 'Calibri','sans-serif';\">Istnieje mo\u017cliwo\u015b\u0107 dokupienia dodatkowej karty LOCA w cenie 7 z\u0142. W sprawie zam\u00f3wienia kart prosimy o kontakt z Karolin\u0105 B\u0142awut poprzez Librus. Dodatkowe karty zostan\u0105 wydane po wp\u0142acie 7z\u0142 .<\/span><\/span><span class=\"eop\"><span style=\"font-family: 'Calibri','sans-serif';\">\u00a0<\/span><\/span><\/span><\/p>\n<p class=\"paragraph\" style=\"margin: 0cm 0cm 0.0001pt; vertical-align: baseline; text-align: center;\"><span class=\"normaltextrun\" style=\"background-color: #ffffff;\"><span style=\"font-family: 'Calibri','sans-serif';\"><span style=\"text-decoration: none;\">\u00a0<\/span><\/span><\/span><\/p>\n<p class=\"paragraph\" style=\"margin: 0cm 0cm 0.0001pt; vertical-align: baseline; text-align: center;\"><span style=\"color: #0000ff;\"><strong><span style=\"background-color: #ffffff;\"><span class=\"normaltextrun\"><span style=\"font-family: 'Calibri','sans-serif';\"><span style=\"color: #ff00ff;\">Przypominamy, \u017ce karty s\u0142u\u017c\u0105 tylko i wy\u0142\u0105cznie do odbioru dzieci ze szkolnej \u015bwietlicy. Wychowawcy klas na lekcjach, trenerzy, nauczyciele i osoby prowadz\u0105ce zaj\u0119cia dodatkowe, nie maj\u0105 wgl\u0105du do systemu LOCA.<\/span>\u00a0\u00a0<\/span><\/span><span class=\"eop\"><span style=\"font-family: 'Calibri','sans-serif';\">\u00a0<\/span><\/span><\/span><\/strong><\/span><\/p>\n<p><a href=\"https:\/\/view.genial.ly\/616d3a4cbd8fe00df883baab\">Link do prezentacji ze zdj\u0119ciami<\/a><\/p>\n<p><span style=\"font-size: 20px; color: #003366;\"><strong>Regulamin \u015bwietlicy: <a href=\"http:\/\/sp91krakow.pl\/sp91\/wp-content\/uploads\/2020\/10\/Regulamin-swietlicy.pdf\">Regulamin-\u015bwietlicy<\/a><\/strong><\/span><\/p>\n<p id=\"\"><span style=\"color: #003366; font-size: 20px;\"><strong>Regulamin odbioru dziecka ze \u015bwietlicy: <a href=\"http:\/\/sp91krakow.pl\/sp91\/wp-content\/uploads\/2025\/09\/Regulamin_odbioru_dziecka_ze_swietlicy__2025.pdf\">Regulamin odbioru dziecka ze \u015bwietlicy<\/a><\/strong><\/span><\/p>\n<p><span style=\"font-size: 20px; color: #003366;\"><strong>Karta zapisu dziecka do \u015bwietlicy szkolnej: <a href=\"http:\/\/sp91krakow.pl\/sp91\/wp-content\/uploads\/2023\/06\/Karta-zapisu-dziecka-do-swietlicy-1.pdf\">Karta zapisu dziecka do \u015bwietlicy<\/a><a href=\"http:\/\/sp91krakow.pl\/sp91\/wp-content\/uploads\/2022\/08\/Karta-zapisu-dziecka-do-swietlicy.pdf\"><\/a><\/strong><\/span><\/p>\n<p><span style=\"text-decoration: underline;\">Kart\u0119 zapisu wype\u0142niamy raz na 3 lata z mo\u017cliwymi aktualizacjami.<\/span><\/p>\n","protected":false},"excerpt":{"rendered":"<p>&nbsp; Co si\u0119 dzieje w \u015bwietlicy?- link do strony z postami \u015bwietlicowymi Istnieje mo\u017cliwo\u015b\u0107 dokupienia dodatkowej karty LOCA w cenie 7 z\u0142. W sprawie zam\u00f3wienia kart prosimy o kontakt z Karolin\u0105 B\u0142awut poprzez Librus. Dodatkowe karty zostan\u0105 wydane po wp\u0142acie 7z\u0142 .\u00a0 \u00a0 Przypominamy, \u017ce karty s\u0142u\u017c\u0105 tylko i wy\u0142\u0105cznie do odbioru dzieci ze szkolnej&hellip; <br \/> <a class=\"read-more\" href=\"http:\/\/sp91krakow.pl\/sp91\/swietlica\/\">Dowiedz si\u0119 wi\u0119cej<\/a><\/p>\n","protected":false},"author":1,"featured_media":0,"parent":0,"menu_order":0,"comment_status":"closed","ping_status":"closed","template":"","meta":{"rop_custom_images_group":[],"rop_custom_messages_group":[],"rop_publish_now":"initial","rop_publish_now_accounts":[],"rop_publish_now_history":[],"rop_publish_now_status":"pending","footnotes":""},"class_list":["post-3284","page","type-page","status-publish","hentry"],"_links":{"self":[{"href":"http:\/\/sp91krakow.pl\/sp91\/wp-json\/wp\/v2\/pages\/3284","targetHints":{"allow":["GET"]}}],"collection":[{"href":"http:\/\/sp91krakow.pl\/sp91\/wp-json\/wp\/v2\/pages"}],"about":[{"href":"http:\/\/sp91krakow.pl\/sp91\/wp-json\/wp\/v2\/types\/page"}],"author":[{"embeddable":true,"href":"http:\/\/sp91krakow.pl\/sp91\/wp-json\/wp\/v2\/users\/1"}],"replies":[{"embeddable":true,"href":"http:\/\/sp91krakow.pl\/sp91\/wp-json\/wp\/v2\/comments?post=3284"}],"version-history":[{"count":20,"href":"http:\/\/sp91krakow.pl\/sp91\/wp-json\/wp\/v2\/pages\/3284\/revisions"}],"predecessor-version":[{"id":19225,"href":"http:\/\/sp91krakow.pl\/sp91\/wp-json\/wp\/v2\/pages\/3284\/revisions\/19225"}],"wp:attachment":[{"href":"http:\/\/sp91krakow.pl\/sp91\/wp-json\/wp\/v2\/media?parent=3284"}],"curies":[{"name":"wp","href":"https:\/\/api.w.org\/{rel}","templated":true}]}}