{"id":3488,"date":"2021-02-11T14:23:45","date_gmt":"2021-02-11T13:23:45","guid":{"rendered":"http:\/\/sp91krakow.pl\/sp91\/?page_id=3488"},"modified":"2022-10-13T07:53:18","modified_gmt":"2022-10-13T05:53:18","slug":"doradztwo-zawodowe","status":"publish","type":"page","link":"http:\/\/sp91krakow.pl\/sp91\/dla-uczniow\/doradztwo-zawodowe\/","title":{"rendered":"Doradztwo zawodowe"},"content":{"rendered":"<p><a href=\"http:\/\/sp91krakow.pl\/sp91\/terminarz-rekrutacji-do-szkol-srednich\"><img fetchpriority=\"high\" decoding=\"async\" class=\"wp-image-3557  alignleft\" src=\"http:\/\/sp91krakow.pl\/sp91\/wp-content\/uploads\/2021\/02\/Terminarz-300x300.png\" width=\"260\" height=\"260\" srcset=\"http:\/\/sp91krakow.pl\/sp91\/wp-content\/uploads\/2021\/02\/Terminarz-300x300.png 300w, http:\/\/sp91krakow.pl\/sp91\/wp-content\/uploads\/2021\/02\/Terminarz-150x150.png 150w, http:\/\/sp91krakow.pl\/sp91\/wp-content\/uploads\/2021\/02\/Terminarz.png 500w\" sizes=\"(max-width: 260px) 100vw, 260px\" \/><\/a><a href=\"http:\/\/sp91krakow.pl\/sp91\/najwazniejsze-linki\"><img decoding=\"async\" class=\"wp-image-3563  alignleft\" src=\"http:\/\/sp91krakow.pl\/sp91\/wp-content\/uploads\/2021\/02\/linki-300x300.png\" width=\"260\" height=\"260\" srcset=\"http:\/\/sp91krakow.pl\/sp91\/wp-content\/uploads\/2021\/02\/linki-300x300.png 300w, http:\/\/sp91krakow.pl\/sp91\/wp-content\/uploads\/2021\/02\/linki-150x150.png 150w, http:\/\/sp91krakow.pl\/sp91\/wp-content\/uploads\/2021\/02\/linki.png 500w\" sizes=\"(max-width: 260px) 100vw, 260px\" \/><\/a><a href=\"http:\/\/sp91krakow.pl\/sp91\/prezentacje-z-dz\"><img decoding=\"async\" class=\"wp-image-3540  alignleft\" src=\"http:\/\/sp91krakow.pl\/sp91\/wp-content\/uploads\/2021\/02\/prezentacje-300x300.png\" width=\"260\" height=\"260\" srcset=\"http:\/\/sp91krakow.pl\/sp91\/wp-content\/uploads\/2021\/02\/prezentacje-300x300.png 300w, http:\/\/sp91krakow.pl\/sp91\/wp-content\/uploads\/2021\/02\/prezentacje-150x150.png 150w, http:\/\/sp91krakow.pl\/sp91\/wp-content\/uploads\/2021\/02\/prezentacje.png 500w\" sizes=\"(max-width: 260px) 100vw, 260px\" \/><\/a><a href=\"http:\/\/sp91krakow.pl\/sp91\/testy-diagnostyczne\"><img loading=\"lazy\" decoding=\"async\" class=\"wp-image-3550  alignleft\" src=\"http:\/\/sp91krakow.pl\/sp91\/wp-content\/uploads\/2021\/02\/testy-300x300.png\" width=\"260\" height=\"260\" srcset=\"http:\/\/sp91krakow.pl\/sp91\/wp-content\/uploads\/2021\/02\/testy-300x300.png 300w, http:\/\/sp91krakow.pl\/sp91\/wp-content\/uploads\/2021\/02\/testy-150x150.png 150w, http:\/\/sp91krakow.pl\/sp91\/wp-content\/uploads\/2021\/02\/testy.png 500w\" sizes=\"(max-width: 260px) 100vw, 260px\" \/><br \/><\/a><\/p>\n<p>&nbsp;<\/p>\n<p>&nbsp;<\/p>\n<p>&nbsp;<\/p>\n<p>&nbsp;<\/p>\n<p>&nbsp;<\/p>\n<p>&nbsp;<\/p>\n<p>&nbsp;<\/p>\n<p><span style=\"font-size: 20px; color: #008000;\"><strong>Szkolnym doradc\u0105 zawodowym jest p. mgr Monika B\u0142a\u017cowska<\/strong> <\/span><\/p>\n<p>&nbsp;<\/p>\n","protected":false},"excerpt":{"rendered":"<p>&nbsp; &nbsp; &nbsp; &nbsp; &nbsp; &nbsp; &nbsp; Szkolnym doradc\u0105 zawodowym jest p. mgr Monika B\u0142a\u017cowska &nbsp;<\/p>\n","protected":false},"author":1,"featured_media":0,"parent":115,"menu_order":0,"comment_status":"closed","ping_status":"closed","template":"","meta":{"rop_custom_images_group":[],"rop_custom_messages_group":[],"rop_publish_now":"initial","rop_publish_now_accounts":[],"rop_publish_now_history":[],"rop_publish_now_status":"pending","footnotes":""},"class_list":["post-3488","page","type-page","status-publish","hentry"],"_links":{"self":[{"href":"http:\/\/sp91krakow.pl\/sp91\/wp-json\/wp\/v2\/pages\/3488","targetHints":{"allow":["GET"]}}],"collection":[{"href":"http:\/\/sp91krakow.pl\/sp91\/wp-json\/wp\/v2\/pages"}],"about":[{"href":"http:\/\/sp91krakow.pl\/sp91\/wp-json\/wp\/v2\/types\/page"}],"author":[{"embeddable":true,"href":"http:\/\/sp91krakow.pl\/sp91\/wp-json\/wp\/v2\/users\/1"}],"replies":[{"embeddable":true,"href":"http:\/\/sp91krakow.pl\/sp91\/wp-json\/wp\/v2\/comments?post=3488"}],"version-history":[{"count":10,"href":"http:\/\/sp91krakow.pl\/sp91\/wp-json\/wp\/v2\/pages\/3488\/revisions"}],"predecessor-version":[{"id":7171,"href":"http:\/\/sp91krakow.pl\/sp91\/wp-json\/wp\/v2\/pages\/3488\/revisions\/7171"}],"up":[{"embeddable":true,"href":"http:\/\/sp91krakow.pl\/sp91\/wp-json\/wp\/v2\/pages\/115"}],"wp:attachment":[{"href":"http:\/\/sp91krakow.pl\/sp91\/wp-json\/wp\/v2\/media?parent=3488"}],"curies":[{"name":"wp","href":"https:\/\/api.w.org\/{rel}","templated":true}]}}