{"id":3490,"date":"2021-02-11T14:24:24","date_gmt":"2021-02-11T13:24:24","guid":{"rendered":"http:\/\/sp91krakow.pl\/sp91\/?page_id=3490"},"modified":"2021-02-11T14:54:31","modified_gmt":"2021-02-11T13:54:31","slug":"prezentacje-z-dz","status":"publish","type":"page","link":"http:\/\/sp91krakow.pl\/sp91\/prezentacje-z-dz\/","title":{"rendered":"Prezentacje z DZ"},"content":{"rendered":"<div id=\"\" class=\"wpsestyles grey-message\"><strong><span style=\"font-size: 16px;\">Czy i ja mog\u0119 by\u0107 bohaterem?<\/span><\/strong><\/div>\n<p style=\"padding-left: 40px; text-align: left;\"><div class=\"ead-preview\"><div class=\"ead-document\" style=\"position: relative;padding-top: 90%;\"><iframe src=\"\/\/view.officeapps.live.com\/op\/embed.aspx?src=http%3A%2F%2Fsp91krakow.pl%2Fsp91%2Fwp-content%2Fuploads%2F2021%2F02%2FSP-7-8-Czy-i-ja-moge-byc-bohaterem.ppt\" title=\"Embedded Document\" class=\"ead-iframe\" style=\"width: 100%;height: 100%;border: none;position: absolute;left: 0;top: 0;\"><\/iframe><\/div><\/div><\/p>\n<div id=\"\" class=\"wpsestyles grey-message\"><span style=\"font-size: 16px;\"><strong>Co dwie g\u0142owy to nie jedna<\/strong><\/span><\/div>\n<div class=\"ead-preview\"><div class=\"ead-document\" style=\"position: relative;padding-top: 90%;\"><iframe src=\"\/\/view.officeapps.live.com\/op\/embed.aspx?src=http%3A%2F%2Fsp91krakow.pl%2Fsp91%2Fwp-content%2Fuploads%2F2021%2F02%2FSP-7-8-Co-dwie-glowy-to-nie-jedna.ppt\" title=\"Embedded Document\" class=\"ead-iframe\" style=\"width: 100%;height: 100%;border: none;position: absolute;left: 0;top: 0;\"><\/iframe><\/div><\/div>\n<div id=\"\" class=\"wpsestyles grey-message\"><strong><span style=\"font-size: 16px;\">Doradztwo zawodowe. Dlaczego jest wa\u017cne?<\/span><\/strong><\/div>\n<div class=\"ead-preview\"><div class=\"ead-document\" style=\"position: relative;padding-top: 90%;\"><iframe src=\"\/\/view.officeapps.live.com\/op\/embed.aspx?src=http%3A%2F%2Fsp91krakow.pl%2Fsp91%2Fwp-content%2Fuploads%2F2021%2F02%2FSP-7-8-Doradztwo-zawodowe.-Dlaczego-jest-wazne.ppt\" title=\"Embedded Document\" class=\"ead-iframe\" style=\"width: 100%;height: 100%;border: none;position: absolute;left: 0;top: 0;\"><\/iframe><\/div><\/div>\n<div id=\"\" class=\"wpsestyles grey-message\"><span style=\"font-size: 16px;\"><strong>Ja w oczach innych<\/strong><\/span><\/div>\n<div class=\"ead-preview\"><div class=\"ead-document\" style=\"position: relative;padding-top: 90%;\"><iframe src=\"\/\/view.officeapps.live.com\/op\/embed.aspx?src=http%3A%2F%2Fsp91krakow.pl%2Fsp91%2Fwp-content%2Fuploads%2F2021%2F02%2FSP-7-8-Ja-w-oczach-innych.ppt\" title=\"Embedded Document\" class=\"ead-iframe\" style=\"width: 100%;height: 100%;border: none;position: absolute;left: 0;top: 0;\"><\/iframe><\/div><\/div>\n<div id=\"\" class=\"wpsestyles grey-message\"><strong>Jak d\u0142ugo uczymy si\u0119?<\/strong><\/div>\n<div class=\"ead-preview\"><div class=\"ead-document\" style=\"position: relative;padding-top: 90%;\"><iframe src=\"\/\/view.officeapps.live.com\/op\/embed.aspx?src=http%3A%2F%2Fsp91krakow.pl%2Fsp91%2Fwp-content%2Fuploads%2F2021%2F02%2FSP-7-8-Jak-dlugo-uczymy-sie.ppt\" title=\"Embedded Document\" class=\"ead-iframe\" style=\"width: 100%;height: 100%;border: none;position: absolute;left: 0;top: 0;\"><\/iframe><\/div><\/div>\n<div id=\"\" class=\"wpsestyles grey-message\"><strong>Jak wspiera\u0107 dziecko w planowaniu kariery<\/strong><\/div>\n<div class=\"ead-preview\"><div class=\"ead-document\" style=\"position: relative;padding-top: 90%;\"><iframe src=\"\/\/view.officeapps.live.com\/op\/embed.aspx?src=http%3A%2F%2Fsp91krakow.pl%2Fsp91%2Fwp-content%2Fuploads%2F2021%2F02%2FSP-7-8-Jak-wspierac-dziecko-w-planowaniu-kariery.ppt\" title=\"Embedded Document\" class=\"ead-iframe\" style=\"width: 100%;height: 100%;border: none;position: absolute;left: 0;top: 0;\"><\/iframe><\/div><\/div>\n<div id=\"\" class=\"wpsestyles grey-message\"><span style=\"font-size: 16px;\"><strong>Jakie warto\u015bci s\u0105 dla mnie wa\u017cne?<\/strong><\/span><\/div>\n<div class=\"ead-preview\"><div class=\"ead-document\" style=\"position: relative;padding-top: 90%;\"><iframe src=\"\/\/view.officeapps.live.com\/op\/embed.aspx?src=http%3A%2F%2Fsp91krakow.pl%2Fsp91%2Fwp-content%2Fuploads%2F2021%2F02%2FSP-7-8-Jakie-wartos%CC%81ci-sa%CC%A8-dla-mnie-waz%CC%87ne.ppt\" title=\"Embedded Document\" class=\"ead-iframe\" style=\"width: 100%;height: 100%;border: none;position: absolute;left: 0;top: 0;\"><\/iframe><\/div><\/div>\n<div id=\"\" class=\"wpsestyles grey-message\"><span style=\"font-size: 16px;\"><strong>Kariera zawodowa. Co w trawie piszczy&#8230;<\/strong><\/span><\/div>\n<div><div class=\"ead-preview\"><div class=\"ead-document\" style=\"position: relative;padding-top: 90%;\"><iframe src=\"\/\/view.officeapps.live.com\/op\/embed.aspx?src=http%3A%2F%2Fsp91krakow.pl%2Fsp91%2Fwp-content%2Fuploads%2F2021%2F02%2FSP-7-8-Kariera-zawodowa.-Co-w-trawie-piszczy.ppt\" title=\"Embedded Document\" class=\"ead-iframe\" style=\"width: 100%;height: 100%;border: none;position: absolute;left: 0;top: 0;\"><\/iframe><\/div><\/div><\/div>\n<div>\u00a0<\/div>\n<div id=\"\" class=\"wpsestyles grey-message\"><span style=\"font-size: 16px;\"><strong>Kim chc\u0119 zosta\u0107 w przysz\u0142o\u015bci?<\/strong><\/span><\/div>\n<div><div class=\"ead-preview\"><div class=\"ead-document\" style=\"position: relative;padding-top: 90%;\"><iframe src=\"\/\/view.officeapps.live.com\/op\/embed.aspx?src=http%3A%2F%2Fsp91krakow.pl%2Fsp91%2Fwp-content%2Fuploads%2F2021%2F02%2FSP-7-8-Kim-chce-zostac-w-przyszlosci.ppt\" title=\"Embedded Document\" class=\"ead-iframe\" style=\"width: 100%;height: 100%;border: none;position: absolute;left: 0;top: 0;\"><\/iframe><\/div><\/div><\/div>\n<div>\u00a0<\/div>\n<div id=\"\" class=\"wpsestyles grey-message\"><span style=\"font-size: 16px;\"><strong>Marzenia do spe\u0142nienia<\/strong><\/span><\/div>\n<div><div class=\"ead-preview\"><div class=\"ead-document\" style=\"position: relative;padding-top: 90%;\"><iframe src=\"\/\/view.officeapps.live.com\/op\/embed.aspx?src=http%3A%2F%2Fsp91krakow.pl%2Fsp91%2Fwp-content%2Fuploads%2F2021%2F02%2FSP-7-8-Marzenia-do-spelnienia.ppt\" title=\"Embedded Document\" class=\"ead-iframe\" style=\"width: 100%;height: 100%;border: none;position: absolute;left: 0;top: 0;\"><\/iframe><\/div><\/div><\/div>\n<div>\u00a0<\/div>\n<div id=\"\" class=\"wpsestyles grey-message\"><span style=\"font-size: 16px;\"><strong>Moje portfolio i e-portfolio<\/strong><\/span><\/div>\n<div><div class=\"ead-preview\"><div class=\"ead-document\" style=\"position: relative;padding-top: 90%;\"><iframe src=\"\/\/view.officeapps.live.com\/op\/embed.aspx?src=http%3A%2F%2Fsp91krakow.pl%2Fsp91%2Fwp-content%2Fuploads%2F2021%2F02%2FSP-7-8-Moje-portfolio-i-e-portfolio.ppt\" title=\"Embedded Document\" class=\"ead-iframe\" style=\"width: 100%;height: 100%;border: none;position: absolute;left: 0;top: 0;\"><\/iframe><\/div><\/div><\/div>\n<div>\u00a0<\/div>\n<div id=\"\" class=\"wpsestyles grey-message\"><span style=\"font-size: 16px;\"><strong>Moje umiej\u0119tno\u015bci &#8211; moje sukcesy<\/strong><\/span><\/div>\n<div><div class=\"ead-preview\"><div class=\"ead-document\" style=\"position: relative;padding-top: 90%;\"><iframe src=\"\/\/view.officeapps.live.com\/op\/embed.aspx?src=http%3A%2F%2Fsp91krakow.pl%2Fsp91%2Fwp-content%2Fuploads%2F2021%2F02%2FSP-7-8-Moje-umieje%CC%A8tnos%CC%81ci-moje-sukcesy.ppt\" title=\"Embedded Document\" class=\"ead-iframe\" style=\"width: 100%;height: 100%;border: none;position: absolute;left: 0;top: 0;\"><\/iframe><\/div><\/div><\/div>\n<div>\u00a0<\/div>\n<div id=\"\" class=\"wpsestyles grey-message\"><span style=\"font-size: 16px;\"><strong>Ograniczenia czy mo\u017cliwo\u015bci?<\/strong><\/span><\/div>\n<div><div class=\"ead-preview\"><div class=\"ead-document\" style=\"position: relative;padding-top: 90%;\"><iframe src=\"\/\/view.officeapps.live.com\/op\/embed.aspx?src=http%3A%2F%2Fsp91krakow.pl%2Fsp91%2Fwp-content%2Fuploads%2F2021%2F02%2FSP-7-8-Ograniczenia-czy-moz%CC%87liwos%CC%81ci.ppt\" title=\"Embedded Document\" class=\"ead-iframe\" style=\"width: 100%;height: 100%;border: none;position: absolute;left: 0;top: 0;\"><\/iframe><\/div><\/div><\/div>\n<div>\u00a0<\/div>\n<div id=\"\" class=\"wpsestyles grey-message\"><span style=\"font-size: 16px;\"><strong>Przewidzie\u0107 przysz\u0142o\u015b\u0107 &#8211; trendy rynku pracy<\/strong><\/span><\/div>\n<div><div class=\"ead-preview\"><div class=\"ead-document\" style=\"position: relative;padding-top: 90%;\"><iframe src=\"\/\/view.officeapps.live.com\/op\/embed.aspx?src=http%3A%2F%2Fsp91krakow.pl%2Fsp91%2Fwp-content%2Fuploads%2F2021%2F02%2FSP-7-8-Przewidziec-przyszlosc-trendy-rynku-pracy.ppt\" title=\"Embedded Document\" class=\"ead-iframe\" style=\"width: 100%;height: 100%;border: none;position: absolute;left: 0;top: 0;\"><\/iframe><\/div><\/div><\/div>\n<div>\u00a0<\/div>\n<div id=\"\" class=\"wpsestyles grey-message\"><span style=\"font-size: 16px;\"><strong>Rodzic jako doradca<\/strong><\/span><\/div>\n<div><div class=\"ead-preview\"><div class=\"ead-document\" style=\"position: relative;padding-top: 90%;\"><iframe src=\"\/\/view.officeapps.live.com\/op\/embed.aspx?src=http%3A%2F%2Fsp91krakow.pl%2Fsp91%2Fwp-content%2Fuploads%2F2021%2F02%2FSP-7-8-Rodzic-jako-doradca.ppt\" title=\"Embedded Document\" class=\"ead-iframe\" style=\"width: 100%;height: 100%;border: none;position: absolute;left: 0;top: 0;\"><\/iframe><\/div><\/div><\/div>\n<div>\u00a0<\/div>\n<div id=\"\" class=\"wpsestyles grey-message\"><span style=\"font-size: 16px;\"><strong>Szko\u0142a podstawowa i co dalej<\/strong><\/span><\/div>\n<div><div class=\"ead-preview\"><div class=\"ead-document\" style=\"position: relative;padding-top: 90%;\"><iframe src=\"\/\/view.officeapps.live.com\/op\/embed.aspx?src=http%3A%2F%2Fsp91krakow.pl%2Fsp91%2Fwp-content%2Fuploads%2F2021%2F02%2FSP-7-8-Szkola-podstawowa-i-co-dalej.ppt\" title=\"Embedded Document\" class=\"ead-iframe\" style=\"width: 100%;height: 100%;border: none;position: absolute;left: 0;top: 0;\"><\/iframe><\/div><\/div><\/div>\n<div>\u00a0<\/div>\n<div id=\"\" class=\"wpsestyles grey-message\"><span style=\"font-size: 16px;\"><strong>Temperament jak z bajki<\/strong><\/span><\/div>\n<div><div class=\"ead-preview\"><div class=\"ead-document\" style=\"position: relative;padding-top: 90%;\"><iframe src=\"\/\/view.officeapps.live.com\/op\/embed.aspx?src=http%3A%2F%2Fsp91krakow.pl%2Fsp91%2Fwp-content%2Fuploads%2F2021%2F02%2FSP-7-8-Temperament-jak-z-bajki.ppt\" title=\"Embedded Document\" class=\"ead-iframe\" style=\"width: 100%;height: 100%;border: none;position: absolute;left: 0;top: 0;\"><\/iframe><\/div><\/div><\/div>\n<div>\u00a0<\/div>\n<div id=\"\" class=\"wpsestyles grey-message\"><span style=\"font-size: 16px;\"><strong>Wiedza o zawodach a kariera zawodowa mojego dziecka<\/strong><\/span><\/div>\n<div><div class=\"ead-preview\"><div class=\"ead-document\" style=\"position: relative;padding-top: 90%;\"><iframe src=\"\/\/view.officeapps.live.com\/op\/embed.aspx?src=http%3A%2F%2Fsp91krakow.pl%2Fsp91%2Fwp-content%2Fuploads%2F2021%2F02%2FSP-7-8-Wiedza-o-zawodach-a-kariera-zawodowa-mojego-dziecka.ppt\" title=\"Embedded Document\" class=\"ead-iframe\" style=\"width: 100%;height: 100%;border: none;position: absolute;left: 0;top: 0;\"><\/iframe><\/div><\/div><\/div>\n<div>\u00a0<\/div>\n<div id=\"\" class=\"wpsestyles grey-message\"><span style=\"font-size: 16px;\"><strong>Zawody wok\u00f3\u0142 nas<\/strong><\/span><\/div>\n<div><div class=\"ead-preview\"><div class=\"ead-document\" style=\"position: relative;padding-top: 90%;\"><iframe src=\"\/\/view.officeapps.live.com\/op\/embed.aspx?src=http%3A%2F%2Fsp91krakow.pl%2Fsp91%2Fwp-content%2Fuploads%2F2021%2F02%2FSP-7-8-Zawody-woko%CC%81l-nas.ppt\" title=\"Embedded Document\" class=\"ead-iframe\" style=\"width: 100%;height: 100%;border: none;position: absolute;left: 0;top: 0;\"><\/iframe><\/div><\/div><\/div>\n","protected":false},"excerpt":{"rendered":"<p>Czy i ja mog\u0119 by\u0107 bohaterem? Co dwie g\u0142owy to nie jedna Doradztwo zawodowe. Dlaczego jest wa\u017cne? Ja w oczach innych Jak d\u0142ugo uczymy si\u0119? Jak wspiera\u0107 dziecko w planowaniu kariery Jakie warto\u015bci s\u0105 dla mnie wa\u017cne? Kariera zawodowa. Co w trawie piszczy&#8230; \u00a0 Kim chc\u0119 zosta\u0107 w przysz\u0142o\u015bci? \u00a0 Marzenia do spe\u0142nienia \u00a0 Moje&hellip; <br \/> <a class=\"read-more\" href=\"http:\/\/sp91krakow.pl\/sp91\/prezentacje-z-dz\/\">Dowiedz si\u0119 wi\u0119cej<\/a><\/p>\n","protected":false},"author":1,"featured_media":0,"parent":0,"menu_order":0,"comment_status":"closed","ping_status":"closed","template":"","meta":{"rop_custom_images_group":[],"rop_custom_messages_group":[],"rop_publish_now":"initial","rop_publish_now_accounts":[],"rop_publish_now_history":[],"rop_publish_now_status":"pending","footnotes":""},"class_list":["post-3490","page","type-page","status-publish","hentry"],"_links":{"self":[{"href":"http:\/\/sp91krakow.pl\/sp91\/wp-json\/wp\/v2\/pages\/3490","targetHints":{"allow":["GET"]}}],"collection":[{"href":"http:\/\/sp91krakow.pl\/sp91\/wp-json\/wp\/v2\/pages"}],"about":[{"href":"http:\/\/sp91krakow.pl\/sp91\/wp-json\/wp\/v2\/types\/page"}],"author":[{"embeddable":true,"href":"http:\/\/sp91krakow.pl\/sp91\/wp-json\/wp\/v2\/users\/1"}],"replies":[{"embeddable":true,"href":"http:\/\/sp91krakow.pl\/sp91\/wp-json\/wp\/v2\/comments?post=3490"}],"version-history":[{"count":23,"href":"http:\/\/sp91krakow.pl\/sp91\/wp-json\/wp\/v2\/pages\/3490\/revisions"}],"predecessor-version":[{"id":3539,"href":"http:\/\/sp91krakow.pl\/sp91\/wp-json\/wp\/v2\/pages\/3490\/revisions\/3539"}],"wp:attachment":[{"href":"http:\/\/sp91krakow.pl\/sp91\/wp-json\/wp\/v2\/media?parent=3490"}],"curies":[{"name":"wp","href":"https:\/\/api.w.org\/{rel}","templated":true}]}}