{"id":3492,"date":"2021-02-11T14:24:42","date_gmt":"2021-02-11T13:24:42","guid":{"rendered":"http:\/\/sp91krakow.pl\/sp91\/?page_id=3492"},"modified":"2022-09-22T09:46:20","modified_gmt":"2022-09-22T07:46:20","slug":"terminarz-rekrutacji-do-szkol-srednich","status":"publish","type":"page","link":"http:\/\/sp91krakow.pl\/sp91\/terminarz-rekrutacji-do-szkol-srednich\/","title":{"rendered":"Terminarz rekrutacji do szk\u00f3\u0142 \u015brednich"},"content":{"rendered":"<p><strong>Aktualny terminarz zostanie podany wkr\u00f3tce.<\/strong><\/p>\n","protected":false},"excerpt":{"rendered":"<p>Aktualny terminarz zostanie podany wkr\u00f3tce.<\/p>\n","protected":false},"author":1,"featured_media":0,"parent":0,"menu_order":0,"comment_status":"closed","ping_status":"closed","template":"","meta":{"rop_custom_images_group":[],"rop_custom_messages_group":[],"rop_publish_now":"initial","rop_publish_now_accounts":[],"rop_publish_now_history":[],"rop_publish_now_status":"pending","footnotes":""},"class_list":["post-3492","page","type-page","status-publish","hentry"],"_links":{"self":[{"href":"http:\/\/sp91krakow.pl\/sp91\/wp-json\/wp\/v2\/pages\/3492","targetHints":{"allow":["GET"]}}],"collection":[{"href":"http:\/\/sp91krakow.pl\/sp91\/wp-json\/wp\/v2\/pages"}],"about":[{"href":"http:\/\/sp91krakow.pl\/sp91\/wp-json\/wp\/v2\/types\/page"}],"author":[{"embeddable":true,"href":"http:\/\/sp91krakow.pl\/sp91\/wp-json\/wp\/v2\/users\/1"}],"replies":[{"embeddable":true,"href":"http:\/\/sp91krakow.pl\/sp91\/wp-json\/wp\/v2\/comments?post=3492"}],"version-history":[{"count":5,"href":"http:\/\/sp91krakow.pl\/sp91\/wp-json\/wp\/v2\/pages\/3492\/revisions"}],"predecessor-version":[{"id":6860,"href":"http:\/\/sp91krakow.pl\/sp91\/wp-json\/wp\/v2\/pages\/3492\/revisions\/6860"}],"wp:attachment":[{"href":"http:\/\/sp91krakow.pl\/sp91\/wp-json\/wp\/v2\/media?parent=3492"}],"curies":[{"name":"wp","href":"https:\/\/api.w.org\/{rel}","templated":true}]}}