{"id":3494,"date":"2021-02-11T14:25:14","date_gmt":"2021-02-11T13:25:14","guid":{"rendered":"http:\/\/sp91krakow.pl\/sp91\/?page_id=3494"},"modified":"2021-02-11T15:19:50","modified_gmt":"2021-02-11T14:19:50","slug":"najwazniejsze-linki","status":"publish","type":"page","link":"http:\/\/sp91krakow.pl\/sp91\/najwazniejsze-linki\/","title":{"rendered":"Najwa\u017cniejsze linki"},"content":{"rendered":"<p><span style=\"font-size: 22px; font-family: 'comic sans ms', sans-serif;\"><span style=\"color: #000000;\">Barometr Zawod\u00f3w:<\/span>\u00a0<span style=\"font-size: 18px;\"><a href=\"https:\/\/barometrzawodow.pl\/\">https:\/\/barometrzawodow.pl\/<\/a><\/span><\/span><\/p>\n<p><span style=\"font-size: 22px; font-family: 'comic sans ms', sans-serif;\"><span style=\"color: #000000;\">Kalkulator punkt\u00f3w z informacj\u0105 o szko\u0142ach:<\/span>\u00a0<span style=\"font-size: 18px;\"><a href=\"https:\/\/waszaedukacja.pl\/artykuly\/jak-obliczyc-punkty-do-szkoly-sredniej\">https:\/\/waszaedukacja.pl\/artykuly\/jak-obliczyc-punkty-do-szkoly-sredniej<\/a><\/span><\/span><\/p>\n<p><span style=\"font-size: 22px; font-family: 'comic sans ms', sans-serif;\"><span style=\"color: #000000;\">System rekrutacyjny Omikron:<\/span><span style=\"font-size: 18px;\">\u00a0<a href=\"https:\/\/krakow.e-omikron.pl\/omikron-parents\/main.action\">https:\/\/krakow.e-omikron.pl\/omikron-parents\/main.action<\/a><\/span><\/span><\/p>\n","protected":false},"excerpt":{"rendered":"<p>Barometr Zawod\u00f3w:\u00a0https:\/\/barometrzawodow.pl\/ Kalkulator punkt\u00f3w z informacj\u0105 o szko\u0142ach:\u00a0https:\/\/waszaedukacja.pl\/artykuly\/jak-obliczyc-punkty-do-szkoly-sredniej System rekrutacyjny Omikron:\u00a0https:\/\/krakow.e-omikron.pl\/omikron-parents\/main.action<\/p>\n","protected":false},"author":1,"featured_media":0,"parent":0,"menu_order":0,"comment_status":"closed","ping_status":"closed","template":"","meta":{"rop_custom_images_group":[],"rop_custom_messages_group":[],"rop_publish_now":"initial","rop_publish_now_accounts":[],"rop_publish_now_history":[],"rop_publish_now_status":"pending","footnotes":""},"class_list":["post-3494","page","type-page","status-publish","hentry"],"_links":{"self":[{"href":"http:\/\/sp91krakow.pl\/sp91\/wp-json\/wp\/v2\/pages\/3494","targetHints":{"allow":["GET"]}}],"collection":[{"href":"http:\/\/sp91krakow.pl\/sp91\/wp-json\/wp\/v2\/pages"}],"about":[{"href":"http:\/\/sp91krakow.pl\/sp91\/wp-json\/wp\/v2\/types\/page"}],"author":[{"embeddable":true,"href":"http:\/\/sp91krakow.pl\/sp91\/wp-json\/wp\/v2\/users\/1"}],"replies":[{"embeddable":true,"href":"http:\/\/sp91krakow.pl\/sp91\/wp-json\/wp\/v2\/comments?post=3494"}],"version-history":[{"count":4,"href":"http:\/\/sp91krakow.pl\/sp91\/wp-json\/wp\/v2\/pages\/3494\/revisions"}],"predecessor-version":[{"id":3562,"href":"http:\/\/sp91krakow.pl\/sp91\/wp-json\/wp\/v2\/pages\/3494\/revisions\/3562"}],"wp:attachment":[{"href":"http:\/\/sp91krakow.pl\/sp91\/wp-json\/wp\/v2\/media?parent=3494"}],"curies":[{"name":"wp","href":"https:\/\/api.w.org\/{rel}","templated":true}]}}