{"id":3496,"date":"2021-02-11T14:25:25","date_gmt":"2021-02-11T13:25:25","guid":{"rendered":"http:\/\/sp91krakow.pl\/sp91\/?page_id=3496"},"modified":"2021-02-11T15:15:40","modified_gmt":"2021-02-11T14:15:40","slug":"testy-diagnostyczne","status":"publish","type":"page","link":"http:\/\/sp91krakow.pl\/sp91\/testy-diagnostyczne\/","title":{"rendered":"Testy diagnostyczne"},"content":{"rendered":"<p><span style=\"color: #000000;\"><span style=\"font-family: 'comic sans ms', sans-serif; font-size: 22px;\">Kwestionariusz preferencji zawowodych:<\/span><span style=\"font-size: 22px; color: #003366;\"> <a href=\"http:\/\/sp91krakow.pl\/sp91\/wp-content\/uploads\/2021\/02\/04_test-Kwestionariusz-preferencji-zawodowych.pdf\" style=\"color: #003366;\">kliknij tu<\/a><\/span><\/span><\/p>\n<p><span style=\"color: #000000;\"><span style=\"font-family: 'comic sans ms', sans-serif; font-size: 22px;\">Ocane typu osobowo\u015bci zawodowej:<\/span><span style=\"font-size: 22px; color: #003366;\"> <a href=\"http:\/\/sp91krakow.pl\/sp91\/wp-content\/uploads\/2021\/02\/05_test-ocena-typu-osobowosci-zawodowej.pdf\" style=\"color: #003366;\">kliknij tu<\/a><\/span> <a href=\"http:\/\/sp91krakow.pl\/sp91\/wp-content\/uploads\/2021\/02\/06_test-Jak-oceniam-wlasna-przedsiebiorczosc.pdf\" style=\"color: #000000;\"><\/a><\/span><\/p>\n<p><span style=\"color: #000000;\"><span style=\"font-family: 'comic sans ms', sans-serif; font-size: 22px;\">Jak oceniam w\u0142as\u0105 przedsi\u0119biorczo\u015b\u0107:<\/span><span style=\"font-size: 22px; color: #003366;\"> <a href=\"http:\/\/sp91krakow.pl\/sp91\/wp-content\/uploads\/2021\/02\/06_test-Jak-oceniam-wlasna-przedsiebiorczosc.pdf\" style=\"color: #003366;\">kliknij tu<\/a><\/span> <a href=\"http:\/\/sp91krakow.pl\/sp91\/wp-content\/uploads\/2021\/02\/07_test-Kwestionariusz-zainteresowan-zawodowych.pdf\" style=\"color: #000000;\"><\/a><\/span><\/p>\n<p><span style=\"color: #000000;\"><span style=\"font-family: 'comic sans ms', sans-serif; font-size: 22px;\">Kwestionariusz zainteresowa\u0107 zawodowych: <\/span><span style=\"font-size: 22px; color: #003366;\"><a href=\"http:\/\/sp91krakow.pl\/sp91\/wp-content\/uploads\/2021\/02\/07_test-Kwestionariusz-zainteresowan-zawodowych.pdf\" style=\"color: #003366;\">kliknij tu<\/a><\/span><\/span><\/p>\n","protected":false},"excerpt":{"rendered":"<p>Kwestionariusz preferencji zawowodych: kliknij tu Ocane typu osobowo\u015bci zawodowej: kliknij tu Jak oceniam w\u0142as\u0105 przedsi\u0119biorczo\u015b\u0107: kliknij tu Kwestionariusz zainteresowa\u0107 zawodowych: kliknij tu<\/p>\n","protected":false},"author":1,"featured_media":0,"parent":0,"menu_order":0,"comment_status":"closed","ping_status":"closed","template":"","meta":{"rop_custom_images_group":[],"rop_custom_messages_group":[],"rop_publish_now":"initial","rop_publish_now_accounts":[],"rop_publish_now_history":[],"rop_publish_now_status":"pending","footnotes":""},"class_list":["post-3496","page","type-page","status-publish","hentry"],"_links":{"self":[{"href":"http:\/\/sp91krakow.pl\/sp91\/wp-json\/wp\/v2\/pages\/3496","targetHints":{"allow":["GET"]}}],"collection":[{"href":"http:\/\/sp91krakow.pl\/sp91\/wp-json\/wp\/v2\/pages"}],"about":[{"href":"http:\/\/sp91krakow.pl\/sp91\/wp-json\/wp\/v2\/types\/page"}],"author":[{"embeddable":true,"href":"http:\/\/sp91krakow.pl\/sp91\/wp-json\/wp\/v2\/users\/1"}],"replies":[{"embeddable":true,"href":"http:\/\/sp91krakow.pl\/sp91\/wp-json\/wp\/v2\/comments?post=3496"}],"version-history":[{"count":4,"href":"http:\/\/sp91krakow.pl\/sp91\/wp-json\/wp\/v2\/pages\/3496\/revisions"}],"predecessor-version":[{"id":3549,"href":"http:\/\/sp91krakow.pl\/sp91\/wp-json\/wp\/v2\/pages\/3496\/revisions\/3549"}],"wp:attachment":[{"href":"http:\/\/sp91krakow.pl\/sp91\/wp-json\/wp\/v2\/media?parent=3496"}],"curies":[{"name":"wp","href":"https:\/\/api.w.org\/{rel}","templated":true}]}}