{"id":4014,"date":"2021-03-03T17:43:00","date_gmt":"2021-03-03T16:43:00","guid":{"rendered":"http:\/\/sp91krakow.pl\/sp91\/?page_id=4014"},"modified":"2021-07-11T20:12:38","modified_gmt":"2021-07-11T18:12:38","slug":"ogien-maj","status":"publish","type":"page","link":"http:\/\/sp91krakow.pl\/sp91\/ogien-maj\/","title":{"rendered":"OGIE\u0143 &#8211; maj"},"content":{"rendered":"<div id=\"\" class=\"wpsestyles green-message\">\n<p style=\"text-align: center;\"><span style=\"font-size: 18px;\"><strong>Wyniki szkolnego konkursu plastycznego \u201eWielki wynalazca \u2013 Ignacy \u0141ukasiewicz\u201d\u00a0 \u00a0 \u00a0 \u00a0 \u00a0 \u00a0 28.05.2021 r.<\/strong>\u00a0<\/span><\/p>\n<\/div>\n<p>&nbsp;<\/p>\n<p><span style=\"color: #000000; font-size: 18px;\">Konkurs plastyczny by\u0142 skierowany do wszystkich Uczni\u00f3w. Zadaniem uczestnik\u00f3w konkursu by\u0142o wykonanie plakatu o \u017cyciu i dzia\u0142alno\u015bci Ignacego \u0141ukasiewicza i o jego wynalazku \u2013 lampie naftowej.<\/span><\/p>\n<p><span style=\"color: #000000; font-size: 18px;\">Komisja konkursowa zdecydowa\u0142a o przyznaniu nagr\u00f3d, wyr\u00f3\u017cnie\u0144 i dyplom\u00f3w za udzia\u0142, ze wzgl\u0119du na bardzo zr\u00f3\u017cnicowany poziom wykonanych prac, interpretacj\u0119 tematu, wk\u0142ad pracy dzieci w wykonanie.<\/span><\/p>\n<p><span style=\"text-decoration: underline;\"><strong><span style=\"color: #000000; font-size: 18px; text-decoration: underline;\">W kategorii klas 1 \u2013 3<\/span><\/strong><\/span><\/p>\n<p><span style=\"text-decoration: underline;\"><span style=\"color: #000000; font-size: 18px; text-decoration: underline;\">Nagrody otrzymuj\u0105:<\/span><\/span><\/p>\n<ul>\n<li><span style=\"color: #000000; font-size: 18px;\">Micha\u0142 Ko\u0142a\u015b z kl. 3a<\/span><\/li>\n<li><span style=\"color: #000000; font-size: 18px;\">Lena Pasierb z kl. 2d<\/span><\/li>\n<li><span style=\"color: #000000; font-size: 18px;\">Bruno Bary\u0142a z kl. 1d<\/span><\/li>\n<\/ul>\n<p><span style=\"text-decoration: underline;\"><span style=\"color: #000000; font-size: 18px; text-decoration: underline;\">Wyr\u00f3\u017cnienia otrzymuj\u0105:<\/span><\/span><\/p>\n<ul>\n<li><span style=\"color: #000000; font-size: 18px;\">Piotr Bednarczyk z kl. 2b<\/span><\/li>\n<li><span style=\"color: #000000; font-size: 18px;\">Adam Matusik z kl. 3a<\/span><\/li>\n<\/ul>\n<p><span style=\"text-decoration: underline;\"><span style=\"color: #000000; font-size: 18px; text-decoration: underline;\">Za udzia\u0142 dyplomy otrzymuj\u0105:<\/span><\/span><\/p>\n<ul>\n<li><span style=\"color: #000000; font-size: 18px;\">Julia Grzanka z kl. 1d<\/span><\/li>\n<li><span style=\"color: #000000; font-size: 18px;\">Ida Ku\u0142akowska z kl. 1b<\/span><\/li>\n<\/ul>\n<p><span style=\"text-decoration: underline;\"><strong><span style=\"color: #000000; font-size: 18px; text-decoration: underline;\">W kategorii klas\u00a0 4 \u2013 6<\/span><\/strong><\/span><\/p>\n<p><span style=\"color: #000000; font-size: 18px;\"><span style=\"text-decoration: underline;\">Nagrod\u0119 otrzymuje<\/span> Lena Wywia\u0142 z kl. 4c<\/span><\/p>\n<p><span style=\"text-decoration: underline;\"><span style=\"color: #000000; font-size: 18px; text-decoration: underline;\">Wyr\u00f3\u017cnienia otrzymuj\u0105:<\/span><\/span><\/p>\n<p><span style=\"color: #000000; font-size: 18px;\">Maja Gos z kl. 4d<\/span><br \/><span style=\"color: #000000; font-size: 18px;\">Wiktoria Jeziorska z kl. 4d<\/span><\/p>\n<p><span style=\"text-decoration: underline;\"><strong><span style=\"color: #000000; font-size: 18px; text-decoration: underline;\">W kategorii klas 7 &#8211; 8<\/span><\/strong><\/span><\/p>\n<p><span style=\"color: #000000; font-size: 18px;\"><span style=\"text-decoration: underline;\">Nagrod\u0119 otrzymuje<\/span> Gabriela Paciorek z kl. 8a<\/span><\/p>\n<p>&nbsp;<\/p>\n<p><span style=\"color: #000000; font-size: 18px;\">Projekt jest realizowany dzi\u0119ki grantowi finansowemu z Funduszu Naturalnej Energii. Organizatorem konkursu jest Operator Gazoci\u0105g\u00f3w Przesy\u0142owych GAZ-SYSTEM S.A., a Partnerem Konkursu jest Fundacja \u201eZa g\u00f3rami, za lasami\u201d<\/span>.<\/p>\n<p><img decoding=\"async\" class=\"size-medium wp-image-4024 aligncenter\" src=\"http:\/\/sp91krakow.pl\/sp91\/wp-content\/uploads\/2020\/10\/banner-300x114.png\" alt=\"Baner akcji\" width=\"300\" height=\"114\" srcset=\"http:\/\/sp91krakow.pl\/sp91\/wp-content\/uploads\/2020\/10\/banner-300x114.png 300w, http:\/\/sp91krakow.pl\/sp91\/wp-content\/uploads\/2020\/10\/banner-768x292.png 768w, http:\/\/sp91krakow.pl\/sp91\/wp-content\/uploads\/2020\/10\/banner.png 820w\" sizes=\"(max-width: 300px) 100vw, 300px\" \/><\/p>\n<p>&nbsp;<\/p>\n<div id=\"\" class=\"wpsestyles green-message\" style=\"text-align: center;\"><span style=\"font-size: 18px;\">Spotkania ze stra\u017cakami oraz warsztaty na \u0141\u0105kach Nowohuckich<\/span><\/div>\n<p><span style=\"color: #000000;\">W maju uczniowie klas pierwszych uczestniczyli w spotkaniu ze stra\u017cakami ze Szko\u0142y Aspirant\u00f3w Pa\u0144stwowej Stra\u017cy Po\u017carnej w Krakowie. Dzieci mia\u0142y najpierw pogadank\u0119 na temat przyczyn powstawania po\u017car\u00f3w, ich skutk\u00f3w oraz bezpiecznego zachowania si\u0119 podczas po\u017caru. W cz\u0119\u015bci drugiej uczestniczy\u0142y w pokazie sprz\u0119tu ga\u015bniczego .<\/span><span style=\"color: #000000;\">Klasy trzecie odby\u0142y warsztaty przyrodnicze na \u0141\u0105kach Nowohuckich zorganizowanych przez Pracowni\u0119 Animacji Ekologicznej dzia\u0142aj\u0105cej przy DK im. C. K. Norwida w Krakowie. Dzieci pod opiek\u0105 botanik\u00f3w pozna\u0142y najwa\u017cniejsze gatunki ro\u015blin i zwierz\u0105t \u017cyj\u0105cych na \u0142\u0105ce. Nauczy\u0142y si\u0119 je rozr\u00f3\u017cnia\u0107 oraz dowiedzia\u0142y si\u0119 w jaki spos\u00f3b chroni\u0107 unikatow\u0105 przyrod\u0119 \u0142\u0105k.<\/span><\/p>\n<p><img fetchpriority=\"high\" decoding=\"async\" class=\"alignleft size-medium wp-image-4559\" src=\"http:\/\/sp91krakow.pl\/sp91\/wp-content\/uploads\/2021\/06\/Strazacy-05-14-300x225.jpg\" alt=\"\" width=\"300\" height=\"225\" \/> <img decoding=\"async\" class=\"alignleft  wp-image-4556\" src=\"http:\/\/sp91krakow.pl\/sp91\/wp-content\/uploads\/2021\/06\/Laki-kl-IIIA-A-1-300x169.jpg\" alt=\"\" width=\"405\" height=\"228\" \/><\/p>\n<p style=\"text-align: left;\">\u00a0<\/p>\n<p>&nbsp;<\/p>\n<p>&nbsp;<\/p>\n<p>&nbsp;<\/p>\n<p>&nbsp;<\/p>\n<p>&nbsp;<\/p>\n<p>&nbsp;<\/p>\n<p>&nbsp;<\/p>\n<p>&nbsp;<\/p>\n<p>&nbsp;<\/p>\n<p>&nbsp;<\/p>\n<p>&nbsp;<\/p>\n<p><div class='embed-container'><iframe title=\"Ogien\" width=\"1920\" height=\"1080\" src=\"https:\/\/www.youtube.com\/embed\/lgg64PQfEkQ?feature=oembed\" frameborder=\"0\" allow=\"accelerometer; autoplay; clipboard-write; encrypted-media; gyroscope; picture-in-picture\" allowfullscreen><\/iframe><\/div><\/p>\n","protected":false},"excerpt":{"rendered":"<p>Wyniki szkolnego konkursu plastycznego \u201eWielki wynalazca \u2013 Ignacy \u0141ukasiewicz\u201d\u00a0 \u00a0 \u00a0 \u00a0 \u00a0 \u00a0 28.05.2021 r.\u00a0 &nbsp; Konkurs plastyczny by\u0142 skierowany do wszystkich Uczni\u00f3w. Zadaniem uczestnik\u00f3w konkursu by\u0142o wykonanie plakatu o \u017cyciu i dzia\u0142alno\u015bci Ignacego \u0141ukasiewicza i o jego wynalazku \u2013 lampie naftowej. Komisja konkursowa zdecydowa\u0142a o przyznaniu nagr\u00f3d, wyr\u00f3\u017cnie\u0144 i dyplom\u00f3w za udzia\u0142, ze&hellip; <br \/> <a class=\"read-more\" href=\"http:\/\/sp91krakow.pl\/sp91\/ogien-maj\/\">Dowiedz si\u0119 wi\u0119cej<\/a><\/p>\n","protected":false},"author":1,"featured_media":0,"parent":0,"menu_order":0,"comment_status":"closed","ping_status":"closed","template":"","meta":{"rop_custom_images_group":[],"rop_custom_messages_group":[],"rop_publish_now":"initial","rop_publish_now_accounts":[],"rop_publish_now_history":[],"rop_publish_now_status":"pending","footnotes":""},"class_list":["post-4014","page","type-page","status-publish","hentry"],"_links":{"self":[{"href":"http:\/\/sp91krakow.pl\/sp91\/wp-json\/wp\/v2\/pages\/4014","targetHints":{"allow":["GET"]}}],"collection":[{"href":"http:\/\/sp91krakow.pl\/sp91\/wp-json\/wp\/v2\/pages"}],"about":[{"href":"http:\/\/sp91krakow.pl\/sp91\/wp-json\/wp\/v2\/types\/page"}],"author":[{"embeddable":true,"href":"http:\/\/sp91krakow.pl\/sp91\/wp-json\/wp\/v2\/users\/1"}],"replies":[{"embeddable":true,"href":"http:\/\/sp91krakow.pl\/sp91\/wp-json\/wp\/v2\/comments?post=4014"}],"version-history":[{"count":18,"href":"http:\/\/sp91krakow.pl\/sp91\/wp-json\/wp\/v2\/pages\/4014\/revisions"}],"predecessor-version":[{"id":4706,"href":"http:\/\/sp91krakow.pl\/sp91\/wp-json\/wp\/v2\/pages\/4014\/revisions\/4706"}],"wp:attachment":[{"href":"http:\/\/sp91krakow.pl\/sp91\/wp-json\/wp\/v2\/media?parent=4014"}],"curies":[{"name":"wp","href":"https:\/\/api.w.org\/{rel}","templated":true}]}}