{"id":4025,"date":"2021-03-03T18:06:04","date_gmt":"2021-03-03T17:06:04","guid":{"rendered":"http:\/\/sp91krakow.pl\/sp91\/?page_id=4025"},"modified":"2021-08-23T11:42:53","modified_gmt":"2021-08-23T09:42:53","slug":"szkolny-ogrod-czterech-zmyslow","status":"publish","type":"page","link":"http:\/\/sp91krakow.pl\/sp91\/szkolny-ogrod-czterech-zmyslow\/","title":{"rendered":"Szkolny ogr\u00f3d czterech \u017cywio\u0142\u00f3w"},"content":{"rendered":"<p style=\"text-align: center;\"><strong><span style=\"color: #003366; font-size: 20px;\">Szkolny Ogr\u00f3d Czterech \u017bywio\u0142\u00f3w<\/span><\/strong><\/p>\n<p style=\"text-align: justify;\"><span style=\"color: #000000; font-size: 18px;\">Nasza Szko\u0142a zosta\u0142a laureatem XI edycji konkursu Funduszu Naturalnej Energii za projekt ekologiczny: \u201eSzkolny Ogr\u00f3d Czterech \u017bywio\u0142\u00f3w\u201d.<\/span><\/p>\n<p style=\"text-align: justify;\"><span style=\"color: #000000; font-size: 18px;\">Projekt jest realizowany dzi\u0119ki grantowi finansowemu z Funduszu Naturalnej Energii. Organizatorem konkursu jest Operator Gazoci\u0105g\u00f3w Przesy\u0142owych GAZ-SYSTEM S.A., a Partnerem Konkursu jest Fundacja \u201eZa g\u00f3rami, za lasami\u201d.<\/span><\/p>\n<div id=\"attachment_4366\" style=\"width: 412px\" class=\"wp-caption aligncenter\"><img fetchpriority=\"high\" decoding=\"async\" aria-describedby=\"caption-attachment-4366\" id=\"longdesc-return-4366\" class=\" wp-image-4366\" tabindex=\"-1\" src=\"http:\/\/sp91krakow.pl\/sp91\/wp-content\/uploads\/2021\/04\/Szkola-06-XXX_X-300x176.jpg\" alt=\"Czek na 10 000 PLN\" width=\"402\" height=\"236\" longdesc=\"http:\/\/sp91krakow.pl\/sp91?longdesc=4366&amp;referrer=4025\" \/><p id=\"caption-attachment-4366\" class=\"wp-caption-text\">Czek na 10 000 PLN<\/p><\/div>\n<p>&nbsp;<\/p>\n<p style=\"text-align: justify;\"><span style=\"color: #000000; font-size: 18px;\">Celem nadrz\u0119dnym szkolnego projektu ekologicznego jest poznanie przez uczni\u00f3w bior\u00f3\u017cnorodno\u015bci w najbli\u017cszym otoczeniu, stworzenie miejsca sprzyjaj\u0105cego prowadzeniu dzia\u0142a\u0144 z zakresu edukacji ekologicznej <\/span><br \/><span style=\"color: #000000; font-size: 18px;\">z wykorzystaniem aktywnych i terenowych form pracy oraz zaanga\u017cowanie spo\u0142eczno\u015bci lokalnej (uczniowie, nauczyciele, rodzice, pracownicy Szko\u0142y) do dzia\u0142a\u0144 na rzecz \u015brodowiska.<\/span><\/p>\n<p style=\"text-align: justify;\"><span style=\"color: #000000; font-size: 18px;\">Dzi\u0119ki wsparciu finansowemu Szko\u0142a b\u0119dzie mog\u0142a zakupi\u0107 m.in. pomoce dydaktyczne niezb\u0119dne do wykonywania do\u015bwiadcze\u0144 na lekcjach przyrodniczych (np. mikroskop, lupa, lornetka) ; sadzonki drzew i krzew\u00f3w.<\/span><\/p>\n<div id=\"attachment_4281\" style=\"width: 374px\" class=\"wp-caption aligncenter\"><img decoding=\"async\" aria-describedby=\"caption-attachment-4281\" id=\"longdesc-return-4281\" class=\" wp-image-4281\" tabindex=\"-1\" src=\"http:\/\/sp91krakow.pl\/sp91\/wp-content\/uploads\/2021\/03\/Szkola-11_NS-300x249.jpg\" alt=\"Otrzymali\u015bmy czek na 10000 PLN\" width=\"364\" height=\"302\" longdesc=\"http:\/\/sp91krakow.pl\/sp91?longdesc=4281&amp;referrer=4025\" srcset=\"http:\/\/sp91krakow.pl\/sp91\/wp-content\/uploads\/2021\/03\/Szkola-11_NS-300x249.jpg 300w, http:\/\/sp91krakow.pl\/sp91\/wp-content\/uploads\/2021\/03\/Szkola-11_NS-768x638.jpg 768w, http:\/\/sp91krakow.pl\/sp91\/wp-content\/uploads\/2021\/03\/Szkola-11_NS.jpg 925w\" sizes=\"(max-width: 364px) 100vw, 364px\" \/><p id=\"caption-attachment-4281\" class=\"wp-caption-text\">Otrzymali\u015bmy czek na 10000 PLN<\/p><\/div>\n<p>&nbsp;<\/p>\n<p style=\"text-align: justify;\"><span style=\"color: #000000; font-size: 18px;\">Konkurs skierowany by\u0142 m.in. do samorz\u0105d\u00f3w, plac\u00f3wek edukacyjnych oraz organizacji pozarz\u0105dowych dzia\u0142aj\u0105cych na terenie 8 wojew\u00f3dztw: kujawsko-pomorskiego, \u0142\u00f3dzkiego, ma\u0142opolskiego, mazowieckiego, podkarpackiego, podlaskiego, \u015bl\u0105skiego i zachodniopomorskiego.<\/span><\/p>\n<p style=\"text-align: justify;\"><span style=\"color: #000000; font-size: 18px;\">Zach\u0119camy wszystkich Uczni\u00f3w, Rodzic\u00f3w, Nauczycieli do uczestnictwa w warsztatach i konkursach organizowanych w ramach projektu.<\/span><\/p>\n<p><a href=\"https:\/\/www.facebook.com\/FunduszNaturalnejEnergii\/\" rel=\"noopener\" target=\"_blank\"><img decoding=\"async\" class=\"alignleft wp-image-4024 size-medium\" src=\"http:\/\/sp91krakow.pl\/sp91\/wp-content\/uploads\/2020\/10\/banner-300x114.png\" width=\"300\" height=\"114\" srcset=\"http:\/\/sp91krakow.pl\/sp91\/wp-content\/uploads\/2020\/10\/banner-300x114.png 300w, http:\/\/sp91krakow.pl\/sp91\/wp-content\/uploads\/2020\/10\/banner-768x292.png 768w, http:\/\/sp91krakow.pl\/sp91\/wp-content\/uploads\/2020\/10\/banner.png 820w\" sizes=\"(max-width: 300px) 100vw, 300px\" \/><\/a><\/p>\n<p>&nbsp;<\/p>\n<p><a href=\"http:\/\/sp91krakow.pl\/sp91\/informacje-o-projekcie\/\" rel=\"attachment wp-att-4026\"><img loading=\"lazy\" decoding=\"async\" class=\"wp-image-4026 size-medium aligncenter\" src=\"http:\/\/sp91krakow.pl\/sp91\/wp-content\/uploads\/2021\/03\/INFORMACJE-O-PROJEKCIE-300x171.jpg\" alt=\"Grafika - informacje o projekcie\" width=\"300\" height=\"171\" srcset=\"http:\/\/sp91krakow.pl\/sp91\/wp-content\/uploads\/2021\/03\/INFORMACJE-O-PROJEKCIE-300x171.jpg 300w, http:\/\/sp91krakow.pl\/sp91\/wp-content\/uploads\/2021\/03\/INFORMACJE-O-PROJEKCIE-1024x585.jpg 1024w, http:\/\/sp91krakow.pl\/sp91\/wp-content\/uploads\/2021\/03\/INFORMACJE-O-PROJEKCIE-768x439.jpg 768w, http:\/\/sp91krakow.pl\/sp91\/wp-content\/uploads\/2021\/03\/INFORMACJE-O-PROJEKCIE.jpg 1050w\" sizes=\"(max-width: 300px) 100vw, 300px\" \/><\/a><a href=\"http:\/\/sp91krakow.pl\/sp91\/informacje-o-projekcie\/\" rel=\"attachment wp-att-4026\"><\/a><a href=\"http:\/\/sp91krakow.pl\/sp91\/woda-marzec\/\" rel=\"attachment wp-att-4029\"><img loading=\"lazy\" decoding=\"async\" class=\"wp-image-4029 alignleft\" src=\"http:\/\/sp91krakow.pl\/sp91\/wp-content\/uploads\/2021\/03\/WODA-marzec-1-150x150.png\" alt=\"Grafika z tytu\u0142em woda-marzec.\" width=\"250\" height=\"250\" srcset=\"http:\/\/sp91krakow.pl\/sp91\/wp-content\/uploads\/2021\/03\/WODA-marzec-1-150x150.png 150w, http:\/\/sp91krakow.pl\/sp91\/wp-content\/uploads\/2021\/03\/WODA-marzec-1-300x300.png 300w, http:\/\/sp91krakow.pl\/sp91\/wp-content\/uploads\/2021\/03\/WODA-marzec-1.png 500w\" sizes=\"(max-width: 250px) 100vw, 250px\" \/><\/a><a href=\"http:\/\/sp91krakow.pl\/sp91\/ziemia-kwiecien\/\" rel=\"attachment wp-att-4031\"><img loading=\"lazy\" decoding=\"async\" class=\"alignleft wp-image-4031\" src=\"http:\/\/sp91krakow.pl\/sp91\/wp-content\/uploads\/2021\/03\/ZIEMIA-300x300.png\" alt=\"Plakat z napisem ziemia-kwiecie\u0144\" width=\"250\" height=\"250\" srcset=\"http:\/\/sp91krakow.pl\/sp91\/wp-content\/uploads\/2021\/03\/ZIEMIA-300x300.png 300w, http:\/\/sp91krakow.pl\/sp91\/wp-content\/uploads\/2021\/03\/ZIEMIA-150x150.png 150w, http:\/\/sp91krakow.pl\/sp91\/wp-content\/uploads\/2021\/03\/ZIEMIA.png 500w\" sizes=\"(max-width: 250px) 100vw, 250px\" \/><\/a><a href=\"http:\/\/sp91krakow.pl\/sp91\/powietrze-czerwiec\/\" rel=\"attachment wp-att-4036\"><\/a><a href=\"http:\/\/sp91krakow.pl\/sp91\/ogien-maj\/\"><img loading=\"lazy\" decoding=\"async\" class=\"alignleft wp-image-4033\" src=\"http:\/\/sp91krakow.pl\/sp91\/wp-content\/uploads\/2021\/03\/OGIEN-300x300.png\" alt=\"Plakat z napisem ogie\u0144 - maj\" width=\"250\" height=\"250\" srcset=\"http:\/\/sp91krakow.pl\/sp91\/wp-content\/uploads\/2021\/03\/OGIEN-300x300.png 300w, http:\/\/sp91krakow.pl\/sp91\/wp-content\/uploads\/2021\/03\/OGIEN-150x150.png 150w, http:\/\/sp91krakow.pl\/sp91\/wp-content\/uploads\/2021\/03\/OGIEN.png 500w\" sizes=\"(max-width: 250px) 100vw, 250px\" \/><\/a><a href=\"http:\/\/sp91krakow.pl\/sp91\/powietrze-czerwiec\" rel=\"attachment wp-att-4036\"><img loading=\"lazy\" decoding=\"async\" class=\"alignleft wp-image-4036\" src=\"http:\/\/sp91krakow.pl\/sp91\/wp-content\/uploads\/2021\/03\/POWIETRZE-1-300x300.png\" alt=\"Plakat z napisem powietrze - czerwiec\" width=\"250\" height=\"250\" srcset=\"http:\/\/sp91krakow.pl\/sp91\/wp-content\/uploads\/2021\/03\/POWIETRZE-1-300x300.png 300w, http:\/\/sp91krakow.pl\/sp91\/wp-content\/uploads\/2021\/03\/POWIETRZE-1-150x150.png 150w, http:\/\/sp91krakow.pl\/sp91\/wp-content\/uploads\/2021\/03\/POWIETRZE-1.png 500w\" sizes=\"(max-width: 250px) 100vw, 250px\" \/><\/a><a href=\"http:\/\/sp91krakow.pl\/sp91\/informacje-o-projekcie\/\" rel=\"attachment wp-att-4026\"><\/a><\/p>\n<p>&nbsp;<\/p>\n<p>&nbsp;<\/p>\n","protected":false},"excerpt":{"rendered":"<p>Szkolny Ogr\u00f3d Czterech \u017bywio\u0142\u00f3w Nasza Szko\u0142a zosta\u0142a laureatem XI edycji konkursu Funduszu Naturalnej Energii za projekt ekologiczny: \u201eSzkolny Ogr\u00f3d Czterech \u017bywio\u0142\u00f3w\u201d. Projekt jest realizowany dzi\u0119ki grantowi finansowemu z Funduszu Naturalnej Energii. Organizatorem konkursu jest Operator Gazoci\u0105g\u00f3w Przesy\u0142owych GAZ-SYSTEM S.A., a Partnerem Konkursu jest Fundacja \u201eZa g\u00f3rami, za lasami\u201d. &nbsp; Celem nadrz\u0119dnym szkolnego projektu ekologicznego jest&hellip; <br \/> <a class=\"read-more\" href=\"http:\/\/sp91krakow.pl\/sp91\/szkolny-ogrod-czterech-zmyslow\/\">Dowiedz si\u0119 wi\u0119cej<\/a><\/p>\n","protected":false},"author":1,"featured_media":0,"parent":0,"menu_order":0,"comment_status":"closed","ping_status":"closed","template":"","meta":{"rop_custom_images_group":[],"rop_custom_messages_group":[],"rop_publish_now":"initial","rop_publish_now_accounts":[],"rop_publish_now_history":[],"rop_publish_now_status":"pending","footnotes":""},"class_list":["post-4025","page","type-page","status-publish","hentry"],"_links":{"self":[{"href":"http:\/\/sp91krakow.pl\/sp91\/wp-json\/wp\/v2\/pages\/4025","targetHints":{"allow":["GET"]}}],"collection":[{"href":"http:\/\/sp91krakow.pl\/sp91\/wp-json\/wp\/v2\/pages"}],"about":[{"href":"http:\/\/sp91krakow.pl\/sp91\/wp-json\/wp\/v2\/types\/page"}],"author":[{"embeddable":true,"href":"http:\/\/sp91krakow.pl\/sp91\/wp-json\/wp\/v2\/users\/1"}],"replies":[{"embeddable":true,"href":"http:\/\/sp91krakow.pl\/sp91\/wp-json\/wp\/v2\/comments?post=4025"}],"version-history":[{"count":19,"href":"http:\/\/sp91krakow.pl\/sp91\/wp-json\/wp\/v2\/pages\/4025\/revisions"}],"predecessor-version":[{"id":4722,"href":"http:\/\/sp91krakow.pl\/sp91\/wp-json\/wp\/v2\/pages\/4025\/revisions\/4722"}],"wp:attachment":[{"href":"http:\/\/sp91krakow.pl\/sp91\/wp-json\/wp\/v2\/media?parent=4025"}],"curies":[{"name":"wp","href":"https:\/\/api.w.org\/{rel}","templated":true}]}}