{"id":472,"date":"2018-08-28T18:49:29","date_gmt":"2018-08-28T16:49:29","guid":{"rendered":"http:\/\/sp91krakow.pl\/sp91\/?page_id=472"},"modified":"2018-09-23T15:39:29","modified_gmt":"2018-09-23T13:39:29","slug":"wynajem-pomieszczen","status":"publish","type":"page","link":"http:\/\/sp91krakow.pl\/sp91\/dokumenty\/wynajem-pomieszczen\/","title":{"rendered":"Wynajem pomieszcze\u0144"},"content":{"rendered":"<p><span style=\"font-size: 14pt;\"><span style=\"color: #000000;\">Wz\u00f3r podania o wynajem pomieszcze\u0144:<\/span>\u00a0<a href=\"http:\/\/sp91krakow.pl\/sp91\/wp-content\/uploads\/2018\/09\/Podanie-o-wynajem-pomieszcze\u0144-w-SP-91.pdf\">Wz\u00f3r<\/a><\/span><\/p>\n<p><span style=\"font-size: 14pt;\"><span style=\"color: #000000;\">Wykaz zawartych um\u00f3w najmu, dzier\u017cawy, u\u017cyczenia dotycz\u0105cych udost\u0119pnienia powierzchni i pomieszcze\u0144:<\/span> <a href=\"http:\/\/sp91krakow.pl\/sp91\/wp-content\/uploads\/2018\/08\/wynajem_pomieszczen_szkolnych_1a.pdf\">Plik 1<\/a><\/span><\/p>\n<p><span style=\"font-size: 14pt;\"><span style=\"color: #000000;\">Wykaz zawartych um\u00f3w najmu, dzier\u017cawy, u\u017cyczenia dotycz\u0105cych udost\u0119pniania powierzchni i pomieszcze\u0144:<\/span>\u00a0<a href=\"http:\/\/sp91krakow.pl\/sp91\/wp-content\/uploads\/2018\/08\/wynajem_pomieszczen_szkolnych_2a.pdf\">Plik 2<\/a><\/span><\/p>\n","protected":false},"excerpt":{"rendered":"<p>Wz\u00f3r podania o wynajem pomieszcze\u0144:\u00a0Wz\u00f3r Wykaz zawartych um\u00f3w najmu, dzier\u017cawy, u\u017cyczenia dotycz\u0105cych udost\u0119pnienia powierzchni i pomieszcze\u0144: Plik 1 Wykaz zawartych um\u00f3w najmu, dzier\u017cawy, u\u017cyczenia dotycz\u0105cych udost\u0119pniania powierzchni i pomieszcze\u0144:\u00a0Plik 2<\/p>\n","protected":false},"author":1,"featured_media":0,"parent":137,"menu_order":0,"comment_status":"closed","ping_status":"closed","template":"","meta":{"rop_custom_images_group":[],"rop_custom_messages_group":[],"rop_publish_now":"initial","rop_publish_now_accounts":[],"rop_publish_now_history":[],"rop_publish_now_status":"pending","footnotes":""},"class_list":["post-472","page","type-page","status-publish","hentry"],"_links":{"self":[{"href":"http:\/\/sp91krakow.pl\/sp91\/wp-json\/wp\/v2\/pages\/472","targetHints":{"allow":["GET"]}}],"collection":[{"href":"http:\/\/sp91krakow.pl\/sp91\/wp-json\/wp\/v2\/pages"}],"about":[{"href":"http:\/\/sp91krakow.pl\/sp91\/wp-json\/wp\/v2\/types\/page"}],"author":[{"embeddable":true,"href":"http:\/\/sp91krakow.pl\/sp91\/wp-json\/wp\/v2\/users\/1"}],"replies":[{"embeddable":true,"href":"http:\/\/sp91krakow.pl\/sp91\/wp-json\/wp\/v2\/comments?post=472"}],"version-history":[{"count":7,"href":"http:\/\/sp91krakow.pl\/sp91\/wp-json\/wp\/v2\/pages\/472\/revisions"}],"predecessor-version":[{"id":908,"href":"http:\/\/sp91krakow.pl\/sp91\/wp-json\/wp\/v2\/pages\/472\/revisions\/908"}],"up":[{"embeddable":true,"href":"http:\/\/sp91krakow.pl\/sp91\/wp-json\/wp\/v2\/pages\/137"}],"wp:attachment":[{"href":"http:\/\/sp91krakow.pl\/sp91\/wp-json\/wp\/v2\/media?parent=472"}],"curies":[{"name":"wp","href":"https:\/\/api.w.org\/{rel}","templated":true}]}}