{"id":4760,"date":"2021-08-30T15:13:11","date_gmt":"2021-08-30T13:13:11","guid":{"rendered":"http:\/\/sp91krakow.pl\/sp91\/?page_id=4760"},"modified":"2025-06-20T16:54:13","modified_gmt":"2025-06-20T14:54:13","slug":"wyprawka-szkolna","status":"publish","type":"page","link":"http:\/\/sp91krakow.pl\/sp91\/wyprawka-szkolna\/","title":{"rendered":"Wyprawka szkolna"},"content":{"rendered":"<div id=\"\" class=\"wpsestyles red-message\"><span style=\"font-size: 18px;\"><strong>WYPRAWKA PIERWSZOKLASISTY<\/strong><\/span><\/div>\n<div>\n<p style=\"text-align: center;\"><span style=\"color: #000000;\">Rok szkolny 2025\/2026:<\/span><\/p>\n<ul>\n<li style=\"text-align: left;\">\n<ol>\n<li><span style=\"color: #000000;\"><strong> Ksi\u0105\u017cki: podr\u0119czniki <\/strong>\u201eAle to ciekawe\u201d matematyka 2 cz\u0119\u015bci, j\u0119zyk polski 4 cz\u0119\u015bci oraz <strong>\u0107wiczenia <\/strong>2 cz\u0119\u015bci matematyki i 4 cz\u0119\u015bci j\u0119zyka polskiego oraz wyprawka (ksi\u0105\u017cki dzieci otrzymuj\u0105 w szkole).<\/span><\/li>\n<li><span style=\"color: #000000;\"><strong> Podr\u0119cznik<\/strong> do j. angielskiego Shine on 1 wydawnictwa Oxford University Press ( ksi\u0105\u017cki dzieci otrzymuj\u0105 w szkole)<\/span><\/li>\n<\/ol>\n<ol start=\"3\">\n<li><span style=\"color: #000000;\"><strong> Podr\u0119cznik<\/strong> do religii kl. 1 pt: B\u00f3g jest naszym Ojcem. (podr\u0119cznik i \u0107wiczenia &#8211; jedna ksi\u0105\u017cka &#8211; zakupuj\u0105 rodzice).<\/span><br \/><span style=\"color: #000000;\">WA\u017bNE &#8211; wydawnictwo \u015bw. Stanis\u0142aw zeszyt w kratk\u0119 &#8211; 32 kartkowy.<\/span><\/li>\n<li><span style=\"color: #000000;\"><strong>Zeszyty<\/strong>:<\/span><\/li>\n<\/ol>\n<p><span style=\"color: #000000;\">&#8211; do j. polskiego \u2013 cienka linia 16 kartek (kolorowe linie),<\/span><\/p>\n<p><span style=\"color: #000000;\">&#8211; do matematyki \u2013 kratka 16 kartek,<\/span><\/p>\n<p><span style=\"color: #000000;\">&#8211; dzienniczek (zeszyt do korespondencji) \u2013 kratka 16 kartek.<\/span><\/p>\n<ol start=\"5\">\n<li><span style=\"color: #000000;\"><strong>Teczka<\/strong> tekturowa na kserowanki.<\/span><\/li>\n<li><span style=\"color: #000000;\"><strong>Pi\u00f3rnik<\/strong>, a w nim:<\/span><\/li>\n<\/ol>\n<p><span style=\"color: #000000;\">-2 o\u0142\u00f3wki <u>HB<\/u>; strugaczka z pojemnikiem,<\/span><\/p>\n<p><span style=\"color: #000000;\">-gumka do mazania, kredki drewniane,<\/span><\/p>\n<p><span style=\"color: #000000;\">-klej w sztyfcie -podpisany, linijka,<\/span><\/p>\n<p><span style=\"color: #000000;\">-no\u017cyczki metalowe <u>z okr\u0105g\u0142ymi ko\u0144cami<\/u>-podpisane<\/span><\/p>\n<p>&nbsp;<\/p>\n<ol start=\"7\">\n<li><span style=\"color: #000000;\"><strong>Materia\u0142y plastyczne:<\/strong><\/span><\/li>\n<\/ol>\n<p><span style=\"color: #000000;\">&#8211; farby plakatowe ( 7-12 kolor\u00f3w) i 2 p\u0119dzle \u2013 gruby i cienki, kubek na wod\u0119,<\/span><\/p>\n<p><span style=\"color: #000000;\">&#8211; kredki bambino \u2013 12 kolor\u00f3w<\/span><\/p>\n<p><span style=\"color: #000000;\">&#8211; papier kolorowy &#8211; zwyk\u0142y<\/span><\/p>\n<p><span style=\"color: #000000;\">&#8211; blok rysunkowy bia\u0142y A4,<\/span><\/p>\n<p><span style=\"color: #000000;\">&#8211; blok techniczny\u00a0 bia\u0142y A4,<\/span><\/p>\n<p><span style=\"color: #000000;\">&#8211; bloktechniczny \u00a0kolorowy A4,<\/span><\/p>\n<p><span style=\"color: #000000;\">&#8211; plastelina \u2013 8 do 12 kolor\u00f3w<\/span><\/p>\n<p>&nbsp;<\/p>\n<p><span style=\"color: #000000;\">WSZYSTKIE PRZYBORY POWINNY BY\u0106 PODPISANE <u>DRUKOWANYMI LITERAMI \u00a0W WIDOCZNYM MIEJSCU,<\/u> A ZESZYTY\u2013 DODATKOWO OPRAWIONE<\/span><\/p>\n<p>&nbsp;<\/p>\n<p><span style=\"color: #000000;\"><strong>INNE:<\/strong><\/span><\/p>\n<ul>\n<li><span style=\"color: #000000;\">Hal\u00f3wki \u2013 jasne podeszwy<\/span><\/li>\n<li><span style=\"color: #000000;\">Str\u00f3j na WF: bia\u0142y podkoszulek i ciemne spodenki gimnastyczne<\/span><\/li>\n<li><span style=\"color: #000000;\">Drugie \u015bniadanie na d\u0142ug\u0105 przerw\u0119 (kanapki i picie).<\/span><\/li>\n<li><span style=\"color: #000000;\">Worek na buty zamienne &#8211; podpisany<\/span><\/li>\n<li><span style=\"color: #000000;\">Ksero aktu urodzenia (prosimy o dostarczenie we wrze\u015bniu &#8211; zarz\u0105dzenie Dyrekcji).<\/span><\/li>\n<li><span style=\"color: #000000;\">Bilans sze\u015bciolatka<\/span><\/li>\n<\/ul>\n<p>&nbsp;<\/p>\n<p><span style=\"color: #000000;\"><strong>ROZPOCZ\u0118CIE ROKU ODB\u0118DZIE SI\u0118 NA HALI SPORTOWEJ.<\/strong><\/span><\/p>\n<\/li>\n<\/ul>\n<\/div>\n","protected":false},"excerpt":{"rendered":"<p>WYPRAWKA PIERWSZOKLASISTY Rok szkolny 2025\/2026: Ksi\u0105\u017cki: podr\u0119czniki \u201eAle to ciekawe\u201d matematyka 2 cz\u0119\u015bci, j\u0119zyk polski 4 cz\u0119\u015bci oraz \u0107wiczenia 2 cz\u0119\u015bci matematyki i 4 cz\u0119\u015bci j\u0119zyka polskiego oraz wyprawka (ksi\u0105\u017cki dzieci otrzymuj\u0105 w szkole). Podr\u0119cznik do j. angielskiego Shine on 1 wydawnictwa Oxford University Press ( ksi\u0105\u017cki dzieci otrzymuj\u0105 w szkole) Podr\u0119cznik do religii kl.&hellip; <br \/> <a class=\"read-more\" href=\"http:\/\/sp91krakow.pl\/sp91\/wyprawka-szkolna\/\">Dowiedz si\u0119 wi\u0119cej<\/a><\/p>\n","protected":false},"author":1,"featured_media":0,"parent":0,"menu_order":0,"comment_status":"closed","ping_status":"closed","template":"","meta":{"rop_custom_images_group":[],"rop_custom_messages_group":[],"rop_publish_now":"initial","rop_publish_now_accounts":[],"rop_publish_now_history":[],"rop_publish_now_status":"pending","footnotes":""},"class_list":["post-4760","page","type-page","status-publish","hentry"],"_links":{"self":[{"href":"http:\/\/sp91krakow.pl\/sp91\/wp-json\/wp\/v2\/pages\/4760","targetHints":{"allow":["GET"]}}],"collection":[{"href":"http:\/\/sp91krakow.pl\/sp91\/wp-json\/wp\/v2\/pages"}],"about":[{"href":"http:\/\/sp91krakow.pl\/sp91\/wp-json\/wp\/v2\/types\/page"}],"author":[{"embeddable":true,"href":"http:\/\/sp91krakow.pl\/sp91\/wp-json\/wp\/v2\/users\/1"}],"replies":[{"embeddable":true,"href":"http:\/\/sp91krakow.pl\/sp91\/wp-json\/wp\/v2\/comments?post=4760"}],"version-history":[{"count":10,"href":"http:\/\/sp91krakow.pl\/sp91\/wp-json\/wp\/v2\/pages\/4760\/revisions"}],"predecessor-version":[{"id":18898,"href":"http:\/\/sp91krakow.pl\/sp91\/wp-json\/wp\/v2\/pages\/4760\/revisions\/18898"}],"wp:attachment":[{"href":"http:\/\/sp91krakow.pl\/sp91\/wp-json\/wp\/v2\/media?parent=4760"}],"curies":[{"name":"wp","href":"https:\/\/api.w.org\/{rel}","templated":true}]}}