{"id":5868,"date":"2022-02-26T14:38:51","date_gmt":"2022-02-26T13:38:51","guid":{"rendered":"http:\/\/sp91krakow.pl\/sp91\/?page_id=5868"},"modified":"2026-02-24T08:38:14","modified_gmt":"2026-02-24T07:38:14","slug":"klasa-pilki-recznej","status":"publish","type":"page","link":"http:\/\/sp91krakow.pl\/sp91\/klasa-pilki-recznej\/","title":{"rendered":"Klasa pi\u0142ki r\u0119cznej"},"content":{"rendered":"<p style=\"text-align: center;\"><span style=\"font-size: 20px; color: #000000;\"><strong>OFERTA EDUKACYJNA KLASY CZWARTEJ O PROFILU <\/strong><\/span><\/p>\n<p style=\"text-align: center;\"><span style=\"font-size: 20px; color: #000000;\"><strong>PI\u0141KA R\u0118CZNA<\/strong><\/span><\/p>\n<p style=\"text-align: justify;\"><span style=\"font-size: 18px; color: #000000;\">Szanowni Pa\u0144stwo,<\/span><\/p>\n<p style=\"text-align: justify;\"><span style=\"font-size: 18px; color: #000000;\">Rusza nab\u00f3r do klas sportowych naszej Szko\u0142y. Bardzo mi\u0142o b\u0119dzie nam go\u015bci\u0107 Pa\u0144stwa dzieci w klasie sportowej o profilu pi\u0142ka r\u0119czna.<\/span><\/p>\n<p style=\"text-align: justify;\"><span style=\"font-size: 18px; color: #000000;\">Do klasy zapraszamy dzieci o wysokiej sprawno\u015bci fizycznej, dobrym zdrowiu po\u015bwiadczonym\u00a0 orzeczeniem lekarskim \u2013 ale przede wszystkim takie, dla kt\u00f3rych wa\u017cne jest rozwijanie sportowej pasji, dobrze odnajduj\u0105 si\u0119 w pracy zespo\u0142owej, lubi\u0105 aktywno\u015b\u0107 fizyczn\u0105 oraz chcia\u0142yby w przysz\u0142o\u015bci uczestniczy\u0107 w rywalizacji sportowej na r\u00f3\u017cnym poziomie.<\/span><\/p>\n<p style=\"text-align: justify;\"><span style=\"font-size: 18px; color: #000000;\">Gwarantujemy dobr\u0105 zabaw\u0119 oraz \u015bwietne warunki do realizacji swoich plan\u00f3w.<\/span><\/p>\n<p style=\"text-align: justify;\"><span style=\"font-size: 18px; color: #000000;\"><u>Uczniom oddzia\u0142u sportowego zapewniamy:<\/u><\/span><\/p>\n<p style=\"text-align: justify;\"><span style=\"font-size: 18px; color: #000000;\">&#8211; wszechstronny rozw\u00f3j fizyczny,<\/span><\/p>\n<p style=\"text-align: justify;\"><span style=\"font-size: 18px; color: #000000;\">&#8211; opiek\u0119 wykwalifikowanej i do\u015bwiadczonej kadry trenerskiej,<\/span><\/p>\n<p style=\"text-align: justify;\"><span style=\"font-size: 18px; color: #000000;\">&#8211; opiek\u0119 lekarsk\u0105, \u00a0\u00a0\u00a0\u00a0\u00a0\u00a0\u00a0\u00a0\u00a0\u00a0\u00a0\u00a0\u00a0\u00a0\u00a0\u00a0\u00a0\u00a0\u00a0\u00a0\u00a0\u00a0\u00a0\u00a0\u00a0\u00a0\u00a0\u00a0\u00a0\u00a0\u00a0\u00a0\u00a0\u00a0\u00a0\u00a0\u00a0\u00a0\u00a0\u00a0\u00a0\u00a0\u00a0\u00a0\u00a0\u00a0\u00a0\u00a0\u00a0\u00a0\u00a0\u00a0\u00a0\u00a0\u00a0\u00a0\u00a0\u00a0\u00a0\u00a0\u00a0\u00a0\u00a0\u00a0\u00a0\u00a0\u00a0\u00a0\u00a0\u00a0\u00a0\u00a0\u00a0\u00a0\u00a0\u00a0\u00a0\u00a0\u00a0\u00a0\u00a0\u00a0\u00a0\u00a0\u00a0\u00a0\u00a0<\/span><\/p>\n<p style=\"text-align: justify;\"><span style=\"font-size: 18px; color: #000000;\">&#8211; profesjonaln\u0105 baz\u0119 treningow\u0105,<\/span><\/p>\n<p style=\"text-align: justify;\"><span style=\"font-size: 18px; color: #000000;\">&#8211; udzia\u0142\u00a0 w zawodach, mo\u017cliwo\u015b\u0107 reprezentowania szko\u0142y<\/span><\/p>\n<p style=\"text-align: justify;\"><span style=\"font-size: 18px; color: #000000;\">&#8211; udzia\u0142 w obozach sportowych<\/span><\/p>\n<p style=\"text-align: justify;\"><span style=\"font-size: 18px; color: #000000;\">Uczniowie klasy sportowej o profilu pi\u0142ka r\u0119czna uczestnicz\u0105 w turniejach organizowanych przez Ma\u0142opolski Zwi\u0105zek Pi\u0142ki R\u0119cznej oraz Zwi\u0105zek Pi\u0142ki R\u0119cznej w Polsce reprezentuj\u0105 przyszkolny klub sportowy SKS Kusy Krak\u00f3w . Starsze klasy bior\u0105 udzia\u0142 w dodatkowych treningach w ramach og\u00f3lnopolskiego programu OSPR \u2013 O\u015brodki Szkolenia w Pi\u0142ce R\u0119cznej a najlepsi maj\u0105 mo\u017cliwo\u015b\u0107 uczestnictwa w zgrupowaniach szkoleniowych MZPR oraz OSPR.<\/span><\/p>\n<p style=\"text-align: justify;\"><span style=\"font-size: 18px; color: #000000;\">W ramach oddzia\u0142u sportowego Szko\u0142a Podstawowa nr 91 realizuje 10 godzin zaj\u0119\u0107 sportowych, w tym 6 godzin szkolenia sportowego z pi\u0142ki r\u0119cznej oraz 4 godziny wychowania fizycznego w ramach ramowego planu nauczania szko\u0142y podstawowej (jedna na basenie).<\/span><\/p>\n<p style=\"text-align: justify;\"><span style=\"font-size: 18px; color: #000000;\">Wszystkie dokumenty niezb\u0119dne w procesie rekrutacji znajduj\u0105 si\u0119 w zak\u0142adce DOKUMENTY.<\/span><\/p>\n<p style=\"text-align: justify;\"><span style=\"font-size: 18px; color: #000000;\"><u>Dokumenty nale\u017cy dostarczy\u0107 do sekretariatu szko\u0142y, os. Handlowe 4.<\/u><\/span><\/p>\n<p style=\"text-align: justify;\"><span style=\"font-size: 18px; color: #000000;\"><strong>Serdecznie zapraszamy!<\/strong><\/span><\/p>\n<p>&nbsp;<\/p>\n<p id=\"\"><span style=\"text-decoration: underline; color: #000080;\"><span style=\"font-size: 22px;\">TESTY: <\/span><\/span><\/p>\n<ul>\n<li style=\"text-align: justify;\"><span style=\"font-size: 18px; color: #000000;\">2.03.2026r.\u00a0 godz. 17:00-18:00<\/span><\/li>\n<li style=\"text-align: justify;\"><span style=\"font-size: 18px; color: #000000;\">4.03.2026r.\u00a0 godz. 17:00-18:00<\/span><\/li>\n<li style=\"text-align: justify;\"><span style=\"font-size: 18px; color: #000000;\">10.03.2026r.\u00a0 godz. 17:00-18:00<\/span><\/li>\n<li style=\"text-align: justify;\"><span style=\"font-size: 18px; color: #000000;\">13.03.2026r.\u00a0 godz. 17:00-18:00<\/span><\/li>\n<li><span style=\"font-size: 18px; color: #000000;\">16.03.2026r.\u00a0 godz. 17:00-18:00<\/span><\/li>\n<li><span style=\"font-size: 18px; color: #000000;\">18.03.2026r.\u00a0 godz. 17:00-18:00<\/span><\/li>\n<li><span style=\"font-size: 18px; color: #000000;\">23.03.2026r.\u00a0 godz. 17:00-18:00<\/span><\/li>\n<li><span style=\"font-size: 18px; color: #000000;\">25.03.2026r.\u00a0 godz. 17:00-18:00<\/span><\/li>\n<li><span style=\"font-size: 18px; color: #000000;\">30.03.2026r.\u00a0 godz. 17:00-18:00<\/span><\/li>\n<li><span style=\"font-size: 18px; color: #000000;\">31.03.2026r.\u00a0 godz. 17:00-18:00<\/span><\/li>\n<\/ul>\n<p><div class='embed-container'><iframe title=\"Klasa o pofilu pi\u0142ki r\u0119cznej\" width=\"1920\" height=\"1080\" src=\"https:\/\/www.youtube.com\/embed\/jXcfxYxvmVI?feature=oembed\" frameborder=\"0\" allow=\"accelerometer; autoplay; clipboard-write; encrypted-media; gyroscope; picture-in-picture; web-share\" referrerpolicy=\"strict-origin-when-cross-origin\" allowfullscreen><\/iframe><\/div>\n<\/p>\n<p>&nbsp;<\/p>\n<p>&nbsp;<\/p>\n","protected":false},"excerpt":{"rendered":"<p>OFERTA EDUKACYJNA KLASY CZWARTEJ O PROFILU PI\u0141KA R\u0118CZNA Szanowni Pa\u0144stwo, Rusza nab\u00f3r do klas sportowych naszej Szko\u0142y. Bardzo mi\u0142o b\u0119dzie nam go\u015bci\u0107 Pa\u0144stwa dzieci w klasie sportowej o profilu pi\u0142ka r\u0119czna. Do klasy zapraszamy dzieci o wysokiej sprawno\u015bci fizycznej, dobrym zdrowiu po\u015bwiadczonym\u00a0 orzeczeniem lekarskim \u2013 ale przede wszystkim takie, dla kt\u00f3rych wa\u017cne jest rozwijanie sportowej&hellip; <br \/> <a class=\"read-more\" href=\"http:\/\/sp91krakow.pl\/sp91\/klasa-pilki-recznej\/\">Dowiedz si\u0119 wi\u0119cej<\/a><\/p>\n","protected":false},"author":1,"featured_media":0,"parent":0,"menu_order":0,"comment_status":"closed","ping_status":"closed","template":"","meta":{"rop_custom_images_group":[],"rop_custom_messages_group":[],"rop_publish_now":"initial","rop_publish_now_accounts":[],"rop_publish_now_history":[],"rop_publish_now_status":"pending","footnotes":""},"class_list":["post-5868","page","type-page","status-publish","hentry"],"_links":{"self":[{"href":"http:\/\/sp91krakow.pl\/sp91\/wp-json\/wp\/v2\/pages\/5868","targetHints":{"allow":["GET"]}}],"collection":[{"href":"http:\/\/sp91krakow.pl\/sp91\/wp-json\/wp\/v2\/pages"}],"about":[{"href":"http:\/\/sp91krakow.pl\/sp91\/wp-json\/wp\/v2\/types\/page"}],"author":[{"embeddable":true,"href":"http:\/\/sp91krakow.pl\/sp91\/wp-json\/wp\/v2\/users\/1"}],"replies":[{"embeddable":true,"href":"http:\/\/sp91krakow.pl\/sp91\/wp-json\/wp\/v2\/comments?post=5868"}],"version-history":[{"count":14,"href":"http:\/\/sp91krakow.pl\/sp91\/wp-json\/wp\/v2\/pages\/5868\/revisions"}],"predecessor-version":[{"id":21771,"href":"http:\/\/sp91krakow.pl\/sp91\/wp-json\/wp\/v2\/pages\/5868\/revisions\/21771"}],"wp:attachment":[{"href":"http:\/\/sp91krakow.pl\/sp91\/wp-json\/wp\/v2\/media?parent=5868"}],"curies":[{"name":"wp","href":"https:\/\/api.w.org\/{rel}","templated":true}]}}