{"id":5876,"date":"2022-02-26T14:41:17","date_gmt":"2022-02-26T13:41:17","guid":{"rendered":"http:\/\/sp91krakow.pl\/sp91\/?page_id=5876"},"modified":"2026-02-24T08:40:00","modified_gmt":"2026-02-24T07:40:00","slug":"klasa-lekkiej-atletyki","status":"publish","type":"page","link":"http:\/\/sp91krakow.pl\/sp91\/klasa-lekkiej-atletyki\/","title":{"rendered":"Klasa lekkiej atletyki"},"content":{"rendered":"<p style=\"text-align: center;\"><span style=\"font-size: 20px; color: #000080;\"><strong>OFERTA EDUKACYJNA KLASY CZWARTEJ O PROFILU <\/strong><\/span><\/p>\n<p style=\"text-align: center;\"><span style=\"font-size: 20px; color: #000080;\"><strong>LEKKA ATLETYKA<\/strong><\/span><\/p>\n<p style=\"text-align: justify;\"><span style=\"font-size: 18px; color: #000000;\">Szanowni Pa\u0144stwo,<\/span><\/p>\n<p style=\"text-align: justify;\"><span style=\"font-size: 18px; color: #000000;\">Rusza nab\u00f3r do klas sportowych naszej Szko\u0142y. Bardzo mi\u0142o b\u0119dzie nam go\u015bci\u0107 Pa\u0144stwa dzieci w klasie sportowej o profilu lekka atletyka.<\/span><\/p>\n<p style=\"text-align: justify;\"><span style=\"font-size: 18px; color: #000000;\">Do klasy zapraszamy dzieci o wysokiej sprawno\u015bci fizycznej, dobrym zdrowiu po\u015bwiadczonym\u00a0 orzeczeniem lekarskim \u2013 ale przede wszystkim takie, dla kt\u00f3rych wa\u017cne jest rozwijanie sportowej pasji, lubi\u0105 si\u0119 rusza\u0107 oraz chcia\u0142yby w przysz\u0142o\u015bci uczestniczy\u0107 w rywalizacji sportowej na r\u00f3\u017cnym poziomie.<\/span><\/p>\n<p style=\"text-align: justify;\"><span style=\"font-size: 18px; color: #000000;\">Gwarantujemy dobr\u0105 zabaw\u0119 oraz \u015bwietne warunki do realizacji swoich plan\u00f3w.<\/span><\/p>\n<p style=\"text-align: justify;\"><span style=\"font-size: 18px; color: #000000;\"><u>Uczniom oddzia\u0142u sportowego zapewniamy:<\/u><\/span><\/p>\n<p style=\"text-align: justify;\"><span style=\"font-size: 18px; color: #000000;\">&#8211; wszechstronny rozw\u00f3j fizyczny,<\/span><\/p>\n<p style=\"text-align: justify;\"><span style=\"font-size: 18px; color: #000000;\">&#8211; opiek\u0119 wykwalifikowanej i do\u015bwiadczonej kadry trenerskiej,<\/span><\/p>\n<p style=\"text-align: justify;\"><span style=\"font-size: 18px; color: #000000;\">&#8211; opiek\u0119 lekarsk\u0105,<\/span><\/p>\n<p style=\"text-align: justify;\"><span style=\"font-size: 18px; color: #000000;\">&#8211; profesjonaln\u0105 baz\u0119 treningow\u0105,<\/span><\/p>\n<p style=\"text-align: justify;\"><span style=\"font-size: 18px; color: #000000;\">&#8211; udzia\u0142\u00a0 w zawodach, mo\u017cliwo\u015b\u0107 reprezentowania szko\u0142y<\/span><\/p>\n<p style=\"text-align: justify;\"><span style=\"font-size: 18px; color: #000000;\">&#8211; udzia\u0142 w obozach sportowych<\/span><\/p>\n<p style=\"text-align: justify;\"><span style=\"font-size: 18px; color: #000000;\">Uczniowie klasy sportowej o profilu lekka atletyka w zawodach organizowanych przez Ma\u0142opolski Zwi\u0105zek Lekkiej Atletyki oraz Polski Zwi\u0105zek Lekkiej Atletyki reprezentuj\u0105 przyszkolny klub sportowy SKS Kusy Krak\u00f3w .<\/span><\/p>\n<p style=\"text-align: justify;\"><span style=\"font-size: 18px; color: #000000;\">Najlepsi zawodnicy &#8211; uczniowie maj\u0105 mo\u017cliwo\u015b\u0107 uczestnictwa w zgrupowaniach szkoleniowych Ma\u0142opolskiego Zwi\u0105zku Lekkiej Atletki<\/span><\/p>\n<p style=\"text-align: justify;\"><span style=\"font-size: 18px; color: #000000;\">W ramach oddzia\u0142u sportowego Szko\u0142a Podstawowa nr 91 realizuje 10 godzin zaj\u0119\u0107 sportowych, w tym 6 godzin szkolenia sportowego z lekkiej atletyki oraz 4 godziny wychowania fizycznego w ramach ramowego planu nauczania szko\u0142y podstawowej (jedna na basenie).<\/span><\/p>\n<p style=\"text-align: justify;\"><span style=\"font-size: 18px; color: #000000;\">Wszystkie dokumenty niezb\u0119dne w procesie rekrutacji znajduj\u0105 si\u0119 w zak\u0142adce DOKUMENTY.<\/span><\/p>\n<p style=\"text-align: justify;\"><span style=\"font-size: 18px; color: #000000;\"><u>Dokumenty nale\u017cy dostarczy\u0107 do sekretariatu szko\u0142y, os. Handlowe 4.<\/u><\/span><\/p>\n<p style=\"text-align: justify;\"><span style=\"font-size: 18px; color: #000000;\"><strong>Serdecznie zapraszamy!<\/strong><\/span><\/p>\n<p>&nbsp;<\/p>\n<p style=\"text-align: justify;\"><span style=\"text-decoration: underline; color: #000080;\"><strong><span style=\"font-size: 18px;\">TESTY:<\/span><\/strong><\/span><\/p>\n<ul>\n<li style=\"text-align: justify;\"><span style=\"font-size: 18px; color: #000000;\">2.03.2026r.\u00a0 godz. 17:00-18:00<\/span><\/li>\n<li style=\"text-align: justify;\"><span style=\"font-size: 18px; color: #000000;\">4.03.2026r.\u00a0 godz. 17:00-18:00<\/span><\/li>\n<li style=\"text-align: justify;\"><span style=\"font-size: 18px; color: #000000;\">10.03.2026r.\u00a0 godz. 17:00-18:00<\/span><\/li>\n<li style=\"text-align: justify;\"><span style=\"font-size: 18px; color: #000000;\">13.03.2026r.\u00a0 godz. 17:00-18:00<\/span><\/li>\n<li><span style=\"font-size: 18px; color: #000000;\">16.03.2026r.\u00a0 godz. 17:00-18:00<\/span><\/li>\n<li><span style=\"font-size: 18px; color: #000000;\">18.03.2026r.\u00a0 godz. 17:00-18:00<\/span><\/li>\n<li><span style=\"font-size: 18px; color: #000000;\">23.03.2026r.\u00a0 godz. 17:00-18:00<\/span><\/li>\n<li><span style=\"font-size: 18px; color: #000000;\">25.03.2026r.\u00a0 godz. 17:00-18:00<\/span><\/li>\n<li><span style=\"font-size: 18px; color: #000000;\">30.03.2026r.\u00a0 godz. 17:00-18:00<\/span><\/li>\n<li><span style=\"font-size: 18px; color: #000000;\">31.03.2026r.\u00a0 godz. 17:00-18:00<\/span><\/li>\n<\/ul>\n<p>&nbsp;<\/p>\n<p><div class='embed-container'><iframe title=\"Sport - to jest to\" width=\"1920\" height=\"1080\" src=\"https:\/\/www.youtube.com\/embed\/BpJrJwGbOuI?feature=oembed\" frameborder=\"0\" allow=\"accelerometer; autoplay; clipboard-write; encrypted-media; gyroscope; picture-in-picture; web-share\" referrerpolicy=\"strict-origin-when-cross-origin\" allowfullscreen><\/iframe><\/div>\n<\/p>\n<p>&nbsp;<\/p>\n<p>&nbsp;<\/p>\n","protected":false},"excerpt":{"rendered":"<p>OFERTA EDUKACYJNA KLASY CZWARTEJ O PROFILU LEKKA ATLETYKA Szanowni Pa\u0144stwo, Rusza nab\u00f3r do klas sportowych naszej Szko\u0142y. Bardzo mi\u0142o b\u0119dzie nam go\u015bci\u0107 Pa\u0144stwa dzieci w klasie sportowej o profilu lekka atletyka. Do klasy zapraszamy dzieci o wysokiej sprawno\u015bci fizycznej, dobrym zdrowiu po\u015bwiadczonym\u00a0 orzeczeniem lekarskim \u2013 ale przede wszystkim takie, dla kt\u00f3rych wa\u017cne jest rozwijanie sportowej&hellip; <br \/> <a class=\"read-more\" href=\"http:\/\/sp91krakow.pl\/sp91\/klasa-lekkiej-atletyki\/\">Dowiedz si\u0119 wi\u0119cej<\/a><\/p>\n","protected":false},"author":1,"featured_media":0,"parent":0,"menu_order":0,"comment_status":"closed","ping_status":"closed","template":"","meta":{"rop_custom_images_group":[],"rop_custom_messages_group":[],"rop_publish_now":"initial","rop_publish_now_accounts":[],"rop_publish_now_history":[],"rop_publish_now_status":"pending","footnotes":""},"class_list":["post-5876","page","type-page","status-publish","hentry"],"_links":{"self":[{"href":"http:\/\/sp91krakow.pl\/sp91\/wp-json\/wp\/v2\/pages\/5876","targetHints":{"allow":["GET"]}}],"collection":[{"href":"http:\/\/sp91krakow.pl\/sp91\/wp-json\/wp\/v2\/pages"}],"about":[{"href":"http:\/\/sp91krakow.pl\/sp91\/wp-json\/wp\/v2\/types\/page"}],"author":[{"embeddable":true,"href":"http:\/\/sp91krakow.pl\/sp91\/wp-json\/wp\/v2\/users\/1"}],"replies":[{"embeddable":true,"href":"http:\/\/sp91krakow.pl\/sp91\/wp-json\/wp\/v2\/comments?post=5876"}],"version-history":[{"count":7,"href":"http:\/\/sp91krakow.pl\/sp91\/wp-json\/wp\/v2\/pages\/5876\/revisions"}],"predecessor-version":[{"id":21772,"href":"http:\/\/sp91krakow.pl\/sp91\/wp-json\/wp\/v2\/pages\/5876\/revisions\/21772"}],"wp:attachment":[{"href":"http:\/\/sp91krakow.pl\/sp91\/wp-json\/wp\/v2\/media?parent=5876"}],"curies":[{"name":"wp","href":"https:\/\/api.w.org\/{rel}","templated":true}]}}