{"id":5879,"date":"2022-02-26T14:43:56","date_gmt":"2022-02-26T13:43:56","guid":{"rendered":"http:\/\/sp91krakow.pl\/sp91\/?page_id=5879"},"modified":"2026-03-03T08:49:19","modified_gmt":"2026-03-03T07:49:19","slug":"klasa-plywacka-2","status":"publish","type":"page","link":"http:\/\/sp91krakow.pl\/sp91\/klasa-plywacka-2\/","title":{"rendered":"Klasa p\u0142ywacka"},"content":{"rendered":"<p style=\"text-align: center;\"><span style=\"font-size: 20px; color: #000080;\"><strong>OFERTA EDUKACYJNA KLASY CZWARTEJ O PROFILU P\u0141YWACKIM \u2013 ZAJ\u0118CIA SPORTOWE<\/strong><\/span><\/p>\n<ul style=\"text-align: justify;\">\n<li><span style=\"font-size: 18px; color: #000000;\">Program zaj\u0119\u0107 treningowych klasy 4 p\u0142ywackiej przewiduje codzienne uczestnictwo dzieci w szkoleniu<\/span><\/li>\n<\/ul>\n<p style=\"text-align: justify;\"><span style=\"font-size: 18px; color: #000000;\">Dzieci ucz\u0105 si\u0119 i doskonal\u0105 p\u0142ywanie wszystkimi stylami.<\/span><\/p>\n<ul style=\"text-align: justify;\">\n<li><span style=\"font-size: 18px; color: #000000;\">W ramach oddzia\u0142u sportowego Szko\u0142a Podstawowa nr 91 realizuje 10 godzin zaj\u0119\u0107 sportowych, w tym 6 godzin szkolenia sportowego z p\u0142ywania oraz 4 godziny wychowania fizycznego w ramach ramowego planu nauczania szko\u0142y podstawowej.<\/span><\/li>\n<li><span style=\"font-size: 18px; color: #000000;\">Dzieci z klas p\u0142ywackich startuj\u0105 w zawodach organizowanych przez MOZP. Klub Jordan organizuje obozy letnie dla swoich zawodnik\u00f3w.<\/span><\/li>\n<li><span style=\"font-size: 18px; color: #000000;\">Po dodatkowe informacje zapraszamy na stron\u0119 internetow\u0105: <a href=\"http:\/\/jordankrakow.com.pl\/\">http:\/\/jordankrakow.com.pl\/<\/a>oraz profil na facebooku, gdzie mo\u017cna obejrze\u0107 zdj\u0119cia z zawod\u00f3w.<\/span><\/li>\n<\/ul>\n<p style=\"text-align: justify;\">\u00a0<\/p>\n<p style=\"text-align: justify;\"><span style=\"font-size: 18px; color: #000000;\"><strong>Przeprowadzenie pr\u00f3b sprawno\u015bci fizycznej na basenie szkolnym odb\u0119dzie si\u0119 zgodnie z terminarzem zamieszczonym poni\u017cej:<\/strong><\/span><\/p>\n<ul>\n<li><span style=\"font-size: 18px; color: #000000;\">Wtorek 3 i 10 marca godz 15.30-16.30<\/span><\/li>\n<li><span style=\"font-size: 18px; color: #000000;\">Czwartek 5 i 12 marca godz 15.00-16.00.<\/span><\/li>\n<\/ul>\n<p style=\"text-align: justify;\">\u00a0<\/p>\n<p><div class='embed-container'><iframe title=\"SP 91 i MKS Jordan Krak\u00f3w - klasy sportowe o profilu p\u0142ywackim\" width=\"1920\" height=\"1080\" src=\"https:\/\/www.youtube.com\/embed\/8N3WiADtxhE?feature=oembed\" frameborder=\"0\" allow=\"accelerometer; autoplay; clipboard-write; encrypted-media; gyroscope; picture-in-picture; web-share\" referrerpolicy=\"strict-origin-when-cross-origin\" allowfullscreen><\/iframe><\/div>\n<\/p>\n<p><a href=\"http:\/\/sp91krakow.pl\/sp91\/wp-content\/uploads\/2023\/02\/MKS-JORDAN-KRAKA_W-wersja-ostateczna.png\"><img fetchpriority=\"high\" decoding=\"async\" class=\"aligncenter size-full wp-image-8396\" src=\"http:\/\/sp91krakow.pl\/sp91\/wp-content\/uploads\/2023\/02\/MKS-JORDAN-KRAKA_W-wersja-ostateczna.png\" alt=\"\" width=\"1587\" height=\"2245\" srcset=\"http:\/\/sp91krakow.pl\/sp91\/wp-content\/uploads\/2023\/02\/MKS-JORDAN-KRAKA_W-wersja-ostateczna.png 1587w, http:\/\/sp91krakow.pl\/sp91\/wp-content\/uploads\/2023\/02\/MKS-JORDAN-KRAKA_W-wersja-ostateczna-212x300.png 212w, http:\/\/sp91krakow.pl\/sp91\/wp-content\/uploads\/2023\/02\/MKS-JORDAN-KRAKA_W-wersja-ostateczna-724x1024.png 724w, http:\/\/sp91krakow.pl\/sp91\/wp-content\/uploads\/2023\/02\/MKS-JORDAN-KRAKA_W-wersja-ostateczna-768x1086.png 768w, http:\/\/sp91krakow.pl\/sp91\/wp-content\/uploads\/2023\/02\/MKS-JORDAN-KRAKA_W-wersja-ostateczna-1086x1536.png 1086w, http:\/\/sp91krakow.pl\/sp91\/wp-content\/uploads\/2023\/02\/MKS-JORDAN-KRAKA_W-wersja-ostateczna-1448x2048.png 1448w, http:\/\/sp91krakow.pl\/sp91\/wp-content\/uploads\/2023\/02\/MKS-JORDAN-KRAKA_W-wersja-ostateczna-1024x1449.png 1024w, http:\/\/sp91krakow.pl\/sp91\/wp-content\/uploads\/2023\/02\/MKS-JORDAN-KRAKA_W-wersja-ostateczna-763x1080.png 763w\" sizes=\"(max-width: 1587px) 100vw, 1587px\" \/><\/a><\/p>\n<p style=\"text-align: justify;\">\u00a0<\/p>\n<p>&nbsp;<\/p>\n","protected":false},"excerpt":{"rendered":"<p>OFERTA EDUKACYJNA KLASY CZWARTEJ O PROFILU P\u0141YWACKIM \u2013 ZAJ\u0118CIA SPORTOWE Program zaj\u0119\u0107 treningowych klasy 4 p\u0142ywackiej przewiduje codzienne uczestnictwo dzieci w szkoleniu Dzieci ucz\u0105 si\u0119 i doskonal\u0105 p\u0142ywanie wszystkimi stylami. W ramach oddzia\u0142u sportowego Szko\u0142a Podstawowa nr 91 realizuje 10 godzin zaj\u0119\u0107 sportowych, w tym 6 godzin szkolenia sportowego z p\u0142ywania oraz 4 godziny wychowania&hellip; <br \/> <a class=\"read-more\" href=\"http:\/\/sp91krakow.pl\/sp91\/klasa-plywacka-2\/\">Dowiedz si\u0119 wi\u0119cej<\/a><\/p>\n","protected":false},"author":1,"featured_media":0,"parent":0,"menu_order":0,"comment_status":"closed","ping_status":"closed","template":"","meta":{"rop_custom_images_group":[],"rop_custom_messages_group":[],"rop_publish_now":"initial","rop_publish_now_accounts":[],"rop_publish_now_history":[],"rop_publish_now_status":"pending","footnotes":""},"class_list":["post-5879","page","type-page","status-publish","hentry"],"_links":{"self":[{"href":"http:\/\/sp91krakow.pl\/sp91\/wp-json\/wp\/v2\/pages\/5879","targetHints":{"allow":["GET"]}}],"collection":[{"href":"http:\/\/sp91krakow.pl\/sp91\/wp-json\/wp\/v2\/pages"}],"about":[{"href":"http:\/\/sp91krakow.pl\/sp91\/wp-json\/wp\/v2\/types\/page"}],"author":[{"embeddable":true,"href":"http:\/\/sp91krakow.pl\/sp91\/wp-json\/wp\/v2\/users\/1"}],"replies":[{"embeddable":true,"href":"http:\/\/sp91krakow.pl\/sp91\/wp-json\/wp\/v2\/comments?post=5879"}],"version-history":[{"count":9,"href":"http:\/\/sp91krakow.pl\/sp91\/wp-json\/wp\/v2\/pages\/5879\/revisions"}],"predecessor-version":[{"id":21830,"href":"http:\/\/sp91krakow.pl\/sp91\/wp-json\/wp\/v2\/pages\/5879\/revisions\/21830"}],"wp:attachment":[{"href":"http:\/\/sp91krakow.pl\/sp91\/wp-json\/wp\/v2\/media?parent=5879"}],"curies":[{"name":"wp","href":"https:\/\/api.w.org\/{rel}","templated":true}]}}