{"id":5993,"date":"2022-03-15T12:05:47","date_gmt":"2022-03-15T11:05:47","guid":{"rendered":"http:\/\/sp91krakow.pl\/sp91\/?page_id=5993"},"modified":"2022-03-15T12:05:47","modified_gmt":"2022-03-15T11:05:47","slug":"zasady-wypozyczania-podrecznikow","status":"publish","type":"page","link":"http:\/\/sp91krakow.pl\/sp91\/zasady-wypozyczania-podrecznikow\/","title":{"rendered":"Zasady wypo\u017cyczania podr\u0119cznik\u00f3w"},"content":{"rendered":"<p style=\"text-align: center;\"><div class=\"ead-preview\"><div class=\"ead-document\" style=\"position: relative;padding-top: 90%;\"><iframe src=\"\/\/view.officeapps.live.com\/op\/embed.aspx?src=http%3A%2F%2Fsp91krakow.pl%2Fsp91%2Fwp-content%2Fuploads%2F2022%2F03%2Fzasady-wypozyczenia-podrecznikow.ppt\" title=\"Embedded Document\" class=\"ead-iframe\" style=\"width: 100%;height: 100%;border: none;position: absolute;left: 0;top: 0;\"><\/iframe><\/div><\/div><\/p>\n","protected":false},"excerpt":{"rendered":"","protected":false},"author":1,"featured_media":0,"parent":0,"menu_order":0,"comment_status":"closed","ping_status":"closed","template":"","meta":{"rop_custom_images_group":[],"rop_custom_messages_group":[],"rop_publish_now":"initial","rop_publish_now_accounts":[],"rop_publish_now_history":[],"rop_publish_now_status":"pending","footnotes":""},"class_list":["post-5993","page","type-page","status-publish","hentry"],"_links":{"self":[{"href":"http:\/\/sp91krakow.pl\/sp91\/wp-json\/wp\/v2\/pages\/5993","targetHints":{"allow":["GET"]}}],"collection":[{"href":"http:\/\/sp91krakow.pl\/sp91\/wp-json\/wp\/v2\/pages"}],"about":[{"href":"http:\/\/sp91krakow.pl\/sp91\/wp-json\/wp\/v2\/types\/page"}],"author":[{"embeddable":true,"href":"http:\/\/sp91krakow.pl\/sp91\/wp-json\/wp\/v2\/users\/1"}],"replies":[{"embeddable":true,"href":"http:\/\/sp91krakow.pl\/sp91\/wp-json\/wp\/v2\/comments?post=5993"}],"version-history":[{"count":1,"href":"http:\/\/sp91krakow.pl\/sp91\/wp-json\/wp\/v2\/pages\/5993\/revisions"}],"predecessor-version":[{"id":5995,"href":"http:\/\/sp91krakow.pl\/sp91\/wp-json\/wp\/v2\/pages\/5993\/revisions\/5995"}],"wp:attachment":[{"href":"http:\/\/sp91krakow.pl\/sp91\/wp-json\/wp\/v2\/media?parent=5993"}],"curies":[{"name":"wp","href":"https:\/\/api.w.org\/{rel}","templated":true}]}}