{"id":7306,"date":"2022-10-28T09:22:20","date_gmt":"2022-10-28T07:22:20","guid":{"rendered":"http:\/\/sp91krakow.pl\/sp91\/?page_id=7306"},"modified":"2025-02-04T16:15:19","modified_gmt":"2025-02-04T15:15:19","slug":"terapia-pedagogiczna","status":"publish","type":"page","link":"http:\/\/sp91krakow.pl\/sp91\/terapia-pedagogiczna\/","title":{"rendered":"Terapia pedagogiczna"},"content":{"rendered":"\t\t<div data-elementor-type=\"wp-page\" data-elementor-id=\"7306\" class=\"elementor elementor-7306\">\n\t\t\t\t<div class=\"elementor-element elementor-element-86334de e-flex e-con-boxed e-con e-parent\" data-id=\"86334de\" data-element_type=\"container\" data-e-type=\"container\">\n\t\t\t\t\t<div class=\"e-con-inner\">\n\t\t\t\t<div class=\"elementor-element elementor-element-148f65f elementor-widget elementor-widget-text-editor\" data-id=\"148f65f\" data-element_type=\"widget\" data-e-type=\"widget\" data-widget_type=\"text-editor.default\">\n\t\t\t\t<div class=\"elementor-widget-container\">\n\t\t\t\t\t\t\t\t\t<table style=\"width: 125.876%; height: 144px;\" width=\"736\">\n<tbody>\n<tr style=\"height: 24px;\">\n<td style=\"height: 24px; width: 79.1105%; border-color: #000000; text-align: center;\" colspan=\"5\" width=\"736\">Terapia pedagogiczna<\/td>\n<\/tr>\n<tr style=\"height: 24px;\">\n<td style=\"height: 24px; width: 17.9245%;\">\u00a0<\/td>\n<td style=\"height: 24px; width: 15.9029%;\"><strong>poniedzia\u0142ek<\/strong><\/td>\n<td style=\"height: 24px; width: 11.1861%;\"><strong>wtorek<\/strong><\/td>\n<td style=\"height: 24px; width: 11.5903%;\"><strong>\u015broda<\/strong><\/td>\n<td style=\"height: 24px; width: 22.5067%;\"><strong>czwartek<\/strong><\/td>\n<\/tr>\n<tr style=\"height: 24px;\">\n<td style=\"height: 24px; width: 17.9245%;\"><strong>6. 12.45-13.30<\/strong><\/td>\n<td style=\"height: 24px; width: 15.9029%;\">2c<\/td>\n<td style=\"height: 24px; width: 11.1861%;\">1a, 1c<\/td>\n<td style=\"height: 24px; width: 11.5903%;\">3c<\/td>\n<td style=\"height: 24px; width: 22.5067%;\">godzina dost\u0119pno\u015bci<\/td>\n<\/tr>\n<tr style=\"height: 24px;\">\n<td style=\"height: 24px; width: 17.9245%;\"><strong>7. 13.45-14.30<\/strong><\/td>\n<td style=\"height: 24px; width: 15.9029%;\">2a<\/td>\n<td style=\"height: 24px; width: 11.1861%;\">4b, 6a, 6b<\/td>\n<td style=\"height: 24px; width: 11.5903%;\">3a<\/td>\n<td style=\"height: 24px; width: 22.5067%;\">1b, 1d<\/td>\n<\/tr>\n<tr style=\"height: 24px;\">\n<td style=\"height: 24px; width: 17.9245%;\"><strong>8. 14.40-15.25<\/strong><\/td>\n<td style=\"height: 24px; width: 15.9029%;\">3d<\/td>\n<td style=\"height: 24px; width: 11.1861%;\">4a, 4c, 4d<\/td>\n<td style=\"height: 24px; width: 11.5903%;\">6c, 5c, 5d<\/td>\n<td style=\"height: 24px; width: 22.5067%;\">7d, 6d, 6a<\/td>\n<\/tr>\n<tr style=\"height: 24px;\">\n<td style=\"height: 24px; width: 17.9245%;\"><strong>9. 15.30-16.15<\/strong><\/td>\n<td style=\"height: 24px; width: 15.9029%;\">7a, 7c, 8e<\/td>\n<td style=\"height: 24px; width: 11.1861%;\">5a, 5b<\/td>\n<td style=\"height: 24px; width: 11.5903%;\">8b, 8c, 7c<\/td>\n<td style=\"height: 24px; width: 22.5067%;\">8d, 7b<\/td>\n<\/tr>\n<\/tbody>\n<\/table>\t\t\t\t\t\t\t\t<\/div>\n\t\t\t\t<\/div>\n\t\t\t\t\t<\/div>\n\t\t\t\t<\/div>\n\t\t\t\t<\/div>\n\t\t","protected":false},"excerpt":{"rendered":"<p>Terapia pedagogiczna \u00a0 poniedzia\u0142ek wtorek \u015broda czwartek 6. 12.45-13.30 2c 1a, 1c 3c godzina dost\u0119pno\u015bci 7. 13.45-14.30 2a 4b, 6a, 6b 3a 1b, 1d 8. 14.40-15.25 3d 4a, 4c, 4d 6c, 5c, 5d 7d, 6d, 6a 9. 15.30-16.15 7a, 7c, 8e 5a, 5b 8b, 8c, 7c 8d, 7b<\/p>\n","protected":false},"author":1,"featured_media":0,"parent":0,"menu_order":0,"comment_status":"closed","ping_status":"closed","template":"","meta":{"rop_custom_images_group":[],"rop_custom_messages_group":[],"rop_publish_now":"initial","rop_publish_now_accounts":[],"rop_publish_now_history":[],"rop_publish_now_status":"pending","footnotes":""},"class_list":["post-7306","page","type-page","status-publish","hentry"],"_links":{"self":[{"href":"http:\/\/sp91krakow.pl\/sp91\/wp-json\/wp\/v2\/pages\/7306","targetHints":{"allow":["GET"]}}],"collection":[{"href":"http:\/\/sp91krakow.pl\/sp91\/wp-json\/wp\/v2\/pages"}],"about":[{"href":"http:\/\/sp91krakow.pl\/sp91\/wp-json\/wp\/v2\/types\/page"}],"author":[{"embeddable":true,"href":"http:\/\/sp91krakow.pl\/sp91\/wp-json\/wp\/v2\/users\/1"}],"replies":[{"embeddable":true,"href":"http:\/\/sp91krakow.pl\/sp91\/wp-json\/wp\/v2\/comments?post=7306"}],"version-history":[{"count":17,"href":"http:\/\/sp91krakow.pl\/sp91\/wp-json\/wp\/v2\/pages\/7306\/revisions"}],"predecessor-version":[{"id":17312,"href":"http:\/\/sp91krakow.pl\/sp91\/wp-json\/wp\/v2\/pages\/7306\/revisions\/17312"}],"wp:attachment":[{"href":"http:\/\/sp91krakow.pl\/sp91\/wp-json\/wp\/v2\/media?parent=7306"}],"curies":[{"name":"wp","href":"https:\/\/api.w.org\/{rel}","templated":true}]}}