{"id":7363,"date":"2022-11-02T08:18:22","date_gmt":"2022-11-02T07:18:22","guid":{"rendered":"http:\/\/sp91krakow.pl\/sp91\/?page_id=7363"},"modified":"2022-11-02T08:18:22","modified_gmt":"2022-11-02T07:18:22","slug":"sloneczne-przestrzenie-wsparcia","status":"publish","type":"page","link":"http:\/\/sp91krakow.pl\/sp91\/sloneczne-przestrzenie-wsparcia\/","title":{"rendered":"S\u0142oneczne Przestrzenie Wsparcia"},"content":{"rendered":"<p><a href=\"http:\/\/sp91krakow.pl\/sp91\/wp-content\/uploads\/2022\/11\/4.png\"><img fetchpriority=\"high\" decoding=\"async\" class=\"aligncenter size-full wp-image-7361\" src=\"http:\/\/sp91krakow.pl\/sp91\/wp-content\/uploads\/2022\/11\/4.png\" alt=\"\" width=\"900\" height=\"584\" srcset=\"http:\/\/sp91krakow.pl\/sp91\/wp-content\/uploads\/2022\/11\/4.png 900w, http:\/\/sp91krakow.pl\/sp91\/wp-content\/uploads\/2022\/11\/4-300x195.png 300w, http:\/\/sp91krakow.pl\/sp91\/wp-content\/uploads\/2022\/11\/4-768x498.png 768w\" sizes=\"(max-width: 900px) 100vw, 900px\" \/><\/a><\/p>\n<p>&nbsp;<\/p>\n<p><span style=\"color: #000000;\"><strong>S\u0142oneczne Przestrzenie Wsparcia- plac\u00f3wki wsparcia dla dzieci i doros\u0142ych<\/strong><\/span><\/p>\n<p><span style=\"color: #000000;\">Za spraw\u0105 wsp\u00f3\u0142pracy Miasta Krakowa z UNICEF powsta\u0142y wyj\u0105tkowe miejsca. S\u0141O\u0143CE &#8211; S\u0142oneczne Przestrzenie Wsparcia to osiem miejsc w r\u00f3\u017cnych lokalizacjach Krakowa, w kt\u00f3rych z pomocy psycholog\u00f3w, pedagog\u00f3w i logoped\u00f3w mog\u0105 korzysta\u0107 dzieci z Ukrainy, jak i ich polscy r\u00f3wie\u015bnicy. Pomoc jest bezp\u0142atna i dobrowolna.<\/span><\/p>\n<p>&nbsp;<\/p>\n<p><span style=\"color: #000000;\"><strong>Sposoby kontaktu:<\/strong><\/span><\/p>\n<p><span style=\"color: #000000;\">Zapisy odbywaj\u0105 si\u0119 przez osobiste zg\u0142oszenie, poprzez kontakt telefoniczny lub mailowy.<\/span><\/p>\n<p><span style=\"color: #000000;\">Informacje uzyska\u0107 mo\u017cna za pomoc\u0105 strony internetowej S\u0142onecznej Przestrzeni Wsparcia, stron internetowych poradni oraz profilu na FB.<\/span><\/p>\n<p><span style=\"color: #000000;\">Poni\u017cej znajduj\u0105 si\u0119 dane kontaktowe S\u0142onecznych Przestrzeni Wsparcia. Informacje o ich dzia\u0142aniach oraz godzinach otwarcia udzielane s\u0105 telefonicznie oraz mailowo.<\/span><\/p>\n<p><span style=\"color: #000000;\">Szczeg\u00f3\u0142owa oferta jest dost\u0119pna na:<\/span><\/p>\n<p><span style=\"color: #000000;\"><a href=\"http:\/\/www.spwslonce.com\" style=\"color: #000000;\">www.spwslonce.com<\/a>.<\/span><\/p>\n<p><span style=\"color: #000000;\"><a href=\"https:\/\/www.krakow.pl\/aktualnosci\/264096,202,komunikat,sloneczne_przestrzenie_wsparcia_juz_dzialaja__oferuja_pomoc_psychologiczna_dzieciom_i_doroslym_.html\" style=\"color: #000000;\">https:\/\/www.krakow.pl\/aktualnosci\/264096,202,komunikat,sloneczne_przestrzenie_wsparcia_juz_dzialaja__oferuja_pomoc_psychologiczna_dzieciom_i_doroslym_.html<\/a><\/span><\/p>\n<p><span style=\"color: #000000;\"><strong>\u00a0<\/strong><\/span><\/p>\n<p><span style=\"color: #000000;\"><strong>LOKALIZACJE:<\/strong><\/span><\/p>\n<p><span style=\"color: #000000;\">PPP 4<\/span><br \/><span style=\"color: #000000;\">Krak\u00f3w, ul. \u015aliwkowa 4<\/span><br \/><span style=\"color: #000000;\">tel. 734 478 005<\/span><br \/><span style=\"color: #000000;\">sliwkowa@spwslonce.pl<\/span><\/p>\n<p><span style=\"color: #000000;\">PPP 1<\/span><br \/><span style=\"color: #000000;\">Krak\u00f3w, ul. Czarnowiejska 9<\/span><br \/><span style=\"color: #000000;\">tel. 12 421 70 21<\/span><br \/><span style=\"color: #000000;\">czarnowiejska@spwslonce.pl<\/span><\/p>\n<p><span style=\"color: #000000;\">PPP 2<\/span><br \/><span style=\"color: #000000;\">Krak\u00f3w, ul. Radzikowskiego 92<\/span><br \/><span style=\"color: #000000;\">tel. 797 202 299<\/span><br \/><span style=\"color: #000000;\">radzikowskiego@spwslonce.pl<\/span><\/p>\n<p><span style=\"color: #000000;\">PPP 3<\/span><br \/><span style=\"color: #000000;\">Krak\u00f3w, ul. Monte Cassino 6<\/span><br \/><span style=\"color: #000000;\">tel. 660 637 241<\/span><br \/><span style=\"color: #000000;\">montecassino@spwslonce.pl<\/span><\/p>\n<p><span style=\"color: #000000;\">SPPPDDZNE<\/span><br \/><span style=\"color: #000000;\">Krak\u00f3w, ul. Zab\u0142ocie 23 lok. 13-16<\/span><br \/><span style=\"color: #000000;\">tel. 12 358 53 55<\/span><br \/><span style=\"color: #000000;\">zablocie@spwslonce.pl<\/span><\/p>\n<p><span style=\"color: #000000;\">SPWPPP<\/span><br \/><span style=\"color: #000000;\">Krak\u00f3w, al. W. Beliny Pra\u017cmowskiego 8 lok. 2<\/span><br \/><span style=\"color: #000000;\">tel. 690 635 190<\/span><br \/><span style=\"color: #000000;\">bprazmowskiego@spwslonce.pl<\/span><\/p>\n<p><span style=\"color: #000000;\">SPPP KOT<\/span><br \/><span style=\"color: #000000;\">Krak\u00f3w, ul. Szlak 45<\/span><br \/><span style=\"color: #000000;\">tel. 732 702 125<\/span><br \/><span style=\"color: #000000;\">szlak@spwslonce.pl<\/span><\/p>\n<p><span style=\"color: #000000;\">SPPP KOK<\/span><br \/><span style=\"color: #000000;\">Krak\u00f3w, ul. Kalwaryjska 42<\/span><br \/><span style=\"color: #000000;\">tel. 660 637 351<\/span><br \/><span style=\"color: #000000;\">kalwaryjska@spwslonce.pl<\/span><\/p>\n<p>&nbsp;<\/p>\n<p>&nbsp;<\/p>\n","protected":false},"excerpt":{"rendered":"<p>&nbsp; S\u0142oneczne Przestrzenie Wsparcia- plac\u00f3wki wsparcia dla dzieci i doros\u0142ych Za spraw\u0105 wsp\u00f3\u0142pracy Miasta Krakowa z UNICEF powsta\u0142y wyj\u0105tkowe miejsca. S\u0141O\u0143CE &#8211; S\u0142oneczne Przestrzenie Wsparcia to osiem miejsc w r\u00f3\u017cnych lokalizacjach Krakowa, w kt\u00f3rych z pomocy psycholog\u00f3w, pedagog\u00f3w i logoped\u00f3w mog\u0105 korzysta\u0107 dzieci z Ukrainy, jak i ich polscy r\u00f3wie\u015bnicy. Pomoc jest bezp\u0142atna i dobrowolna.&hellip; <br \/> <a class=\"read-more\" href=\"http:\/\/sp91krakow.pl\/sp91\/sloneczne-przestrzenie-wsparcia\/\">Dowiedz si\u0119 wi\u0119cej<\/a><\/p>\n","protected":false},"author":1,"featured_media":0,"parent":0,"menu_order":0,"comment_status":"closed","ping_status":"closed","template":"","meta":{"rop_custom_images_group":[],"rop_custom_messages_group":[],"rop_publish_now":"initial","rop_publish_now_accounts":[],"rop_publish_now_history":[],"rop_publish_now_status":"pending","footnotes":""},"class_list":["post-7363","page","type-page","status-publish","hentry"],"_links":{"self":[{"href":"http:\/\/sp91krakow.pl\/sp91\/wp-json\/wp\/v2\/pages\/7363","targetHints":{"allow":["GET"]}}],"collection":[{"href":"http:\/\/sp91krakow.pl\/sp91\/wp-json\/wp\/v2\/pages"}],"about":[{"href":"http:\/\/sp91krakow.pl\/sp91\/wp-json\/wp\/v2\/types\/page"}],"author":[{"embeddable":true,"href":"http:\/\/sp91krakow.pl\/sp91\/wp-json\/wp\/v2\/users\/1"}],"replies":[{"embeddable":true,"href":"http:\/\/sp91krakow.pl\/sp91\/wp-json\/wp\/v2\/comments?post=7363"}],"version-history":[{"count":2,"href":"http:\/\/sp91krakow.pl\/sp91\/wp-json\/wp\/v2\/pages\/7363\/revisions"}],"predecessor-version":[{"id":7365,"href":"http:\/\/sp91krakow.pl\/sp91\/wp-json\/wp\/v2\/pages\/7363\/revisions\/7365"}],"wp:attachment":[{"href":"http:\/\/sp91krakow.pl\/sp91\/wp-json\/wp\/v2\/media?parent=7363"}],"curies":[{"name":"wp","href":"https:\/\/api.w.org\/{rel}","templated":true}]}}