{"id":7524,"date":"2022-11-17T15:19:14","date_gmt":"2022-11-17T14:19:14","guid":{"rendered":"http:\/\/sp91krakow.pl\/sp91\/?page_id=7524"},"modified":"2025-02-01T13:09:51","modified_gmt":"2025-02-01T12:09:51","slug":"egzamin-osmoklasisty","status":"publish","type":"page","link":"http:\/\/sp91krakow.pl\/sp91\/egzamin-osmoklasisty\/","title":{"rendered":"Egzamin \u00f3smoklasisty"},"content":{"rendered":"\t\t<div data-elementor-type=\"wp-page\" data-elementor-id=\"7524\" class=\"elementor elementor-7524\">\n\t\t\t\t<div class=\"elementor-element elementor-element-3d17851 e-flex e-con-boxed e-con e-parent\" data-id=\"3d17851\" data-element_type=\"container\" data-e-type=\"container\">\n\t\t\t\t\t<div class=\"e-con-inner\">\n\t\t\t\t<div class=\"elementor-element elementor-element-429f134 elementor-widget-divider--separator-type-pattern elementor-widget-divider--view-line elementor-widget elementor-widget-divider\" data-id=\"429f134\" data-element_type=\"widget\" data-e-type=\"widget\" data-widget_type=\"divider.default\">\n\t\t\t\t<div class=\"elementor-widget-container\">\n\t\t\t\t\t\t\t<div class=\"elementor-divider\" style=\"--divider-pattern-url: url(&quot;data:image\/svg+xml,%3Csvg xmlns=&#039;http:\/\/www.w3.org\/2000\/svg&#039; preserveAspectRatio=&#039;none&#039; overflow=&#039;visible&#039; height=&#039;100%&#039; viewBox=&#039;0 0 24 24&#039; fill=&#039;none&#039; stroke=&#039;black&#039; stroke-width=&#039;1&#039; stroke-linecap=&#039;square&#039; stroke-miterlimit=&#039;10&#039;%3E%3Cpath d=&#039;M0,21c3.3,0,8.3-0.9,15.7-7.1c6.6-5.4,4.4-9.3,2.4-10.3c-3.4-1.8-7.7,1.3-7.3,8.8C11.2,20,17.1,21,24,21&#039;\/%3E%3C\/svg%3E&quot;);\">\n\t\t\t<span class=\"elementor-divider-separator\">\n\t\t\t\t\t\t<\/span>\n\t\t<\/div>\n\t\t\t\t\t\t<\/div>\n\t\t\t\t<\/div>\n\t\t\t\t<div class=\"elementor-element elementor-element-f3cf611 elementor-widget elementor-widget-heading\" data-id=\"f3cf611\" data-element_type=\"widget\" data-e-type=\"widget\" data-widget_type=\"heading.default\">\n\t\t\t\t<div class=\"elementor-widget-container\">\n\t\t\t\t\t<h2 class=\"elementor-heading-title elementor-size-default\">Przygotuj si\u0119 do egzaminu z nami!<\/h2>\t\t\t\t<\/div>\n\t\t\t\t<\/div>\n\t\t<div class=\"elementor-element elementor-element-ef996df e-grid e-con-full e-con e-child\" data-id=\"ef996df\" data-element_type=\"container\" data-e-type=\"container\">\n\t\t\t\t<div class=\"elementor-element elementor-element-5b8446b elementor-button-info elementor-align-left elementor-widget elementor-widget-button\" data-id=\"5b8446b\" data-element_type=\"widget\" data-e-type=\"widget\" data-widget_type=\"button.default\">\n\t\t\t\t<div class=\"elementor-widget-container\">\n\t\t\t\t\t\t\t\t\t<div class=\"elementor-button-wrapper\">\n\t\t\t\t\t<a class=\"elementor-button elementor-button-link elementor-size-sm elementor-animation-pulse\" href=\"http:\/\/sp91krakow.pl\/sp91\/rozpocznij-nauke-z-j-polskiego\/\">\n\t\t\t\t\t\t<span class=\"elementor-button-content-wrapper\">\n\t\t\t\t\t\t\t\t\t<span class=\"elementor-button-text\">Rozpocznij nauk\u0119 z  j\u0119zyka polskiego<\/span>\n\t\t\t\t\t<\/span>\n\t\t\t\t\t<\/a>\n\t\t\t\t<\/div>\n\t\t\t\t\t\t\t\t<\/div>\n\t\t\t\t<\/div>\n\t\t\t\t<div class=\"elementor-element elementor-element-8543090 elementor-button-info elementor-align-left elementor-widget elementor-widget-button\" data-id=\"8543090\" data-element_type=\"widget\" data-e-type=\"widget\" data-widget_type=\"button.default\">\n\t\t\t\t<div class=\"elementor-widget-container\">\n\t\t\t\t\t\t\t\t\t<div class=\"elementor-button-wrapper\">\n\t\t\t\t\t<a class=\"elementor-button elementor-button-link elementor-size-sm elementor-animation-pulse\" href=\"http:\/\/sp91krakow.pl\/sp91\/rozpocznij-nauke-z-j-angielskiego\/\">\n\t\t\t\t\t\t<span class=\"elementor-button-content-wrapper\">\n\t\t\t\t\t\t\t\t\t<span class=\"elementor-button-text\">Rozpocznij nauk\u0119 z  j\u0119zyka angielskiego<\/span>\n\t\t\t\t\t<\/span>\n\t\t\t\t\t<\/a>\n\t\t\t\t<\/div>\n\t\t\t\t\t\t\t\t<\/div>\n\t\t\t\t<\/div>\n\t\t\t\t<div class=\"elementor-element elementor-element-9266351 elementor-button-info elementor-align-left elementor-widget elementor-widget-button\" data-id=\"9266351\" data-element_type=\"widget\" data-e-type=\"widget\" data-widget_type=\"button.default\">\n\t\t\t\t<div class=\"elementor-widget-container\">\n\t\t\t\t\t\t\t\t\t<div class=\"elementor-button-wrapper\">\n\t\t\t\t\t<a class=\"elementor-button elementor-button-link elementor-size-sm elementor-animation-pulse\" href=\"http:\/\/sp91krakow.pl\/sp91\/rozpocznij-nauke-z-matematyki\/\">\n\t\t\t\t\t\t<span class=\"elementor-button-content-wrapper\">\n\t\t\t\t\t\t\t\t\t<span class=\"elementor-button-text\">Rozpocznij nauk\u0119 z  matematyki<\/span>\n\t\t\t\t\t<\/span>\n\t\t\t\t\t<\/a>\n\t\t\t\t<\/div>\n\t\t\t\t\t\t\t\t<\/div>\n\t\t\t\t<\/div>\n\t\t\t\t<\/div>\n\t\t\t\t<div class=\"elementor-element elementor-element-c61bde4 elementor-button-success elementor-align-center elementor-widget elementor-widget-button\" data-id=\"c61bde4\" data-element_type=\"widget\" data-e-type=\"widget\" data-widget_type=\"button.default\">\n\t\t\t\t<div class=\"elementor-widget-container\">\n\t\t\t\t\t\t\t\t\t<div class=\"elementor-button-wrapper\">\n\t\t\t\t\t<a class=\"elementor-button elementor-button-link elementor-size-sm elementor-animation-grow\" href=\"http:\/\/sp91krakow.pl\/sp91\/poradnik-ucznia\/\">\n\t\t\t\t\t\t<span class=\"elementor-button-content-wrapper\">\n\t\t\t\t\t\t\t\t\t<span class=\"elementor-button-text\">Poradnik ucznia<\/span>\n\t\t\t\t\t<\/span>\n\t\t\t\t\t<\/a>\n\t\t\t\t<\/div>\n\t\t\t\t\t\t\t\t<\/div>\n\t\t\t\t<\/div>\n\t\t\t\t<div class=\"elementor-element elementor-element-09e5593 elementor-widget-divider--separator-type-pattern elementor-widget-divider--view-line elementor-widget elementor-widget-divider\" data-id=\"09e5593\" data-element_type=\"widget\" data-e-type=\"widget\" data-widget_type=\"divider.default\">\n\t\t\t\t<div class=\"elementor-widget-container\">\n\t\t\t\t\t\t\t<div class=\"elementor-divider\" style=\"--divider-pattern-url: url(&quot;data:image\/svg+xml,%3Csvg xmlns=&#039;http:\/\/www.w3.org\/2000\/svg&#039; preserveAspectRatio=&#039;none&#039; overflow=&#039;visible&#039; height=&#039;100%&#039; viewBox=&#039;0 0 24 24&#039; fill=&#039;none&#039; stroke=&#039;black&#039; stroke-width=&#039;1&#039; stroke-linecap=&#039;square&#039; stroke-miterlimit=&#039;10&#039;%3E%3Cpath d=&#039;M0,21c3.3,0,8.3-0.9,15.7-7.1c6.6-5.4,4.4-9.3,2.4-10.3c-3.4-1.8-7.7,1.3-7.3,8.8C11.2,20,17.1,21,24,21&#039;\/%3E%3C\/svg%3E&quot;);\">\n\t\t\t<span class=\"elementor-divider-separator\">\n\t\t\t\t\t\t<\/span>\n\t\t<\/div>\n\t\t\t\t\t\t<\/div>\n\t\t\t\t<\/div>\n\t\t\t\t<div class=\"elementor-element elementor-element-b78519d elementor-widget elementor-widget-heading\" data-id=\"b78519d\" data-element_type=\"widget\" data-e-type=\"widget\" data-widget_type=\"heading.default\">\n\t\t\t\t<div class=\"elementor-widget-container\">\n\t\t\t\t\t<h2 class=\"elementor-heading-title elementor-size-default\">O egzaminie \u00f3smoklasisty<\/h2>\t\t\t\t<\/div>\n\t\t\t\t<\/div>\n\t\t<div class=\"elementor-element elementor-element-7e75e5f e-grid e-con-full e-con e-child\" data-id=\"7e75e5f\" data-element_type=\"container\" data-e-type=\"container\">\n\t\t\t\t<div class=\"elementor-element elementor-element-9f72b99 elementor-widget elementor-widget-html\" data-id=\"9f72b99\" data-element_type=\"widget\" data-e-type=\"widget\" data-widget_type=\"html.default\">\n\t\t\t\t<div class=\"elementor-widget-container\">\n\t\t\t\t\t<div class=\"video-info\">\r\n    <h4 style=\"text-align:center; color:#134024;\">INFORMACJE OG\u00d3LNE<\/h4> <!-- Nag\u0142\u00f3wek h5 wy\u015brodkowany i z odpowiednim kolorem -->\r\n    <div class=\"video-container\">\r\n        <div class=\"thumbnail-container\" onclick=\"openPopup()\">\r\n            <img decoding=\"async\" src=\"https:\/\/img.youtube.com\/vi\/vNB6rQ3WF4k\/hqdefault.jpg\" alt=\"Miniatura wideo\">\r\n        <\/div>\r\n    <\/div>\r\n<\/div>\r\n\r\n<div class=\"popup\" id=\"videoPopup\" style=\"display:none; position:fixed; top:25vh; left:25vw; width:50vw; height:50vh; background:rgba(0,0,0,0.9); justify-content:center; align-items:center; z-index:10000; overflow:hidden; border-radius:10px;\">\r\n    <span class=\"close-btn\" style=\"position:absolute; top:10px; right:10px; font-size:30px; color:white; cursor:pointer; background:black; padding:5px; border-radius:5px; z-index:10001;\" onclick=\"closePopup()\">&times;<\/span>\r\n    <iframe id=\"youtubeVideo\" style=\"width:100%; height:100%; border:none; z-index:10000;\" allowfullscreen><\/iframe>\r\n<\/div>\r\n\r\n<script>\r\n    function openPopup() {\r\n        let popup = document.getElementById('videoPopup');\r\n        let iframe = document.getElementById('youtubeVideo');\r\n        iframe.src = \"https:\/\/www.youtube.com\/embed\/vNB6rQ3WF4k?autoplay=1\";\r\n        popup.style.display = \"flex\";\r\n        document.body.style.overflow = \"hidden\";\r\n    }\r\n\r\n    function closePopup() {\r\n        let popup = document.getElementById('videoPopup');\r\n        let iframe = document.getElementById('youtubeVideo');\r\n        iframe.src = \"\";\r\n        popup.style.display = \"none\";\r\n        document.body.style.overflow = \"auto\";\r\n    }\r\n<\/script>\r\n\t\t\t\t<\/div>\n\t\t\t\t<\/div>\n\t\t\t\t<div class=\"elementor-element elementor-element-2af8e4c elementor-widget elementor-widget-html\" data-id=\"2af8e4c\" data-element_type=\"widget\" data-e-type=\"widget\" data-widget_type=\"html.default\">\n\t\t\t\t<div class=\"elementor-widget-container\">\n\t\t\t\t\t<div class=\"video-info\">\r\n    <h4 style=\"text-align:center; color:#134024;\">Egzamin z j\u0119zyka polskiego (film 1.)<\/h4> <!-- Zmieniony tytu\u0142 -->\r\n    <div class=\"video-container\">\r\n        <div class=\"thumbnail-container\" onclick=\"openPopup()\">\r\n            <img decoding=\"async\" src=\"https:\/\/img.youtube.com\/vi\/atObI8W6wi8\/hqdefault.jpg\" alt=\"Miniatura wideo\">\r\n        <\/div>\r\n    <\/div>\r\n<\/div>\r\n\r\n<div class=\"popup\" id=\"videoPopup\" style=\"display:none; position:fixed; top:25vh; left:25vw; width:50vw; height:50vh; background:rgba(0,0,0,0.9); justify-content:center; align-items:center; z-index:10000; overflow:hidden; border-radius:10px;\">\r\n    <span class=\"close-btn\" style=\"position:absolute; top:10px; right:10px; font-size:30px; color:white; cursor:pointer; background:black; padding:5px; border-radius:5px; z-index:10001;\" onclick=\"closePopup()\">&times;<\/span>\r\n    <iframe id=\"youtubeVideo\" style=\"width:100%; height:100%; border:none; z-index:10000;\" allowfullscreen><\/iframe>\r\n<\/div>\r\n\r\n<script>\r\n    function openPopup() {\r\n        let popup = document.getElementById('videoPopup');\r\n        let iframe = document.getElementById('youtubeVideo');\r\n        iframe.src = \"https:\/\/www.youtube.com\/embed\/atObI8W6wi8?autoplay=1\";  <!-- Zmieniony link do nowego filmu -->\r\n        popup.style.display = \"flex\";\r\n        document.body.style.overflow = \"hidden\";\r\n    }\r\n\r\n    function closePopup() {\r\n        let popup = document.getElementById('videoPopup');\r\n        let iframe = document.getElementById('youtubeVideo');\r\n        iframe.src = \"\";\r\n        popup.style.display = \"none\";\r\n        document.body.style.overflow = \"auto\";\r\n    }\r\n<\/script>\r\n\t\t\t\t<\/div>\n\t\t\t\t<\/div>\n\t\t\t\t<div class=\"elementor-element elementor-element-986dc4b elementor-widget elementor-widget-html\" data-id=\"986dc4b\" data-element_type=\"widget\" data-e-type=\"widget\" data-widget_type=\"html.default\">\n\t\t\t\t<div class=\"elementor-widget-container\">\n\t\t\t\t\t<div class=\"video-info\">\r\n    <h4 style=\"text-align:center; color:#134024;\">Egzamin z j\u0119zyka polskiego (film 2.)<\/h4> <!-- Zmieniony tytu\u0142 -->\r\n    <div class=\"video-container\">\r\n        <div class=\"thumbnail-container\" onclick=\"openPopup()\">\r\n            <img decoding=\"async\" src=\"https:\/\/img.youtube.com\/vi\/3igTaFPKgwg\/hqdefault.jpg\" alt=\"Miniatura wideo\">\r\n        <\/div>\r\n    <\/div>\r\n<\/div>\r\n\r\n<div class=\"popup\" id=\"videoPopup\" style=\"display:none; position:fixed; top:25vh; left:25vw; width:50vw; height:50vh; background:rgba(0,0,0,0.9); justify-content:center; align-items:center; z-index:10000; overflow:hidden; border-radius:10px;\">\r\n    <span class=\"close-btn\" style=\"position:absolute; top:10px; right:10px; font-size:30px; color:white; cursor:pointer; background:black; padding:5px; border-radius:5px; z-index:10001;\" onclick=\"closePopup()\">&times;<\/span>\r\n    <iframe id=\"youtubeVideo\" style=\"width:100%; height:100%; border:none; z-index:10000;\" allowfullscreen><\/iframe>\r\n<\/div>\r\n\r\n<script>\r\n    function openPopup() {\r\n        let popup = document.getElementById('videoPopup');\r\n        let iframe = document.getElementById('youtubeVideo');\r\n        iframe.src = \"https:\/\/www.youtube.com\/embed\/3igTaFPKgwg?autoplay=1\";  <!-- Zmieniony link do nowego filmu -->\r\n        popup.style.display = \"flex\";\r\n        document.body.style.overflow = \"hidden\";\r\n    }\r\n\r\n    function closePopup() {\r\n        let popup = document.getElementById('videoPopup');\r\n        let iframe = document.getElementById('youtubeVideo');\r\n        iframe.src = \"\";\r\n        popup.style.display = \"none\";\r\n        document.body.style.overflow = \"auto\";\r\n    }\r\n<\/script>\r\n\t\t\t\t<\/div>\n\t\t\t\t<\/div>\n\t\t\t\t<div class=\"elementor-element elementor-element-7d931ad elementor-widget elementor-widget-html\" data-id=\"7d931ad\" data-element_type=\"widget\" data-e-type=\"widget\" data-widget_type=\"html.default\">\n\t\t\t\t<div class=\"elementor-widget-container\">\n\t\t\t\t\t<div class=\"video-info\">\r\n    <h4 style=\"text-align:center; color:#134024;\">Egzamin z matematyki<\/h4> <!-- Zmieniony tytu\u0142 -->\r\n    <div class=\"video-container\">\r\n        <div class=\"thumbnail-container\" onclick=\"openPopup()\">\r\n            <img decoding=\"async\" src=\"https:\/\/img.youtube.com\/vi\/0H66qYEVE-8\/hqdefault.jpg\" alt=\"Miniatura wideo\">\r\n        <\/div>\r\n    <\/div>\r\n<\/div>\r\n\r\n<div class=\"popup\" id=\"videoPopup\" style=\"display:none; position:fixed; top:25vh; left:25vw; width:50vw; height:50vh; background:rgba(0,0,0,0.9); justify-content:center; align-items:center; z-index:10000; overflow:hidden; border-radius:10px;\">\r\n    <span class=\"close-btn\" style=\"position:absolute; top:10px; right:10px; font-size:30px; color:white; cursor:pointer; background:black; padding:5px; border-radius:5px; z-index:10001;\" onclick=\"closePopup()\">&times;<\/span>\r\n    <iframe id=\"youtubeVideo\" style=\"width:100%; height:100%; border:none; z-index:10000;\" allowfullscreen><\/iframe>\r\n<\/div>\r\n\r\n<script>\r\n    function openPopup() {\r\n        let popup = document.getElementById('videoPopup');\r\n        let iframe = document.getElementById('youtubeVideo');\r\n        iframe.src = \"https:\/\/www.youtube.com\/embed\/0H66qYEVE-8?autoplay=1\";  <!-- Zmieniony link do nowego filmu -->\r\n        popup.style.display = \"flex\";\r\n        document.body.style.overflow = \"hidden\";\r\n    }\r\n\r\n    function closePopup() {\r\n        let popup = document.getElementById('videoPopup');\r\n        let iframe = document.getElementById('youtubeVideo');\r\n        iframe.src = \"\";\r\n        popup.style.display = \"none\";\r\n        document.body.style.overflow = \"auto\";\r\n    }\r\n<\/script>\r\n\t\t\t\t<\/div>\n\t\t\t\t<\/div>\n\t\t\t\t<div class=\"elementor-element elementor-element-3907874 elementor-widget elementor-widget-html\" data-id=\"3907874\" data-element_type=\"widget\" data-e-type=\"widget\" data-widget_type=\"html.default\">\n\t\t\t\t<div class=\"elementor-widget-container\">\n\t\t\t\t\t<div class=\"video-info\">\r\n    <h4 style=\"text-align:center; color:#134024;\">Egzamin z j\u0119zyka obcego<\/h4> <!-- Zmieniony tytu\u0142 -->\r\n    <div class=\"video-container\">\r\n        <div class=\"thumbnail-container\" onclick=\"openPopup()\">\r\n            <img decoding=\"async\" src=\"https:\/\/img.youtube.com\/vi\/T4bdefH6s20\/hqdefault.jpg\" alt=\"Miniatura wideo\">\r\n        <\/div>\r\n    <\/div>\r\n<\/div>\r\n\r\n<div class=\"popup\" id=\"videoPopup\" style=\"display:none; position:fixed; top:25vh; left:25vw; width:50vw; height:50vh; background:rgba(0,0,0,0.9); justify-content:center; align-items:center; z-index:10000; overflow:hidden; border-radius:10px;\">\r\n    <span class=\"close-btn\" style=\"position:absolute; top:10px; right:10px; font-size:30px; color:white; cursor:pointer; background:black; padding:5px; border-radius:5px; z-index:10001;\" onclick=\"closePopup()\">&times;<\/span>\r\n    <iframe id=\"youtubeVideo\" style=\"width:100%; height:100%; border:none; z-index:10000;\" allowfullscreen><\/iframe>\r\n<\/div>\r\n\r\n<script>\r\n    function openPopup() {\r\n        let popup = document.getElementById('videoPopup');\r\n        let iframe = document.getElementById('youtubeVideo');\r\n        iframe.src = \"https:\/\/www.youtube.com\/embed\/T4bdefH6s20?autoplay=1\";  <!-- Zmieniony link do nowego filmu -->\r\n        popup.style.display = \"flex\";\r\n        document.body.style.overflow = \"hidden\";\r\n    }\r\n\r\n    function closePopup() {\r\n        let popup = document.getElementById('videoPopup');\r\n        let iframe = document.getElementById('youtubeVideo');\r\n        iframe.src = \"\";\r\n        popup.style.display = \"none\";\r\n        document.body.style.overflow = \"auto\";\r\n    }\r\n<\/script>\r\n\t\t\t\t<\/div>\n\t\t\t\t<\/div>\n\t\t\t\t<\/div>\n\t\t\t\t<div class=\"elementor-element elementor-element-687d16f elementor-widget-divider--separator-type-pattern elementor-widget-divider--view-line elementor-widget elementor-widget-divider\" data-id=\"687d16f\" data-element_type=\"widget\" data-e-type=\"widget\" data-widget_type=\"divider.default\">\n\t\t\t\t<div class=\"elementor-widget-container\">\n\t\t\t\t\t\t\t<div class=\"elementor-divider\" style=\"--divider-pattern-url: url(&quot;data:image\/svg+xml,%3Csvg xmlns=&#039;http:\/\/www.w3.org\/2000\/svg&#039; preserveAspectRatio=&#039;none&#039; overflow=&#039;visible&#039; height=&#039;100%&#039; viewBox=&#039;0 0 24 24&#039; fill=&#039;none&#039; stroke=&#039;black&#039; stroke-width=&#039;1&#039; stroke-linecap=&#039;square&#039; stroke-miterlimit=&#039;10&#039;%3E%3Cpath d=&#039;M0,21c3.3,0,8.3-0.9,15.7-7.1c6.6-5.4,4.4-9.3,2.4-10.3c-3.4-1.8-7.7,1.3-7.3,8.8C11.2,20,17.1,21,24,21&#039;\/%3E%3C\/svg%3E&quot;);\">\n\t\t\t<span class=\"elementor-divider-separator\">\n\t\t\t\t\t\t<\/span>\n\t\t<\/div>\n\t\t\t\t\t\t<\/div>\n\t\t\t\t<\/div>\n\t\t\t\t\t<\/div>\n\t\t\t\t<\/div>\n\t\t\t\t<\/div>\n\t\t","protected":false},"excerpt":{"rendered":"<p>Przygotuj si\u0119 do egzaminu z nami! Rozpocznij nauk\u0119 z j\u0119zyka polskiego Rozpocznij nauk\u0119 z j\u0119zyka angielskiego Rozpocznij nauk\u0119 z matematyki Poradnik ucznia O egzaminie \u00f3smoklasisty INFORMACJE OG\u00d3LNE &times; Egzamin z j\u0119zyka polskiego (film 1.) &times; Egzamin z j\u0119zyka polskiego (film 2.) &times; Egzamin z matematyki &times; Egzamin z j\u0119zyka obcego &times;<\/p>\n","protected":false},"author":1,"featured_media":0,"parent":0,"menu_order":0,"comment_status":"closed","ping_status":"closed","template":"page-templates\/page-with-right-sidebar.php","meta":{"rop_custom_images_group":[],"rop_custom_messages_group":[],"rop_publish_now":"initial","rop_publish_now_accounts":[],"rop_publish_now_history":[],"rop_publish_now_status":"pending","footnotes":""},"class_list":["post-7524","page","type-page","status-publish","hentry"],"_links":{"self":[{"href":"http:\/\/sp91krakow.pl\/sp91\/wp-json\/wp\/v2\/pages\/7524","targetHints":{"allow":["GET"]}}],"collection":[{"href":"http:\/\/sp91krakow.pl\/sp91\/wp-json\/wp\/v2\/pages"}],"about":[{"href":"http:\/\/sp91krakow.pl\/sp91\/wp-json\/wp\/v2\/types\/page"}],"author":[{"embeddable":true,"href":"http:\/\/sp91krakow.pl\/sp91\/wp-json\/wp\/v2\/users\/1"}],"replies":[{"embeddable":true,"href":"http:\/\/sp91krakow.pl\/sp91\/wp-json\/wp\/v2\/comments?post=7524"}],"version-history":[{"count":89,"href":"http:\/\/sp91krakow.pl\/sp91\/wp-json\/wp\/v2\/pages\/7524\/revisions"}],"predecessor-version":[{"id":17272,"href":"http:\/\/sp91krakow.pl\/sp91\/wp-json\/wp\/v2\/pages\/7524\/revisions\/17272"}],"wp:attachment":[{"href":"http:\/\/sp91krakow.pl\/sp91\/wp-json\/wp\/v2\/media?parent=7524"}],"curies":[{"name":"wp","href":"https:\/\/api.w.org\/{rel}","templated":true}]}}