{"id":7601,"date":"2022-11-24T08:20:46","date_gmt":"2022-11-24T07:20:46","guid":{"rendered":"http:\/\/sp91krakow.pl\/sp91\/?page_id=7601"},"modified":"2022-11-24T08:22:56","modified_gmt":"2022-11-24T07:22:56","slug":"grupy-socjoterapeutyczne","status":"publish","type":"page","link":"http:\/\/sp91krakow.pl\/sp91\/grupy-socjoterapeutyczne\/","title":{"rendered":"Grupy socjoterapeutyczne"},"content":{"rendered":"<p><span style=\"color: #000000;\"><strong>Spotkania grupy odbywaj\u0105 si\u0119 raz w tygodniu na Podg\u00f3rzu w czwartki w godzinach:<\/strong><\/span><\/p>\n<ul>\n<li><span style=\"color: #000000;\"><strong> 16.30 &#8211; 18.00 (grupa m\u0142odsza, 13 -15 lat),<\/strong><\/span><\/li>\n<li><span style=\"color: #000000;\"><strong>18.30 &#8211; 20.00 (grupa starsza, 16 -18 lat).<\/strong><\/span><\/li>\n<\/ul>\n<p><a href=\"http:\/\/sp91krakow.pl\/sp91\/wp-content\/uploads\/2022\/11\/Zrzut-ekranu-4.png\"><img fetchpriority=\"high\" decoding=\"async\" class=\"aligncenter wp-image-7602 size-large\" src=\"http:\/\/sp91krakow.pl\/sp91\/wp-content\/uploads\/2022\/11\/Zrzut-ekranu-4-743x1024.png\" width=\"743\" height=\"1024\" srcset=\"http:\/\/sp91krakow.pl\/sp91\/wp-content\/uploads\/2022\/11\/Zrzut-ekranu-4-743x1024.png 743w, http:\/\/sp91krakow.pl\/sp91\/wp-content\/uploads\/2022\/11\/Zrzut-ekranu-4-218x300.png 218w, http:\/\/sp91krakow.pl\/sp91\/wp-content\/uploads\/2022\/11\/Zrzut-ekranu-4-768x1059.png 768w, http:\/\/sp91krakow.pl\/sp91\/wp-content\/uploads\/2022\/11\/Zrzut-ekranu-4-1114x1536.png 1114w, http:\/\/sp91krakow.pl\/sp91\/wp-content\/uploads\/2022\/11\/Zrzut-ekranu-4-1024x1412.png 1024w, http:\/\/sp91krakow.pl\/sp91\/wp-content\/uploads\/2022\/11\/Zrzut-ekranu-4-783x1080.png 783w, http:\/\/sp91krakow.pl\/sp91\/wp-content\/uploads\/2022\/11\/Zrzut-ekranu-4.png 1278w\" sizes=\"(max-width: 743px) 100vw, 743px\" \/><\/a><\/p>\n","protected":false},"excerpt":{"rendered":"<p>Spotkania grupy odbywaj\u0105 si\u0119 raz w tygodniu na Podg\u00f3rzu w czwartki w godzinach: 16.30 &#8211; 18.00 (grupa m\u0142odsza, 13 -15 lat), 18.30 &#8211; 20.00 (grupa starsza, 16 -18 lat).<\/p>\n","protected":false},"author":1,"featured_media":0,"parent":0,"menu_order":0,"comment_status":"closed","ping_status":"closed","template":"","meta":{"rop_custom_images_group":[],"rop_custom_messages_group":[],"rop_publish_now":"initial","rop_publish_now_accounts":[],"rop_publish_now_history":[],"rop_publish_now_status":"pending","footnotes":""},"class_list":["post-7601","page","type-page","status-publish","hentry"],"_links":{"self":[{"href":"http:\/\/sp91krakow.pl\/sp91\/wp-json\/wp\/v2\/pages\/7601","targetHints":{"allow":["GET"]}}],"collection":[{"href":"http:\/\/sp91krakow.pl\/sp91\/wp-json\/wp\/v2\/pages"}],"about":[{"href":"http:\/\/sp91krakow.pl\/sp91\/wp-json\/wp\/v2\/types\/page"}],"author":[{"embeddable":true,"href":"http:\/\/sp91krakow.pl\/sp91\/wp-json\/wp\/v2\/users\/1"}],"replies":[{"embeddable":true,"href":"http:\/\/sp91krakow.pl\/sp91\/wp-json\/wp\/v2\/comments?post=7601"}],"version-history":[{"count":3,"href":"http:\/\/sp91krakow.pl\/sp91\/wp-json\/wp\/v2\/pages\/7601\/revisions"}],"predecessor-version":[{"id":7605,"href":"http:\/\/sp91krakow.pl\/sp91\/wp-json\/wp\/v2\/pages\/7601\/revisions\/7605"}],"wp:attachment":[{"href":"http:\/\/sp91krakow.pl\/sp91\/wp-json\/wp\/v2\/media?parent=7601"}],"curies":[{"name":"wp","href":"https:\/\/api.w.org\/{rel}","templated":true}]}}