{"id":7728,"date":"2022-12-09T09:05:56","date_gmt":"2022-12-09T08:05:56","guid":{"rendered":"http:\/\/sp91krakow.pl\/sp91\/?page_id=7728"},"modified":"2022-12-09T09:07:00","modified_gmt":"2022-12-09T08:07:00","slug":"program-su-w-ak","status":"publish","type":"page","link":"http:\/\/sp91krakow.pl\/sp91\/program-su-w-ak\/","title":{"rendered":"PROGRAM #SU-W-Ak"},"content":{"rendered":"<p><a href=\"http:\/\/sp91krakow.pl\/sp91\/wp-content\/uploads\/2022\/12\/Szkola-uczestniczy-w-programie-SU-w-ak-kopia.jpg\"><img fetchpriority=\"high\" decoding=\"async\" class=\"aligncenter size-full wp-image-7730\" src=\"http:\/\/sp91krakow.pl\/sp91\/wp-content\/uploads\/2022\/12\/Szkola-uczestniczy-w-programie-SU-w-ak-kopia.jpg\" alt=\"\" width=\"960\" height=\"421\" srcset=\"http:\/\/sp91krakow.pl\/sp91\/wp-content\/uploads\/2022\/12\/Szkola-uczestniczy-w-programie-SU-w-ak-kopia.jpg 960w, http:\/\/sp91krakow.pl\/sp91\/wp-content\/uploads\/2022\/12\/Szkola-uczestniczy-w-programie-SU-w-ak-kopia-300x132.jpg 300w, http:\/\/sp91krakow.pl\/sp91\/wp-content\/uploads\/2022\/12\/Szkola-uczestniczy-w-programie-SU-w-ak-kopia-768x337.jpg 768w\" sizes=\"(max-width: 960px) 100vw, 960px\" \/><\/a><\/p>\n<p style=\"text-align: justify;\">\u00a0<\/p>\n<p style=\"text-align: justify;\"><span style=\"color: #000080;\"><strong>W Naszej Szkole, w obecnym roku szkolnym, realizowany jest Program Wsparcia Samorz\u0105d\u00f3w Uczniowskich #SU-w-ak w ramach programu aktywnego uczestnictwa m\u0142odzie\u017cy w \u017cyciu miasta \u201eM\u0142ody Krak\u00f3w 2.0\u201d.<\/strong><\/span><\/p>\n<p style=\"text-align: justify;\"><span style=\"color: #000080;\"><strong>Program #SU-w-ak jest finansowany ze \u015brodk\u00f3w Gminy Miejskiej Krak\u00f3w.<\/strong><\/span><br \/><span style=\"color: #000080;\"><strong>Operatorem programu jest Fundacja O\u015bwiatowa im. ks. Stanis\u0142awa Konarskiego.<\/strong><\/span><\/p>\n<p>&nbsp;<\/p>\n<p><a href=\"http:\/\/sp91krakow.pl\/sp91\/wp-content\/uploads\/2022\/12\/Su-w-ak-logo-ost-300x93-1.png\"><img decoding=\"async\" class=\"aligncenter size-full wp-image-7731\" src=\"http:\/\/sp91krakow.pl\/sp91\/wp-content\/uploads\/2022\/12\/Su-w-ak-logo-ost-300x93-1.png\" alt=\"\" width=\"300\" height=\"93\" \/><\/a><\/p>\n<p style=\"text-align: justify;\"><span style=\"color: #000080;\"><strong>Celem programu jest aktywizowanie samorz\u0105d\u00f3w uczniowskich, promocja samorz\u0105dno\u015bci uczniowskiej w szko\u0142ach, finansowe wsparcie dzia\u0142alno\u015bci samorz\u0105d\u00f3w uczniowskich krakowskich szk\u00f3\u0142 podstawowych i ponadpodstawowych oraz podnoszenie umiej\u0119tno\u015bci organizacyjnych organ\u00f3w samorz\u0105d\u00f3w uczniowskich.<\/strong><\/span><\/p>\n<p style=\"text-align: justify;\"><span style=\"color: #000080;\"><strong>W klasach 4, w grudniu, jest realizowany projekt: Warsztaty Bo\u017conarodzeniowe. Zakup materia\u0142\u00f3w niezb\u0119dnych do przeprowadzenia warsztat\u00f3w zosta\u0142 sfinansowany z \u015brodk\u00f3w Gminy Miejskiej Krak\u00f3w w ramach\u00a0Programu Wsparcia Samorz\u0105d\u00f3w Uczniowskich #SU-w-ak (\u201eSamorz\u0105d Uczniowski w Akcji\u201d), kt\u00f3rego operatorem jest Fundacja O\u015bwiatowa im. ks. Stanis\u0142awa Konarskiego w Krakowie.<\/strong><\/span><\/p>\n<p style=\"text-align: justify;\"><span style=\"color: #000080;\"><strong>Koordynatorzy programu: Grzegorz W\u0142odarczyk, Monika B\u0142a\u017cowska, Barbara Bielawska, Aleksandra B\u0142a\u017cewicz.<\/strong><\/span><\/p>\n<p>&nbsp;<\/p>\n<p><a href=\"http:\/\/sp91krakow.pl\/sp91\/wp-content\/uploads\/2022\/12\/fb_Szkola-uczestniczy-w-programie-SU-w-ak-kopia.jpg\"><img decoding=\"async\" class=\"aligncenter size-full wp-image-7729\" src=\"http:\/\/sp91krakow.pl\/sp91\/wp-content\/uploads\/2022\/12\/fb_Szkola-uczestniczy-w-programie-SU-w-ak-kopia.jpg\" alt=\"\" width=\"702\" height=\"801\" srcset=\"http:\/\/sp91krakow.pl\/sp91\/wp-content\/uploads\/2022\/12\/fb_Szkola-uczestniczy-w-programie-SU-w-ak-kopia.jpg 702w, http:\/\/sp91krakow.pl\/sp91\/wp-content\/uploads\/2022\/12\/fb_Szkola-uczestniczy-w-programie-SU-w-ak-kopia-263x300.jpg 263w\" sizes=\"(max-width: 702px) 100vw, 702px\" \/><\/a><\/p>\n","protected":false},"excerpt":{"rendered":"<p>\u00a0 W Naszej Szkole, w obecnym roku szkolnym, realizowany jest Program Wsparcia Samorz\u0105d\u00f3w Uczniowskich #SU-w-ak w ramach programu aktywnego uczestnictwa m\u0142odzie\u017cy w \u017cyciu miasta \u201eM\u0142ody Krak\u00f3w 2.0\u201d. Program #SU-w-ak jest finansowany ze \u015brodk\u00f3w Gminy Miejskiej Krak\u00f3w.Operatorem programu jest Fundacja O\u015bwiatowa im. ks. Stanis\u0142awa Konarskiego. &nbsp; Celem programu jest aktywizowanie samorz\u0105d\u00f3w uczniowskich, promocja samorz\u0105dno\u015bci uczniowskiej w&hellip; <br \/> <a class=\"read-more\" href=\"http:\/\/sp91krakow.pl\/sp91\/program-su-w-ak\/\">Dowiedz si\u0119 wi\u0119cej<\/a><\/p>\n","protected":false},"author":1,"featured_media":0,"parent":0,"menu_order":0,"comment_status":"closed","ping_status":"closed","template":"","meta":{"rop_custom_images_group":[],"rop_custom_messages_group":[],"rop_publish_now":"initial","rop_publish_now_accounts":[],"rop_publish_now_history":[],"rop_publish_now_status":"pending","footnotes":""},"class_list":["post-7728","page","type-page","status-publish","hentry"],"_links":{"self":[{"href":"http:\/\/sp91krakow.pl\/sp91\/wp-json\/wp\/v2\/pages\/7728","targetHints":{"allow":["GET"]}}],"collection":[{"href":"http:\/\/sp91krakow.pl\/sp91\/wp-json\/wp\/v2\/pages"}],"about":[{"href":"http:\/\/sp91krakow.pl\/sp91\/wp-json\/wp\/v2\/types\/page"}],"author":[{"embeddable":true,"href":"http:\/\/sp91krakow.pl\/sp91\/wp-json\/wp\/v2\/users\/1"}],"replies":[{"embeddable":true,"href":"http:\/\/sp91krakow.pl\/sp91\/wp-json\/wp\/v2\/comments?post=7728"}],"version-history":[{"count":2,"href":"http:\/\/sp91krakow.pl\/sp91\/wp-json\/wp\/v2\/pages\/7728\/revisions"}],"predecessor-version":[{"id":7733,"href":"http:\/\/sp91krakow.pl\/sp91\/wp-json\/wp\/v2\/pages\/7728\/revisions\/7733"}],"wp:attachment":[{"href":"http:\/\/sp91krakow.pl\/sp91\/wp-json\/wp\/v2\/media?parent=7728"}],"curies":[{"name":"wp","href":"https:\/\/api.w.org\/{rel}","templated":true}]}}