{"id":8806,"date":"2023-04-19T10:51:43","date_gmt":"2023-04-19T08:51:43","guid":{"rendered":"http:\/\/sp91krakow.pl\/sp91\/?page_id=8806"},"modified":"2023-04-19T10:51:43","modified_gmt":"2023-04-19T08:51:43","slug":"dzieciecy-telefon-zaufania-rpo","status":"publish","type":"page","link":"http:\/\/sp91krakow.pl\/sp91\/dzieciecy-telefon-zaufania-rpo\/","title":{"rendered":"Dzieci\u0119cy Telefon Zaufania RPO"},"content":{"rendered":"<p><a href=\"http:\/\/sp91krakow.pl\/sp91\/wp-content\/uploads\/2023\/04\/0001-2-scaled-1.jpg\"><img fetchpriority=\"high\" decoding=\"async\" class=\"aligncenter size-full wp-image-8807\" src=\"http:\/\/sp91krakow.pl\/sp91\/wp-content\/uploads\/2023\/04\/0001-2-scaled-1.jpg\" alt=\"\" width=\"1865\" height=\"2560\" srcset=\"http:\/\/sp91krakow.pl\/sp91\/wp-content\/uploads\/2023\/04\/0001-2-scaled-1.jpg 1865w, http:\/\/sp91krakow.pl\/sp91\/wp-content\/uploads\/2023\/04\/0001-2-scaled-1-219x300.jpg 219w, http:\/\/sp91krakow.pl\/sp91\/wp-content\/uploads\/2023\/04\/0001-2-scaled-1-746x1024.jpg 746w, http:\/\/sp91krakow.pl\/sp91\/wp-content\/uploads\/2023\/04\/0001-2-scaled-1-768x1054.jpg 768w, http:\/\/sp91krakow.pl\/sp91\/wp-content\/uploads\/2023\/04\/0001-2-scaled-1-1119x1536.jpg 1119w, http:\/\/sp91krakow.pl\/sp91\/wp-content\/uploads\/2023\/04\/0001-2-scaled-1-1492x2048.jpg 1492w, http:\/\/sp91krakow.pl\/sp91\/wp-content\/uploads\/2023\/04\/0001-2-scaled-1-1024x1406.jpg 1024w, http:\/\/sp91krakow.pl\/sp91\/wp-content\/uploads\/2023\/04\/0001-2-scaled-1-787x1080.jpg 787w\" sizes=\"(max-width: 1865px) 100vw, 1865px\" \/><\/a><\/p>\n<p>&nbsp;<\/p>\n<p style=\"text-align: center;\"><span style=\"color: #000000; font-size: 24px;\">Dr\u0119cz\u0105 Ci\u0119 w szkole, bij\u0105 na podw\u00f3rku, boisz si\u0119 wychodzi\u0107 z domu? Sta\u0142e\u015b si\u0119 celem ataku w internecie, jest hejt na Ciebie, kto\u015b wpu\u015bci\u0142 do sieci Twoje kompromituj\u0105ce zdj\u0119cie? Zosta\u0142e\u015b sam, pogubi\u0142e\u015b si\u0119 w \u017cyciu, straci\u0142e\u015b przyjaciela, nie masz z kim pogada\u0107?<\/span><\/p>\n<p style=\"text-align: center;\"><span style=\"color: #000000; font-size: 24px;\">Nie jeste\u015b sam! Zadzwo\u0144 pod numer 800 12 12 12. To telefon zaufania Rzecznika Praw Dziecka. Mo\u017cesz te\u017c napisa\u0107 do ekspert\u00f3w na czacie, kt\u00f3ry znajdziesz na stronie Rzecznika: <a href=\"http:\/\/www.brpd.gov.pl\" data-saferedirecturl=\"https:\/\/www.google.com\/url?q=http:\/\/www.brpd.gov.pl&amp;source=gmail&amp;ust=1681980280907000&amp;usg=AOvVaw1H7JyheN_SC-3aEWifHJEa\" style=\"color: #000000;\">www.brpd.gov.pl<\/a><\/span><\/p>\n<p style=\"text-align: center;\"><span style=\"color: #000000; font-size: 24px;\">Czekaj\u0105 tam na Ciebie ludzie, kt\u00f3rzy Ci pomog\u0105. Za darmo. Nie musisz si\u0119 przedstawiasz ani m\u00f3wi\u0107, sk\u0105d dzwonisz. Mo\u017cesz pozosta\u0107 ca\u0142kowicie anonimowy. Nikt si\u0119 nie dowie o tej rozmowie, ani rodzice, ani szko\u0142a, ani znajomi. Eksperci z Telefonu Zaufania pomog\u0105 Ci rozwi\u0105za\u0107 Tw\u00f3j problem, wyja\u015bni\u0105, co robi\u0107, jak si\u0119 zachowa\u0107, gdzie znale\u017a\u0107 konkretne wsparcie.<\/span><\/p>\n<p style=\"text-align: center;\"><span style=\"color: #000000; font-size: 24px;\">Nie czekaj, nie tra\u0107 czasu, pom\u00f3\u017c sobie &#8211; zadzwo\u0144 800 12 12 12.<\/span><\/p>\n<p style=\"text-align: center;\"><span style=\"color: #000000; font-size: 24px;\">Uwaga! Telefon i czat internetowy s\u0105 czynne przez ca\u0142\u0105 dob\u0119, siedem dni w tygodniu.<\/span><\/p>\n<p style=\"text-align: center;\">\u00a0<\/p>\n<p style=\"text-align: center;\"><span style=\"color: #000000; font-size: 24px;\">Wi\u0119cej informacji na stronie:<\/span><\/p>\n<p style=\"text-align: center;\"><span style=\"color: #000000; font-size: 24px;\"><a href=\"https:\/\/brpd.gov.pl\/dzieciecy-telefon-zaufania-rzecznika-praw-dziecka\/\" data-saferedirecturl=\"https:\/\/www.google.com\/url?q=https:\/\/brpd.gov.pl\/dzieciecy-telefon-zaufania-rzecznika-praw-dziecka\/&amp;source=gmail&amp;ust=1681980280907000&amp;usg=AOvVaw008wWKEEJeEoDeG3qsiCMZ\" style=\"color: #000000;\">Dzieci\u0119cy Telefon Zaufania Rzecznika Praw Dziecka \u2013 Rzecznik Praw Dziecka (brpd.gov.pl)<\/a><\/span><\/p>\n<p style=\"text-align: center;\">\u00a0<\/p>\n<p style=\"text-align: center;\"><span style=\"color: #000000; font-size: 24px;\">Z\u0142o\u015b\u0107? Smutek? L\u0119k? Z nami mo\u017cesz porozmawia\u0107 o wszystkim\u2026<\/span><\/p>\n<p style=\"text-align: center;\"><a href=\"https:\/\/116111.pl\/\" data-saferedirecturl=\"https:\/\/www.google.com\/url?q=https:\/\/116111.pl\/&amp;source=gmail&amp;ust=1681980280907000&amp;usg=AOvVaw1XwTGoTIpB2m1bsFoM4XLP\"><span style=\"color: #000000; font-size: 24px;\">116111 &#8211; telefon zaufania dla dzieci i m\u0142odzie\u017cy<\/span><\/a><\/p>\n","protected":false},"excerpt":{"rendered":"<p>&nbsp; Dr\u0119cz\u0105 Ci\u0119 w szkole, bij\u0105 na podw\u00f3rku, boisz si\u0119 wychodzi\u0107 z domu? Sta\u0142e\u015b si\u0119 celem ataku w internecie, jest hejt na Ciebie, kto\u015b wpu\u015bci\u0142 do sieci Twoje kompromituj\u0105ce zdj\u0119cie? Zosta\u0142e\u015b sam, pogubi\u0142e\u015b si\u0119 w \u017cyciu, straci\u0142e\u015b przyjaciela, nie masz z kim pogada\u0107? Nie jeste\u015b sam! Zadzwo\u0144 pod numer 800 12 12 12. To telefon&hellip; <br \/> <a class=\"read-more\" href=\"http:\/\/sp91krakow.pl\/sp91\/dzieciecy-telefon-zaufania-rpo\/\">Dowiedz si\u0119 wi\u0119cej<\/a><\/p>\n","protected":false},"author":1,"featured_media":0,"parent":0,"menu_order":0,"comment_status":"closed","ping_status":"closed","template":"","meta":{"rop_custom_images_group":[],"rop_custom_messages_group":[],"rop_publish_now":"initial","rop_publish_now_accounts":[],"rop_publish_now_history":[],"rop_publish_now_status":"pending","footnotes":""},"class_list":["post-8806","page","type-page","status-publish","hentry"],"_links":{"self":[{"href":"http:\/\/sp91krakow.pl\/sp91\/wp-json\/wp\/v2\/pages\/8806","targetHints":{"allow":["GET"]}}],"collection":[{"href":"http:\/\/sp91krakow.pl\/sp91\/wp-json\/wp\/v2\/pages"}],"about":[{"href":"http:\/\/sp91krakow.pl\/sp91\/wp-json\/wp\/v2\/types\/page"}],"author":[{"embeddable":true,"href":"http:\/\/sp91krakow.pl\/sp91\/wp-json\/wp\/v2\/users\/1"}],"replies":[{"embeddable":true,"href":"http:\/\/sp91krakow.pl\/sp91\/wp-json\/wp\/v2\/comments?post=8806"}],"version-history":[{"count":4,"href":"http:\/\/sp91krakow.pl\/sp91\/wp-json\/wp\/v2\/pages\/8806\/revisions"}],"predecessor-version":[{"id":8811,"href":"http:\/\/sp91krakow.pl\/sp91\/wp-json\/wp\/v2\/pages\/8806\/revisions\/8811"}],"wp:attachment":[{"href":"http:\/\/sp91krakow.pl\/sp91\/wp-json\/wp\/v2\/media?parent=8806"}],"curies":[{"name":"wp","href":"https:\/\/api.w.org\/{rel}","templated":true}]}}