{"id":9031,"date":"2022-09-13T11:02:39","date_gmt":"2022-09-13T09:02:39","guid":{"rendered":"http:\/\/sp91krakow.pl\/sp91\/?page_id=9031"},"modified":"2023-05-15T10:58:04","modified_gmt":"2023-05-15T08:58:04","slug":"wos","status":"publish","type":"page","link":"http:\/\/sp91krakow.pl\/sp91\/wos\/","title":{"rendered":"WOS"},"content":{"rendered":"<p><span style=\"color: #000000;\"><strong>Poni\u017cej znajduj\u0105 si\u0119 najwa\u017cniejsze dokumenty dotycz\u0105ce przedmiotu wiedza o spo\u0142ecze\u0144stwie.<\/strong><\/span><\/p>\n<p><span style=\"color: #000080;\"><a href=\"http:\/\/sp91krakow.pl\/sp91\/wp-content\/uploads\/2023\/05\/konstytucja_rzeczypospolitej_polskiej.pdf\" style=\"color: #000080;\">Konstytucja Rzeczypospolitej Polskiej<\/a><\/span><\/p>\n<p><span style=\"color: #000080;\"><a href=\"http:\/\/sp91krakow.pl\/sp91\/wp-content\/uploads\/2023\/05\/WOS_SP_4_8_WOS_kl_8_Program_nauczania.pdf\" style=\"color: #000080;\">Program nauczania<\/a><\/span><\/p>\n<p><span style=\"color: #000080;\"><a href=\"http:\/\/sp91krakow.pl\/sp91\/wp-content\/uploads\/2023\/05\/WOS_SP_4_8_WOS_kl_8_Rozklad_material.pdf\" style=\"color: #000080;\">System oceniania<\/a><\/span><\/p>\n<p><a href=\"http:\/\/sp91krakow.pl\/sp91\/wp-content\/uploads\/2023\/05\/WOS_SP_4_8_WOS_kl_8_Rozklad_material.pdf\"><span style=\"color: #000080;\">Rozklad material<\/span><\/a><\/p>\n<p>&nbsp;<\/p>\n","protected":false},"excerpt":{"rendered":"<p>Poni\u017cej znajduj\u0105 si\u0119 najwa\u017cniejsze dokumenty dotycz\u0105ce przedmiotu wiedza o spo\u0142ecze\u0144stwie. Konstytucja Rzeczypospolitej Polskiej Program nauczania System oceniania Rozklad material &nbsp;<\/p>\n","protected":false},"author":1,"featured_media":0,"parent":0,"menu_order":0,"comment_status":"closed","ping_status":"closed","template":"","meta":{"rop_custom_images_group":[],"rop_custom_messages_group":[],"rop_publish_now":"initial","rop_publish_now_accounts":[],"rop_publish_now_history":[],"rop_publish_now_status":"pending","footnotes":""},"class_list":["post-9031","page","type-page","status-publish","hentry"],"_links":{"self":[{"href":"http:\/\/sp91krakow.pl\/sp91\/wp-json\/wp\/v2\/pages\/9031","targetHints":{"allow":["GET"]}}],"collection":[{"href":"http:\/\/sp91krakow.pl\/sp91\/wp-json\/wp\/v2\/pages"}],"about":[{"href":"http:\/\/sp91krakow.pl\/sp91\/wp-json\/wp\/v2\/types\/page"}],"author":[{"embeddable":true,"href":"http:\/\/sp91krakow.pl\/sp91\/wp-json\/wp\/v2\/users\/1"}],"replies":[{"embeddable":true,"href":"http:\/\/sp91krakow.pl\/sp91\/wp-json\/wp\/v2\/comments?post=9031"}],"version-history":[{"count":7,"href":"http:\/\/sp91krakow.pl\/sp91\/wp-json\/wp\/v2\/pages\/9031\/revisions"}],"predecessor-version":[{"id":9043,"href":"http:\/\/sp91krakow.pl\/sp91\/wp-json\/wp\/v2\/pages\/9031\/revisions\/9043"}],"wp:attachment":[{"href":"http:\/\/sp91krakow.pl\/sp91\/wp-json\/wp\/v2\/media?parent=9031"}],"curies":[{"name":"wp","href":"https:\/\/api.w.org\/{rel}","templated":true}]}}